{"id":1026096,"date":"2024-06-17T15:56:48","date_gmt":"2024-06-17T07:56:48","guid":{"rendered":"https:\/\/vimaterial.de\/product\/fluorure-de-bismuth\/"},"modified":"2024-10-25T10:24:56","modified_gmt":"2024-10-25T02:24:56","slug":"fluorure-de-bismuth","status":"publish","type":"product","link":"https:\/\/vimaterial.de\/fr\/product\/fluorure-de-bismuth\/","title":{"rendered":"Fluorure de bismuth"},"content":{"rendered":"<h3>Informations de base :<\/h3>\n<p>Formule chimique : BiF\u2083.<\/p>\n<p>Poids mol\u00e9culaire : 256,98 g\/mol.<\/p>\n<p>N\u00b0 CAS : 7787-61-3.<\/p>\n<p>Apparence\u00a0: Cristal blanc ou poudre cristalline.<\/p>\n<p>Densit\u00e9 : Relativement \u00e9lev\u00e9e, environ 8,3 g\/cm\u00b3 (25 \u00b0C).<\/p>\n<p>Point de fusion : 725\u00b0C \u00e0 730\u00b0C.<\/p>\n<p>Indice de r\u00e9fraction : 1,74.<\/p>\n<h3>Propri\u00e9t\u00e9s chimiques :<\/h3>\n<p>Solubilit\u00e9 : peut se dissoudre dans l\u2019acide fluorhydrique pour former des complexes, solubles dans les acides inorganiques, mais presque insolubles dans l\u2019eau. Il peut \u00eatre obtenu en dissolvant de l\u2019oxyde de bismuth ou de l\u2019hydroxyde de bismuth dans de l\u2019acide fluorhydrique aqueux.<\/p>\n<p>Forme d\u2019existence : il existe deux types de \u03b1 et de \u03b2. Le type \u03b1 produit par une m\u00e9thode sp\u00e9cifique peut \u00eatre transform\u00e9 en type \u03b2 lorsqu\u2019il est chauff\u00e9 \u00e0 220\u00b0C.<\/p>\n<h3>Domaine d\u2019application :<\/h3>\n<p>Champ optique\u00a0: Il peut \u00eatre utilis\u00e9 comme un composant important des mat\u00e9riaux de rev\u00eatement optique, utilis\u00e9 dans la fabrication de dispositifs optiques tels que des lentilles, des miroirs, etc., et peut am\u00e9liorer les performances des dispositifs optiques.<\/p>\n<p>Domaine m\u00e9tallurgique\u00a0: Fluorure de bismuth utilis\u00e9 comme fondant dans le processus m\u00e9tallurgique, en particulier dans la production de m\u00e9taux non ferreux. Fabrication du verre\u00a0: Le fluorure de bismuth ajout\u00e9 au verre peut am\u00e9liorer l\u2019indice de r\u00e9fraction du verre et am\u00e9liorer ses propri\u00e9t\u00e9s m\u00e9caniques.<\/p>\n<p>Synth\u00e8se chimique : utilis\u00e9 comme pr\u00e9curseur pour la synth\u00e8se de divers compos\u00e9s de bismuth, tels que le fluorure de bismuth, le vanadate de bismuth, le titanate de bismuth, etc.<\/p>\n","protected":false},"excerpt":{"rendered":"<p>Champ optique\u00a0: Il peut \u00eatre utilis\u00e9 comme un composant important des mat\u00e9riaux de rev\u00eatement optique, utilis\u00e9 dans la fabrication de dispositifs optiques tels que des lentilles, des miroirs, etc., et peut am\u00e9liorer les performances des dispositifs optiques.<\/p>\n<p>Domaine m\u00e9tallurgique\u00a0: Fluorure de bismuth utilis\u00e9 comme fondant dans le processus m\u00e9tallurgique, en particulier dans la production de m\u00e9taux non ferreux.<\/p>\n","protected":false},"featured_media":1033674,"comment_status":"open","ping_status":"closed","template":"","meta":{"_acf_changed":false},"product_brand":[],"product_cat":[239],"product_tag":[],"class_list":{"0":"post-1026096","1":"product","2":"type-product","3":"status-publish","4":"has-post-thumbnail","6":"product_cat-materiaux-halogenes","8":"first","9":"instock","10":"shipping-taxable","11":"purchasable","12":"product-type-variable"},"acf":[],"_links":{"self":[{"href":"https:\/\/vimaterial.de\/fr\/wp-json\/wp\/v2\/product\/1026096","targetHints":{"allow":["GET"]}}],"collection":[{"href":"https:\/\/vimaterial.de\/fr\/wp-json\/wp\/v2\/product"}],"about":[{"href":"https:\/\/vimaterial.de\/fr\/wp-json\/wp\/v2\/types\/product"}],"replies":[{"embeddable":true,"href":"https:\/\/vimaterial.de\/fr\/wp-json\/wp\/v2\/comments?post=1026096"}],"wp:featuredmedia":[{"embeddable":true,"href":"https:\/\/vimaterial.de\/fr\/wp-json\/wp\/v2\/media\/1033674"}],"wp:attachment":[{"href":"https:\/\/vimaterial.de\/fr\/wp-json\/wp\/v2\/media?parent=1026096"}],"wp:term":[{"taxonomy":"product_brand","embeddable":true,"href":"https:\/\/vimaterial.de\/fr\/wp-json\/wp\/v2\/product_brand?post=1026096"},{"taxonomy":"product_cat","embeddable":true,"href":"https:\/\/vimaterial.de\/fr\/wp-json\/wp\/v2\/product_cat?post=1026096"},{"taxonomy":"product_tag","embeddable":true,"href":"https:\/\/vimaterial.de\/fr\/wp-json\/wp\/v2\/product_tag?post=1026096"}],"curies":[{"name":"wp","href":"https:\/\/api.w.org\/{rel}","templated":true}]}}