{"id":1026093,"date":"2024-06-17T15:56:48","date_gmt":"2024-06-17T07:56:48","guid":{"rendered":"https:\/\/vimaterial.de\/product\/chlorure-de-bismuth\/"},"modified":"2024-10-25T10:15:32","modified_gmt":"2024-10-25T02:15:32","slug":"chlorure-de-bismuth","status":"publish","type":"product","link":"https:\/\/vimaterial.de\/fr\/product\/chlorure-de-bismuth\/","title":{"rendered":"Chlorure de bismuth"},"content":{"rendered":"<h3>Informations de base :<\/h3>\n<p>Formule chimique : BiCl\u2083.<\/p>\n<p>Poids mol\u00e9culaire : 315,34 g\/mol.<\/p>\n<p>N\u00b0 CAS : 7787-60-2.<\/p>\n<p>Aspect : poudre cristalline g\u00e9n\u00e9ralement blanche ou l\u00e9g\u00e8rement jaun\u00e2tre.<\/p>\n<p>Densit\u00e9 : 4,75 g\/cm\u00b3.<\/p>\n<p>Point de fusion : 230 &#8211; 232\u00b0C.<\/p>\n<p>Point d\u2019\u00e9bullition : 447\u00b0C.<\/p>\n<p>Solubilit\u00e9 : soluble dans l\u2019acide chlorhydrique, l\u2019acide nitrique, l\u2019\u00e9thanol anhydre, l\u2019ac\u00e9tone et l\u2019ac\u00e9tate d\u2019\u00e9thyle.<\/p>\n<h3>Propri\u00e9t\u00e9s chimiques :<\/h3>\n<p>Hydrolyse : il se d\u00e9liquesc facilement dans l\u2019air et subira une r\u00e9action d\u2019hydrolyse lorsqu\u2019il rencontrera de l\u2019eau, g\u00e9n\u00e9rant de l\u2019oxychlorure de bismuth et lib\u00e9rant du chlorure d\u2019hydrog\u00e8ne.<\/p>\n<p>Propri\u00e9t\u00e9s oxydantes et r\u00e9ductrices : en pr\u00e9sence d\u2019un agent oxydant ou r\u00e9ducteur, le BiCl\u2083 peut catalyser des r\u00e9actions oxydantes ou r\u00e9ductrices.<\/p>\n<p>M\u00e9thode de pr\u00e9paration : L\u2019oxyde de bismuth peut \u00eatre ajout\u00e9 \u00e0 de l\u2019acide chlorhydrique analytiquement pur qui est chauff\u00e9 au pr\u00e9alable \u00e0 une certaine temp\u00e9rature (exc\u00e8s d\u2019acide chlorhydrique), et une solution transparente de chlorure de bismuth peut \u00eatre obtenue apr\u00e8s une p\u00e9riode de r\u00e9action.<\/p>\n<h3>Domaine d\u2019application :<\/h3>\n<p>R\u00e9actif analytique : Le chlorure de bismuth est utilis\u00e9 pour l\u2019analyse et la d\u00e9tection de substances. Fabrication du sel de bismuth : c\u2019est une mati\u00e8re premi\u00e8re importante pour la pr\u00e9paration d\u2019autres sels de bismuth.<\/p>\n<p>Catalyseur : Il peut \u00eatre utilis\u00e9 comme catalyseur dans de nombreuses r\u00e9actions organiques, telles que la r\u00e9action de Friedel-Crafts, la r\u00e9action de Diels-Alder, la r\u00e9action de Mannich, la r\u00e9action de d\u00e9protection de l\u2019ac\u00e9tal, etc.<\/p>\n","protected":false},"excerpt":{"rendered":"<p>R\u00e9actif analytique : Le chlorure de bismuth est utilis\u00e9 pour l\u2019analyse et la d\u00e9tection de substances.<\/p>\n<p>Fabrication du sel de bismuth : c\u2019est une mati\u00e8re premi\u00e8re importante pour la pr\u00e9paration d\u2019autres sels de bismuth.<\/p>\n<p>Catalyseur : Il peut \u00eatre utilis\u00e9 comme catalyseur dans de nombreuses r\u00e9actions organiques, telles que la r\u00e9action de Friedel-Crafts, la r\u00e9action de Diels-Alder, la r\u00e9action de Mannich, la r\u00e9action de d\u00e9protection de l\u2019ac\u00e9tal, etc.<\/p>\n","protected":false},"featured_media":1033669,"comment_status":"open","ping_status":"closed","template":"","meta":{"_acf_changed":false},"product_brand":[],"product_cat":[239],"product_tag":[],"class_list":{"0":"post-1026093","1":"product","2":"type-product","3":"status-publish","4":"has-post-thumbnail","6":"product_cat-materiaux-halogenes","8":"first","9":"instock","10":"shipping-taxable","11":"purchasable","12":"product-type-variable"},"acf":[],"_links":{"self":[{"href":"https:\/\/vimaterial.de\/fr\/wp-json\/wp\/v2\/product\/1026093","targetHints":{"allow":["GET"]}}],"collection":[{"href":"https:\/\/vimaterial.de\/fr\/wp-json\/wp\/v2\/product"}],"about":[{"href":"https:\/\/vimaterial.de\/fr\/wp-json\/wp\/v2\/types\/product"}],"replies":[{"embeddable":true,"href":"https:\/\/vimaterial.de\/fr\/wp-json\/wp\/v2\/comments?post=1026093"}],"wp:featuredmedia":[{"embeddable":true,"href":"https:\/\/vimaterial.de\/fr\/wp-json\/wp\/v2\/media\/1033669"}],"wp:attachment":[{"href":"https:\/\/vimaterial.de\/fr\/wp-json\/wp\/v2\/media?parent=1026093"}],"wp:term":[{"taxonomy":"product_brand","embeddable":true,"href":"https:\/\/vimaterial.de\/fr\/wp-json\/wp\/v2\/product_brand?post=1026093"},{"taxonomy":"product_cat","embeddable":true,"href":"https:\/\/vimaterial.de\/fr\/wp-json\/wp\/v2\/product_cat?post=1026093"},{"taxonomy":"product_tag","embeddable":true,"href":"https:\/\/vimaterial.de\/fr\/wp-json\/wp\/v2\/product_tag?post=1026093"}],"curies":[{"name":"wp","href":"https:\/\/api.w.org\/{rel}","templated":true}]}}