{"id":1026077,"date":"2024-06-17T15:56:48","date_gmt":"2024-06-17T07:56:48","guid":{"rendered":"https:\/\/vimaterial.de\/product\/ferrite-de-bismuth\/"},"modified":"2024-10-25T10:38:49","modified_gmt":"2024-10-25T02:38:49","slug":"ferrite-de-bismuth","status":"publish","type":"product","link":"https:\/\/vimaterial.de\/fr\/product\/ferrite-de-bismuth\/","title":{"rendered":"Bismuth Ferrite"},"content":{"rendered":"<p>La cible de Bismuth Ferrite est un mat\u00e9riau aux applications importantes.<\/p>\n<h3>Informations de base :<\/h3>\n<p>Formule chimique : BiFeO\u2083.<\/p>\n<p>Structure cristalline : Sa structure cristalline est plus complexe, avec une structure de type calcite, cette structure jette les bases de ses propri\u00e9t\u00e9s physiques uniques.<\/p>\n<p>Apparence\u00a0: G\u00e9n\u00e9ralement des flocons solides, ronds ou carr\u00e9s.<\/p>\n<p>Densit\u00e9 : Relativement \u00e9lev\u00e9e, ce qui lui conf\u00e8re une bonne stabilit\u00e9 lors de la pulv\u00e9risation.<\/p>\n<p>Point de fusion : Point de fusion relativement \u00e9lev\u00e9, autour de 800\u00b0C et plus.<\/p>\n<p>Propri\u00e9t\u00e9s magn\u00e9tiques : Il est antiferromagn\u00e9tique et peut \u00e9galement pr\u00e9senter un faible ferromagn\u00e9tisme dans certaines conditions.<\/p>\n<h3>Domaines d\u2019application :<\/h3>\n<p>Pr\u00e9paration des couches minces : Bismuth Ferrite est une mati\u00e8re premi\u00e8re importante pour la pr\u00e9paration des couches minces BiFeO\u2083, qui peut \u00eatre utilis\u00e9e dans les domaines des m\u00e9moires ferro\u00e9lectriques, des capteurs, des dispositifs opto\u00e9lectroniques, etc., par pulv\u00e9risation magn\u00e9tron, d\u00e9p\u00f4t laser puls\u00e9 et autres techniques de rev\u00eatement sur divers substrats.<\/p>\n<p>Recherche sur les mat\u00e9riaux multiferro\u00efques : Bismuth Ferrite en tant que mat\u00e9riau multiferro\u00efque typique, il est d\u2019une grande importance pour l\u2019\u00e9tude des propri\u00e9t\u00e9s physiques et de l\u2019effet de couplage magn\u00e9to\u00e9lectrique des mat\u00e9riaux multiferro\u00efques, ce qui fournit une base th\u00e9orique et exp\u00e9rimentale pour le d\u00e9veloppement de nouveaux mat\u00e9riaux multifonctionnels.<\/p>\n<p>Spintronique\u00a0: Ses propri\u00e9t\u00e9s magn\u00e9tiques et \u00e9lectriques uniques le rendent potentiellement applicable dans le domaine de la spintronique, par exemple, il peut \u00eatre utilis\u00e9 pour pr\u00e9parer des dispositifs tels que des vannes de spin et des jonctions tunnel magn\u00e9tiques.<\/p>\n","protected":false},"excerpt":{"rendered":"<p>La cible de Bismuth Ferrite est un mat\u00e9riau aux applications importantes.<\/p>\n<p>Pr\u00e9paration des couches minces : Bismuth Ferrite est une mati\u00e8re premi\u00e8re importante pour la pr\u00e9paration des couches minces BiFeO\u2083, qui peut \u00eatre utilis\u00e9e dans les domaines des m\u00e9moires ferro\u00e9lectriques, des capteurs, des dispositifs opto\u00e9lectroniques, etc., par pulv\u00e9risation magn\u00e9tron, d\u00e9p\u00f4t laser puls\u00e9 et autres techniques de rev\u00eatement sur divers substrats.<\/p>\n<p>Recherche sur les mat\u00e9riaux multiferro\u00efques : en tant que mat\u00e9riau multiferro\u00efque typique, il est d\u2019une grande importance pour l\u2019\u00e9tude des propri\u00e9t\u00e9s physiques et de l\u2019effet de couplage magn\u00e9to\u00e9lectrique des mat\u00e9riaux multiferro\u00efques, ce qui fournit une base th\u00e9orique et exp\u00e9rimentale pour le d\u00e9veloppement de nouveaux mat\u00e9riaux multifonctionnels.<\/p>\n","protected":false},"featured_media":1033679,"comment_status":"open","ping_status":"closed","template":"","meta":{"_acf_changed":false},"product_brand":[],"product_cat":[235],"product_tag":[],"class_list":{"0":"post-1026077","1":"product","2":"type-product","3":"status-publish","4":"has-post-thumbnail","6":"product_cat-cibles-de-pulverisation-planaire","8":"first","9":"instock","10":"shipping-taxable","11":"product-type-variable"},"acf":[],"_links":{"self":[{"href":"https:\/\/vimaterial.de\/fr\/wp-json\/wp\/v2\/product\/1026077","targetHints":{"allow":["GET"]}}],"collection":[{"href":"https:\/\/vimaterial.de\/fr\/wp-json\/wp\/v2\/product"}],"about":[{"href":"https:\/\/vimaterial.de\/fr\/wp-json\/wp\/v2\/types\/product"}],"replies":[{"embeddable":true,"href":"https:\/\/vimaterial.de\/fr\/wp-json\/wp\/v2\/comments?post=1026077"}],"wp:featuredmedia":[{"embeddable":true,"href":"https:\/\/vimaterial.de\/fr\/wp-json\/wp\/v2\/media\/1033679"}],"wp:attachment":[{"href":"https:\/\/vimaterial.de\/fr\/wp-json\/wp\/v2\/media?parent=1026077"}],"wp:term":[{"taxonomy":"product_brand","embeddable":true,"href":"https:\/\/vimaterial.de\/fr\/wp-json\/wp\/v2\/product_brand?post=1026077"},{"taxonomy":"product_cat","embeddable":true,"href":"https:\/\/vimaterial.de\/fr\/wp-json\/wp\/v2\/product_cat?post=1026077"},{"taxonomy":"product_tag","embeddable":true,"href":"https:\/\/vimaterial.de\/fr\/wp-json\/wp\/v2\/product_tag?post=1026077"}],"curies":[{"name":"wp","href":"https:\/\/api.w.org\/{rel}","templated":true}]}}