{"id":1025967,"date":"2024-06-17T15:47:28","date_gmt":"2024-06-17T07:47:28","guid":{"rendered":"https:\/\/vimaterial.de\/product\/tantale-metal-7\/"},"modified":"2024-10-15T11:13:33","modified_gmt":"2024-10-15T03:13:33","slug":"tantale-metal-7","status":"publish","type":"product","link":"https:\/\/vimaterial.de\/fr\/product\/tantale-metal-7\/","title":{"rendered":"Tantale m\u00e9tal"},"content":{"rendered":"<p>La cible m\u00e9tallique au tantale est une cible de pulv\u00e9risation importante, principalement utilis\u00e9e dans le rev\u00eatement des semi-conducteurs, le rev\u00eatement optique et d\u2019autres industries.<\/p>\n<p>&nbsp;<\/p>\n<p>Propri\u00e9t\u00e9s de base :<\/p>\n<p>&nbsp;<\/p>\n<p>Symbole chimique : Ta, appartient au groupe VB dans le tableau p\u00e9riodique, num\u00e9ro atomique 73, poids atomique 180,9479.<br \/>\nApparence\u00a0: m\u00e9tal gris acier, riche en \u00e9clat m\u00e9tallique.<br \/>\nPropri\u00e9t\u00e9s physiques : point de fusion \u00e9lev\u00e9 (2996\u00b0C), haute densit\u00e9 (16,654g\/cm\u00b3).<br \/>\nPropri\u00e9t\u00e9s chimiques : tr\u00e8s haute r\u00e9sistance \u00e0 la corrosion.<\/p>\n<p>&nbsp;<\/p>\n<p>Processus de production\u00a0:<\/p>\n<p>&nbsp;<\/p>\n<p>Tout d\u2019abord, il est n\u00e9cessaire d\u2019obtenir des mati\u00e8res premi\u00e8res de tantale de haute puret\u00e9, puis par m\u00e9tallurgie des poudres et d\u2019autres processus, la poudre de tantale m\u00e9tal est pr\u00e9par\u00e9e en flans cibles. Des usinages ult\u00e9rieurs, tels que le laminage, le forgeage, l\u2019usinage, etc., sont n\u00e9cessaires pour obtenir des cibles de la taille, de la forme et de la qualit\u00e9 de surface requises.<\/p>\n<p>&nbsp;<\/p>\n<p>Domaines d\u2019application :<\/p>\n<p>&nbsp;<\/p>\n<p>Industrie des semi-conducteurs : Dans la fabrication de puces de circuits int\u00e9gr\u00e9s \u00e0 grande \u00e9chelle, la cible Tantale m\u00e9tal est le mat\u00e9riau cl\u00e9 pour la fabrication de fils m\u00e9talliques sur la puce, ce qui est crucial pour les performances et la fiabilit\u00e9 de la puce.<\/p>\n<p>Champ optique\u00a0: Utilis\u00e9 dans le rev\u00eatement optique, il peut augmenter la r\u00e9flectivit\u00e9, la transmittance et d\u2019autres propri\u00e9t\u00e9s optiques des composants optiques, tels que dans le rev\u00eatement des verres de lunettes, des objectifs d\u2019appareil photo, des instruments optiques, etc. Il est largement utilis\u00e9.<\/p>\n","protected":false},"excerpt":{"rendered":"<p>La cible au tantale est une cible de pulv\u00e9risation importante, principalement utilis\u00e9e dans le rev\u00eatement des semi-conducteurs, le rev\u00eatement optique et d\u2019autres industries.<\/p>\n<p>Industrie des semi-conducteurs : Dans la fabrication de puces de circuits int\u00e9gr\u00e9s \u00e0 grande \u00e9chelle, la cible Tantale m\u00e9tal est le mat\u00e9riau cl\u00e9 pour la fabrication de fils m\u00e9talliques sur la puce, ce qui est crucial pour les performances et la fiabilit\u00e9 de la puce.<\/p>\n<p>Champ optique\u00a0: Utilis\u00e9 dans le rev\u00eatement optique, il peut augmenter la r\u00e9flectivit\u00e9, la transmittance et d\u2019autres propri\u00e9t\u00e9s optiques des composants optiques, tels que dans le rev\u00eatement des verres de lunettes, des objectifs d\u2019appareil photo, des instruments optiques, etc. Il est largement utilis\u00e9.<\/p>\n","protected":false},"featured_media":1033044,"comment_status":"open","ping_status":"closed","template":"","meta":{"_acf_changed":false},"product_brand":[],"product_cat":[235],"product_tag":[],"class_list":{"0":"post-1025967","1":"product","2":"type-product","3":"status-publish","4":"has-post-thumbnail","6":"product_cat-cibles-de-pulverisation-planaire","8":"first","9":"instock","10":"shipping-taxable","11":"purchasable","12":"product-type-variable"},"acf":[],"_links":{"self":[{"href":"https:\/\/vimaterial.de\/fr\/wp-json\/wp\/v2\/product\/1025967","targetHints":{"allow":["GET"]}}],"collection":[{"href":"https:\/\/vimaterial.de\/fr\/wp-json\/wp\/v2\/product"}],"about":[{"href":"https:\/\/vimaterial.de\/fr\/wp-json\/wp\/v2\/types\/product"}],"replies":[{"embeddable":true,"href":"https:\/\/vimaterial.de\/fr\/wp-json\/wp\/v2\/comments?post=1025967"}],"wp:featuredmedia":[{"embeddable":true,"href":"https:\/\/vimaterial.de\/fr\/wp-json\/wp\/v2\/media\/1033044"}],"wp:attachment":[{"href":"https:\/\/vimaterial.de\/fr\/wp-json\/wp\/v2\/media?parent=1025967"}],"wp:term":[{"taxonomy":"product_brand","embeddable":true,"href":"https:\/\/vimaterial.de\/fr\/wp-json\/wp\/v2\/product_brand?post=1025967"},{"taxonomy":"product_cat","embeddable":true,"href":"https:\/\/vimaterial.de\/fr\/wp-json\/wp\/v2\/product_cat?post=1025967"},{"taxonomy":"product_tag","embeddable":true,"href":"https:\/\/vimaterial.de\/fr\/wp-json\/wp\/v2\/product_tag?post=1025967"}],"curies":[{"name":"wp","href":"https:\/\/api.w.org\/{rel}","templated":true}]}}