{"id":1025885,"date":"2024-06-17T15:47:29","date_gmt":"2024-06-17T07:47:29","guid":{"rendered":"https:\/\/vimaterial.de\/product\/pentoxyde-de-tantale-3\/"},"modified":"2024-10-29T10:17:33","modified_gmt":"2024-10-29T02:17:33","slug":"pentoxyde-de-tantale-3","status":"publish","type":"product","link":"https:\/\/vimaterial.de\/fr\/product\/pentoxyde-de-tantale-3\/","title":{"rendered":"Pentoxyde de tantale"},"content":{"rendered":"<h3>Informations de base :<\/h3>\n<p>Aspect et morphologie : g\u00e9n\u00e9ralement sous forme de granules blancs.<\/p>\n<p>Densit\u00e9 : 8,2 g\/cm3.<\/p>\n<p>Point de fusion : Point de fusion jusqu\u2019\u00e0 1872\u00b0C.<\/p>\n<p>Stabilit\u00e9 chimique : \u00e0 temp\u00e9rature ambiante, les particules de Ta\u2082O\u2085 ont une stabilit\u00e9 chimique \u00e9lev\u00e9e et ne r\u00e9agissent pas facilement avec la plupart des produits chimiques.<\/p>\n<p>Indice de r\u00e9fraction \u00e9lev\u00e9 : les particules Ta\u2082O\u2085 ont un indice de r\u00e9fraction \u00e9lev\u00e9, ce qui les rend utiles pour un large \u00e9ventail d\u2019applications dans le domaine optique.<\/p>\n<p>Constante di\u00e9lectrique \u00e9lev\u00e9e : Ta\u2082O\u2085 est un semi-conducteur \u00e0 large bande avec une constante di\u00e9lectrique \u00e9lev\u00e9e.<\/p>\n<h3>Domaine d\u2019application :<\/h3>\n<p>Champ optique : en raison de ses bonnes propri\u00e9t\u00e9s optiques, le pentoxyde de tantale est largement utilis\u00e9 dans les lentilles optiques, les films optiques, les communications par fibre optique et d\u2019autres domaines.<\/p>\n<p>Champ \u00e9lectronique : comme mat\u00e9riau di\u00e9lectrique pour les condensateurs, couche isolante de grille pour les transistors \u00e0 effet de champ, couche isolante pour les circuits int\u00e9gr\u00e9s, etc.<\/p>\n<p>Champ de catalyseur : Il peut \u00eatre utilis\u00e9 comme catalyseur ou support de catalyseur pour catalyser certaines r\u00e9actions chimiques, telles que la r\u00e9action d\u2019oxydation et la r\u00e9action d\u2019hydrog\u00e9nation.<\/p>\n<p>Domaine biom\u00e9dical : Dans le domaine biom\u00e9dical, les particules de pentoxyde de tantale peuvent \u00eatre utilis\u00e9es pour la pr\u00e9paration de biocapteurs, de supports de m\u00e9dicaments, etc.<\/p>\n","protected":false},"excerpt":{"rendered":"<p>Les granules de pentoxyde de tantale sont une substance granulaire blanche. Les particules de pentoxyde de tantale sont un semi-conducteur \u00e0 large bande avec une constante di\u00e9lectrique \u00e9lev\u00e9e. Dans le domaine de l\u2019optique, en raison de son indice de r\u00e9fraction \u00e9lev\u00e9 (environ 2,1) et de sa faible absorption dans la r\u00e9gion spectrale du proche ultraviolet \u00e0 l\u2019infrarouge, il peut \u00eatre utilis\u00e9 pour la pr\u00e9paration de films optiques, de verre optique sp\u00e9cial, etc. En \u00e9lectronique, il peut \u00eatre utilis\u00e9 comme conducteur \u00e9lectrique. Dans le domaine de l\u2019\u00e9lectronique, il peut \u00eatre utilis\u00e9 comme mat\u00e9riau di\u00e9lectrique pour les condensateurs et comme couche isolante de grille pour les transistors \u00e0 effet de champ.<\/p>\n","protected":false},"featured_media":1033049,"comment_status":"open","ping_status":"closed","template":"","meta":{"_acf_changed":false},"product_brand":[],"product_cat":[236],"product_tag":[],"class_list":{"0":"post-1025885","1":"product","2":"type-product","3":"status-publish","4":"has-post-thumbnail","6":"product_cat-materiaux-devaporation","8":"first","9":"instock","10":"shipping-taxable","11":"purchasable","12":"product-type-variable"},"acf":[],"_links":{"self":[{"href":"https:\/\/vimaterial.de\/fr\/wp-json\/wp\/v2\/product\/1025885","targetHints":{"allow":["GET"]}}],"collection":[{"href":"https:\/\/vimaterial.de\/fr\/wp-json\/wp\/v2\/product"}],"about":[{"href":"https:\/\/vimaterial.de\/fr\/wp-json\/wp\/v2\/types\/product"}],"replies":[{"embeddable":true,"href":"https:\/\/vimaterial.de\/fr\/wp-json\/wp\/v2\/comments?post=1025885"}],"wp:featuredmedia":[{"embeddable":true,"href":"https:\/\/vimaterial.de\/fr\/wp-json\/wp\/v2\/media\/1033049"}],"wp:attachment":[{"href":"https:\/\/vimaterial.de\/fr\/wp-json\/wp\/v2\/media?parent=1025885"}],"wp:term":[{"taxonomy":"product_brand","embeddable":true,"href":"https:\/\/vimaterial.de\/fr\/wp-json\/wp\/v2\/product_brand?post=1025885"},{"taxonomy":"product_cat","embeddable":true,"href":"https:\/\/vimaterial.de\/fr\/wp-json\/wp\/v2\/product_cat?post=1025885"},{"taxonomy":"product_tag","embeddable":true,"href":"https:\/\/vimaterial.de\/fr\/wp-json\/wp\/v2\/product_tag?post=1025885"}],"curies":[{"name":"wp","href":"https:\/\/api.w.org\/{rel}","templated":true}]}}