{"id":1025863,"date":"2024-06-17T15:47:30","date_gmt":"2024-06-17T07:47:30","guid":{"rendered":"https:\/\/vimaterial.de\/product\/pentoxyde-de-tantale-2\/"},"modified":"2024-10-29T10:04:21","modified_gmt":"2024-10-29T02:04:21","slug":"pentoxyde-de-tantale-2","status":"publish","type":"product","link":"https:\/\/vimaterial.de\/fr\/product\/pentoxyde-de-tantale-2\/","title":{"rendered":"Pentoxyde de tantale"},"content":{"rendered":"<p>La cible de pentoxyde de tantale est un mat\u00e9riau de rev\u00eatement important avec une large gamme d\u2019applications.<\/p>\n<h3>Informations de base :<\/h3>\n<p>Formule chimique : Ta2O5, indiquant que la cible est compos\u00e9e de deux \u00e9l\u00e9ments, le tantale (Ta) et l\u2019oxyg\u00e8ne (O), et que la valence du tantale est de + 5.<\/p>\n<p>Apparence\u00a0: G\u00e9n\u00e9ralement un solide blanc qui semble cristallin.<\/p>\n<p>Poids mol\u00e9culaire : 441,89. Point de fusion : jusqu\u2019\u00e0 1872\u00b0C, avec une grande stabilit\u00e9 thermique.<\/p>\n<p>Densit\u00e9 : environ 8,2 g\/cm\u00b3, densit\u00e9 relative \u00e9lev\u00e9e.<\/p>\n<p>Propri\u00e9t\u00e9s optiques : Il a des applications importantes dans les bandes de longueurs d\u2019onde du visible au proche infrarouge et est un mat\u00e9riau \u00e0 indice de r\u00e9fraction \u00e9lev\u00e9 avec un indice de r\u00e9fraction d\u2019environ 2,1.<\/p>\n<p>Propri\u00e9t\u00e9s \u00e9lectriques\u00a0: constante di\u00e9lectrique \u00e9lev\u00e9e (25 ~ 35).<\/p>\n<h3>Domaine d\u2019application :<\/h3>\n<p>Domaine des semi-conducteurs : Dans la fabrication de semi-conducteurs, le pentoxyde de tantale peut \u00eatre utilis\u00e9 pour pr\u00e9parer une couche di\u00e9lectrique \u00e0 grille constante di\u00e9lectrique \u00e9lev\u00e9e afin de remplacer la couche di\u00e9lectrique traditionnelle de grille de dioxyde de silicium et d\u2019am\u00e9liorer les performances des dispositifs \u00e0 semi-conducteurs.<\/p>\n<p>Champ optique : utilis\u00e9s dans la fabrication de lentilles optiques, les films optiques, tels que les films antireflets, les films d\u2019am\u00e9lioration de la transmittance, etc., peuvent am\u00e9liorer les performances et la qualit\u00e9 des composants optiques.<\/p>\n<p>Champ des appareils \u00e9lectroniques\u00a0: peut fabriquer des condensateurs, des capteurs et d\u2019autres appareils \u00e9lectroniques, en utilisant sa constante di\u00e9lectrique \u00e9lev\u00e9e et sa bonne stabilit\u00e9 chimique pour am\u00e9liorer la fiabilit\u00e9 et les performances des appareils \u00e9lectroniques.<\/p>\n<p>Nouveau domaine \u00e9nerg\u00e9tique : Le pentoxyde de tantale a \u00e9galement un certain potentiel d\u2019application dans de nouveaux domaines \u00e9nerg\u00e9tiques tels que les piles \u00e0 combustible \u00e0 oxyde solide.<\/p>\n","protected":false},"excerpt":{"rendered":"<p>Les cibles de pentoxyde de tantale sont des semi-conducteurs \u00e0 large bande avec une constante di\u00e9lectrique \u00e9lev\u00e9e. Dans le domaine de l\u2019optique, en raison de son indice de r\u00e9fraction \u00e9lev\u00e9 (environ 2,1) et de sa faible absorption dans la r\u00e9gion spectrale du proche ultraviolet \u00e0 l\u2019infrarouge, il peut \u00eatre utilis\u00e9 pour la pr\u00e9paration de films optiques, de verre optique sp\u00e9cial, etc. En \u00e9lectronique, il peut \u00eatre utilis\u00e9 comme conducteur \u00e9lectrique. Dans le domaine de l\u2019\u00e9lectronique, il peut \u00eatre utilis\u00e9 comme mat\u00e9riau di\u00e9lectrique pour les condensateurs et comme couche isolante de grille pour les transistors \u00e0 effet de champ.<\/p>\n","protected":false},"featured_media":1033064,"comment_status":"open","ping_status":"closed","template":"","meta":{"_acf_changed":false},"product_brand":[],"product_cat":[235],"product_tag":[],"class_list":{"0":"post-1025863","1":"product","2":"type-product","3":"status-publish","4":"has-post-thumbnail","6":"product_cat-cibles-de-pulverisation-planaire","8":"first","9":"instock","10":"shipping-taxable","11":"product-type-variable"},"acf":[],"_links":{"self":[{"href":"https:\/\/vimaterial.de\/fr\/wp-json\/wp\/v2\/product\/1025863","targetHints":{"allow":["GET"]}}],"collection":[{"href":"https:\/\/vimaterial.de\/fr\/wp-json\/wp\/v2\/product"}],"about":[{"href":"https:\/\/vimaterial.de\/fr\/wp-json\/wp\/v2\/types\/product"}],"replies":[{"embeddable":true,"href":"https:\/\/vimaterial.de\/fr\/wp-json\/wp\/v2\/comments?post=1025863"}],"wp:featuredmedia":[{"embeddable":true,"href":"https:\/\/vimaterial.de\/fr\/wp-json\/wp\/v2\/media\/1033064"}],"wp:attachment":[{"href":"https:\/\/vimaterial.de\/fr\/wp-json\/wp\/v2\/media?parent=1025863"}],"wp:term":[{"taxonomy":"product_brand","embeddable":true,"href":"https:\/\/vimaterial.de\/fr\/wp-json\/wp\/v2\/product_brand?post=1025863"},{"taxonomy":"product_cat","embeddable":true,"href":"https:\/\/vimaterial.de\/fr\/wp-json\/wp\/v2\/product_cat?post=1025863"},{"taxonomy":"product_tag","embeddable":true,"href":"https:\/\/vimaterial.de\/fr\/wp-json\/wp\/v2\/product_tag?post=1025863"}],"curies":[{"name":"wp","href":"https:\/\/api.w.org\/{rel}","templated":true}]}}