{"id":1025844,"date":"2024-06-17T15:47:30","date_gmt":"2024-06-17T07:47:30","guid":{"rendered":"https:\/\/vimaterial.de\/product\/pentoxyde-de-tantale\/"},"modified":"2024-10-29T09:50:42","modified_gmt":"2024-10-29T01:50:42","slug":"pentoxyde-de-tantale","status":"publish","type":"product","link":"https:\/\/vimaterial.de\/fr\/product\/pentoxyde-de-tantale\/","title":{"rendered":"Pentoxyde de tantale"},"content":{"rendered":"<p>La poudre de pentoxyde de tantale est un compos\u00e9 inorganique important.<\/p>\n<h3>Informations de base<\/h3>\n<p>Apparence\u00a0: G\u00e9n\u00e9ralement blanc sous forme microcristalline ou en poudre, sans odeur particuli\u00e8re.<\/p>\n<p>Densit\u00e9\u00a0: Densit\u00e9 relativement \u00e9lev\u00e9e, environ 8,2 g \/ cm3.<\/p>\n<p>Point de fusion : Avec un point de fusion de 1872\u00b0C, c\u2019est une substance extr\u00eamement difficile \u00e0 fondre.<\/p>\n<p>Propri\u00e9t\u00e9s optiques : Il s\u2019agit d\u2019un mat\u00e9riau \u00e0 indice de r\u00e9fraction \u00e9lev\u00e9 avec une faible absorption (c\u2019est-\u00e0-dire incolore) dans la r\u00e9gion spectrale du proche ultraviolet \u00e0 l\u2019infrarouge.<\/p>\n<p>Propri\u00e9t\u00e9s \u00e9lectriques : Un semi-conducteur \u00e0 large bande avec une constante di\u00e9lectrique \u00e9lev\u00e9e.<\/p>\n<h3>Domaines d\u2019application :<\/h3>\n<p>Industrie \u00e9lectronique\u00a0: Utilis\u00e9 comme mati\u00e8re premi\u00e8re pour la production de tantale de livre de cristal, il a des applications importantes dans l\u2019industrie \u00e9lectronique, par exemple, il peut \u00eatre utilis\u00e9 pour pr\u00e9parer la couche de transport d\u2019\u00e9lectrons des cellules solaires chalcog\u00e9nures, ce qui peut am\u00e9liorer efficacement le taux d\u2019utilisation optique de la cellule ainsi que la capacit\u00e9 de migration d\u2019\u00e9lectrons.<\/p>\n<p>Champ optique\u00a0: fabrication de verre optique sp\u00e9cial \u00e0 haute r\u00e9fraction et \u00e0 faible dispersion, film optique, etc. Industrie chimique\u00a0: peut \u00eatre utilis\u00e9 comme catalyseur.<\/p>\n","protected":false},"excerpt":{"rendered":"<p>Les particules de pentoxyde de tantale sont une substance poudreuse blanche. Les particules de pentoxyde de tantale sont un semi-conducteur \u00e0 large bande avec une constante di\u00e9lectrique \u00e9lev\u00e9e. Dans le domaine de l\u2019optique, en raison de son indice de r\u00e9fraction \u00e9lev\u00e9 (environ 2,1) et de sa faible absorption dans la r\u00e9gion spectrale du proche ultraviolet \u00e0 l\u2019infrarouge, il peut \u00eatre utilis\u00e9 pour la pr\u00e9paration de films optiques, de verre optique sp\u00e9cial, etc. En \u00e9lectronique, il peut \u00eatre utilis\u00e9 comme conducteur \u00e9lectrique. Dans le domaine de l\u2019\u00e9lectronique, il peut \u00eatre utilis\u00e9 comme mat\u00e9riau di\u00e9lectrique pour les condensateurs et comme couche isolante de grille pour les transistors \u00e0 effet de champ.<\/p>\n","protected":false},"featured_media":1033059,"comment_status":"open","ping_status":"closed","template":"","meta":{"_acf_changed":false},"product_brand":[],"product_cat":[243],"product_tag":[],"class_list":{"0":"post-1025844","1":"product","2":"type-product","3":"status-publish","4":"has-post-thumbnail","6":"product_cat-materiaux-oxydes-hydroxydes","8":"first","9":"instock","10":"shipping-taxable","11":"purchasable","12":"product-type-variable"},"acf":[],"_links":{"self":[{"href":"https:\/\/vimaterial.de\/fr\/wp-json\/wp\/v2\/product\/1025844","targetHints":{"allow":["GET"]}}],"collection":[{"href":"https:\/\/vimaterial.de\/fr\/wp-json\/wp\/v2\/product"}],"about":[{"href":"https:\/\/vimaterial.de\/fr\/wp-json\/wp\/v2\/types\/product"}],"replies":[{"embeddable":true,"href":"https:\/\/vimaterial.de\/fr\/wp-json\/wp\/v2\/comments?post=1025844"}],"wp:featuredmedia":[{"embeddable":true,"href":"https:\/\/vimaterial.de\/fr\/wp-json\/wp\/v2\/media\/1033059"}],"wp:attachment":[{"href":"https:\/\/vimaterial.de\/fr\/wp-json\/wp\/v2\/media?parent=1025844"}],"wp:term":[{"taxonomy":"product_brand","embeddable":true,"href":"https:\/\/vimaterial.de\/fr\/wp-json\/wp\/v2\/product_brand?post=1025844"},{"taxonomy":"product_cat","embeddable":true,"href":"https:\/\/vimaterial.de\/fr\/wp-json\/wp\/v2\/product_cat?post=1025844"},{"taxonomy":"product_tag","embeddable":true,"href":"https:\/\/vimaterial.de\/fr\/wp-json\/wp\/v2\/product_tag?post=1025844"}],"curies":[{"name":"wp","href":"https:\/\/api.w.org\/{rel}","templated":true}]}}