{"id":1025789,"date":"2024-06-17T15:50:36","date_gmt":"2024-06-17T07:50:36","guid":{"rendered":"https:\/\/vimaterial.de\/product\/carbure-de-tantale-et-de-hafnium\/"},"modified":"2024-10-29T08:55:31","modified_gmt":"2024-10-29T00:55:31","slug":"carbure-de-tantale-et-de-hafnium","status":"publish","type":"product","link":"https:\/\/vimaterial.de\/fr\/product\/carbure-de-tantale-et-de-hafnium\/","title":{"rendered":"Carbure de tantale et d\u2019hafnium"},"content":{"rendered":"<p>La poudre de Carbure de tantale et d\u2019hafnium est un mat\u00e9riau en poudre c\u00e9ramique avec des propri\u00e9t\u00e9s et des applications particuli\u00e8res.<\/p>\n<h3>Informations de base<\/h3>\n<p>Composition \u00e9l\u00e9mentaire : Il est principalement compos\u00e9 de trois \u00e9l\u00e9ments : le tantale (Ta), l\u2019hafnium (Hf) et le carbone (C).<\/p>\n<p>Structure cristalline : Structure cristalline typique du carbure.<\/p>\n<p>Point de fusion \u00e9lev\u00e9 : Les \u00e9l\u00e9ments tantale (Ta) et hafnium (Hf) contenus dans Ta4HfC5 ont des points de fusion \u00e9lev\u00e9s par eux-m\u00eames, respectivement 3017\u00b0C et 2227\u00b0C.<\/p>\n<p>Duret\u00e9 \u00e9lev\u00e9e : La duret\u00e9 du Ta4HfC5 est principalement due aux fortes liaisons covalentes et ioniques entre les atomes m\u00e9talliques (Ta et Hf) et les atomes de carbone dans sa structure cristalline.<\/p>\n<h3>Domaines d\u2019application<\/h3>\n<p>A\u00e9rospatiale : En raison de leur point de fusion \u00e9lev\u00e9, de leur bonne stabilit\u00e9 \u00e0 haute temp\u00e9rature et de leur r\u00e9sistance \u00e0 l\u2019oxydation, les poudres de Carbure de tantale et d\u2019hafnium sont utilis\u00e9es pour fabriquer des composants \u00e0 haute temp\u00e9rature pour les moteurs a\u00e9rospatiaux.<\/p>\n<p>Outils de coupe : La duret\u00e9 \u00e9lev\u00e9e des poudres Ta4HfC5 les rend aptes \u00e0 \u00eatre utilis\u00e9es comme mat\u00e9riaux de rev\u00eatement pour les outils de coupe. Le rev\u00eatement de la surface des outils de coupe avec le rev\u00eatement Ta4HfC5 peut am\u00e9liorer consid\u00e9rablement la r\u00e9sistance \u00e0 l\u2019usure, la vitesse de coupe et la dur\u00e9e de vie des outils de coupe.<\/p>\n<p>C\u00e9ramique \u00e0 haute temp\u00e9rature : Le Carbure de tantale et d\u2019hafnium peut \u00eatre utilis\u00e9 comme mati\u00e8re premi\u00e8re pour les c\u00e9ramiques structurelles \u00e0 haute temp\u00e9rature et est utilis\u00e9 pour fabriquer des pi\u00e8ces en c\u00e9ramique utilis\u00e9es \u00e0 haute temp\u00e9rature, \u00e0 haute pression et dans des environnements difficiles, tels que le rev\u00eatement des fours \u00e0 haute temp\u00e9rature, des r\u00e9acteurs, etc.<\/p>\n","protected":false},"excerpt":{"rendered":"<p>La poudre de carbure de tantale hafnium est un mat\u00e9riau en poudre c\u00e9ramique avec des propri\u00e9t\u00e9s et des applications particuli\u00e8res.<\/p>\n<p>A\u00e9rospatiale : En raison de leur point de fusion \u00e9lev\u00e9, de leur bonne stabilit\u00e9 \u00e0 haute temp\u00e9rature et de leur r\u00e9sistance \u00e0 l\u2019oxydation, les poudres de carbure de tantale et de hafnium sont utilis\u00e9es pour fabriquer des composants \u00e0 haute temp\u00e9rature pour les moteurs a\u00e9rospatiaux.<\/p>\n<p>Outils de coupe : La duret\u00e9 \u00e9lev\u00e9e des poudres Ta4HfC5 les rend aptes \u00e0 \u00eatre utilis\u00e9es comme mat\u00e9riaux de rev\u00eatement pour les outils de coupe. Le rev\u00eatement de la surface des outils de coupe avec le rev\u00eatement Ta4HfC5 peut am\u00e9liorer consid\u00e9rablement la r\u00e9sistance \u00e0 l\u2019usure, la vitesse de coupe et la dur\u00e9e de vie des outils de coupe.<\/p>\n","protected":false},"featured_media":1033074,"comment_status":"open","ping_status":"closed","template":"","meta":{"_acf_changed":false},"product_brand":[],"product_cat":[240],"product_tag":[],"class_list":{"0":"post-1025789","1":"product","2":"type-product","3":"status-publish","4":"has-post-thumbnail","6":"product_cat-materiaux-c-n-b-si","8":"first","9":"instock","10":"shipping-taxable","11":"purchasable","12":"product-type-variable"},"acf":[],"_links":{"self":[{"href":"https:\/\/vimaterial.de\/fr\/wp-json\/wp\/v2\/product\/1025789","targetHints":{"allow":["GET"]}}],"collection":[{"href":"https:\/\/vimaterial.de\/fr\/wp-json\/wp\/v2\/product"}],"about":[{"href":"https:\/\/vimaterial.de\/fr\/wp-json\/wp\/v2\/types\/product"}],"replies":[{"embeddable":true,"href":"https:\/\/vimaterial.de\/fr\/wp-json\/wp\/v2\/comments?post=1025789"}],"wp:featuredmedia":[{"embeddable":true,"href":"https:\/\/vimaterial.de\/fr\/wp-json\/wp\/v2\/media\/1033074"}],"wp:attachment":[{"href":"https:\/\/vimaterial.de\/fr\/wp-json\/wp\/v2\/media?parent=1025789"}],"wp:term":[{"taxonomy":"product_brand","embeddable":true,"href":"https:\/\/vimaterial.de\/fr\/wp-json\/wp\/v2\/product_brand?post=1025789"},{"taxonomy":"product_cat","embeddable":true,"href":"https:\/\/vimaterial.de\/fr\/wp-json\/wp\/v2\/product_cat?post=1025789"},{"taxonomy":"product_tag","embeddable":true,"href":"https:\/\/vimaterial.de\/fr\/wp-json\/wp\/v2\/product_tag?post=1025789"}],"curies":[{"name":"wp","href":"https:\/\/api.w.org\/{rel}","templated":true}]}}