{"id":1025769,"date":"2024-06-17T15:50:36","date_gmt":"2024-06-17T07:50:36","guid":{"rendered":"https:\/\/vimaterial.de\/product\/borure-de-tantale\/"},"modified":"2024-10-15T13:50:22","modified_gmt":"2024-10-15T05:50:22","slug":"borure-de-tantale","status":"publish","type":"product","link":"https:\/\/vimaterial.de\/fr\/product\/borure-de-tantale\/","title":{"rendered":"Borure de tantale"},"content":{"rendered":"<p>La poudre de borure de tantale est une poudre de compos\u00e9 inorganique importante.<\/p>\n<p>&nbsp;<\/p>\n<p>Propri\u00e9t\u00e9s de base :<\/p>\n<p>&nbsp;<\/p>\n<p>Formule chimique : TaB.<br \/>\nAspect : g\u00e9n\u00e9ralement gris ou noir poudreux solide.<br \/>\nStructure cristalline : Poss\u00e8de une structure cristalline sp\u00e9cifique, qui d\u00e9termine ses propri\u00e9t\u00e9s physiques et chimiques.<br \/>\nPoint de fusion \u00e9lev\u00e9 : 3000\u00b0C.<br \/>\nDuret\u00e9 \u00e9lev\u00e9e : Duret\u00e9 \u00e9lev\u00e9e, ce qui le rend potentiellement utile dans le domaine des mat\u00e9riaux r\u00e9sistants \u00e0 l\u2019usure.<br \/>\nHaute densit\u00e9 : densit\u00e9 relativement \u00e9lev\u00e9e.<\/p>\n<p>&nbsp;<\/p>\n<p>M\u00e9thode de pr\u00e9paration :<\/p>\n<p>&nbsp;<\/p>\n<p>M\u00e9thode de r\u00e9action \u00e0 haute temp\u00e9rature : Sous vide ou sous protection contre les gaz inertes, les mati\u00e8res premi\u00e8res du tantale et du bore sont chauff\u00e9es \u00e0 haute temp\u00e9rature (g\u00e9n\u00e9ralement au-dessus de 1500\u00b0C), de sorte qu\u2019elles subissent une r\u00e9action chimique pour produire du borure de tantale.<\/p>\n<p>M\u00e9thode de m\u00e9tallurgie des poudres : La poudre m\u00e9lang\u00e9e de tantale et de bore est pr\u00e9par\u00e9e en premier, puis la poudre de borure de tantale est pr\u00e9par\u00e9e par pressage, frittage et autres \u00e9tapes du processus.<\/p>\n<p>&nbsp;<\/p>\n<p>Domaines d\u2019application :<\/p>\n<p>&nbsp;<\/p>\n<p>Mat\u00e9riaux \u00e0 haute temp\u00e9rature : Avec son point de fusion \u00e9lev\u00e9, sa duret\u00e9 \u00e9lev\u00e9e et sa bonne stabilit\u00e9 \u00e0 haute temp\u00e9rature, il peut \u00eatre utilis\u00e9 pour fabriquer des pi\u00e8ces qui fonctionnent dans des environnements \u00e0 haute temp\u00e9rature, telles que des pi\u00e8ces de moteur dans le domaine a\u00e9rospatial et des mat\u00e9riaux de rev\u00eatement pour les fours \u00e0 haute temp\u00e9rature.<\/p>\n<p>Mat\u00e9riaux r\u00e9sistants \u00e0 l\u2019usure : avec sa duret\u00e9 et sa r\u00e9sistance \u00e0 l\u2019usure \u00e9lev\u00e9es, il peut \u00eatre utilis\u00e9 pour fabriquer des rev\u00eatements r\u00e9sistants \u00e0 l\u2019usure, des outils de coupe, etc. pour am\u00e9liorer la dur\u00e9e de vie des mat\u00e9riaux.<\/p>\n<p>Mat\u00e9riaux \u00e9lectroniques\u00a0: Dans le domaine de l\u2019\u00e9lectronique, la poudre de borure de tantale peut \u00eatre utilis\u00e9e pour pr\u00e9parer des \u00e9lectrodes, des r\u00e9sistances et d\u2019autres composants dans des appareils \u00e9lectroniques, en profitant de sa bonne conductivit\u00e9 et de sa stabilit\u00e9.<\/p>\n<p>Mat\u00e9riaux c\u00e9ramiques : en tant qu\u2019additif pour les mat\u00e9riaux c\u00e9ramiques, il peut am\u00e9liorer les performances des c\u00e9ramiques, par exemple en am\u00e9liorant la duret\u00e9, la r\u00e9sistance et la r\u00e9sistance aux hautes temp\u00e9ratures des c\u00e9ramiques.<\/p>\n","protected":false},"excerpt":{"rendered":"<p>La poudre de borure de tantale est une poudre de compos\u00e9 inorganique importante.<\/p>\n<p>Mat\u00e9riaux \u00e0 haute temp\u00e9rature : Avec son point de fusion \u00e9lev\u00e9, sa duret\u00e9 \u00e9lev\u00e9e et sa bonne stabilit\u00e9 \u00e0 haute temp\u00e9rature, il peut \u00eatre utilis\u00e9 pour fabriquer des pi\u00e8ces qui fonctionnent dans des environnements \u00e0 haute temp\u00e9rature, telles que des pi\u00e8ces de moteur dans le domaine a\u00e9rospatial et des mat\u00e9riaux de rev\u00eatement pour les fours \u00e0 haute temp\u00e9rature.<\/p>\n<p>Mat\u00e9riaux r\u00e9sistants \u00e0 l\u2019usure : avec sa duret\u00e9 et sa r\u00e9sistance \u00e0 l\u2019usure \u00e9lev\u00e9es, il peut \u00eatre utilis\u00e9 pour fabriquer des rev\u00eatements r\u00e9sistants \u00e0 l\u2019usure, des outils de coupe, etc. pour am\u00e9liorer la dur\u00e9e de vie des mat\u00e9riaux.<\/p>\n","protected":false},"featured_media":1033084,"comment_status":"open","ping_status":"closed","template":"","meta":{"_acf_changed":false},"product_brand":[],"product_cat":[240],"product_tag":[],"class_list":{"0":"post-1025769","1":"product","2":"type-product","3":"status-publish","4":"has-post-thumbnail","6":"product_cat-materiaux-c-n-b-si","8":"first","9":"instock","10":"shipping-taxable","11":"purchasable","12":"product-type-variable"},"acf":[],"_links":{"self":[{"href":"https:\/\/vimaterial.de\/fr\/wp-json\/wp\/v2\/product\/1025769","targetHints":{"allow":["GET"]}}],"collection":[{"href":"https:\/\/vimaterial.de\/fr\/wp-json\/wp\/v2\/product"}],"about":[{"href":"https:\/\/vimaterial.de\/fr\/wp-json\/wp\/v2\/types\/product"}],"replies":[{"embeddable":true,"href":"https:\/\/vimaterial.de\/fr\/wp-json\/wp\/v2\/comments?post=1025769"}],"wp:featuredmedia":[{"embeddable":true,"href":"https:\/\/vimaterial.de\/fr\/wp-json\/wp\/v2\/media\/1033084"}],"wp:attachment":[{"href":"https:\/\/vimaterial.de\/fr\/wp-json\/wp\/v2\/media?parent=1025769"}],"wp:term":[{"taxonomy":"product_brand","embeddable":true,"href":"https:\/\/vimaterial.de\/fr\/wp-json\/wp\/v2\/product_brand?post=1025769"},{"taxonomy":"product_cat","embeddable":true,"href":"https:\/\/vimaterial.de\/fr\/wp-json\/wp\/v2\/product_cat?post=1025769"},{"taxonomy":"product_tag","embeddable":true,"href":"https:\/\/vimaterial.de\/fr\/wp-json\/wp\/v2\/product_tag?post=1025769"}],"curies":[{"name":"wp","href":"https:\/\/api.w.org\/{rel}","templated":true}]}}