{"id":1025748,"date":"2024-06-17T15:50:37","date_gmt":"2024-06-17T07:50:37","guid":{"rendered":"https:\/\/vimaterial.de\/product\/carbure-de-tantale-2\/"},"modified":"2024-10-15T14:14:31","modified_gmt":"2024-10-15T06:14:31","slug":"carbure-de-tantale-2","status":"publish","type":"product","link":"https:\/\/vimaterial.de\/fr\/product\/carbure-de-tantale-2\/","title":{"rendered":"Carbure de tantale"},"content":{"rendered":"<p>La poudre de carbure de tantale est un mat\u00e9riau m\u00e9tallo-c\u00e9ramique important.<\/p>\n<p>&nbsp;<\/p>\n<p>Propri\u00e9t\u00e9s de base :<\/p>\n<p>&nbsp;<\/p>\n<p>Formule chimique : la formule chimique est TaC, compos\u00e9 de deux \u00e9l\u00e9ments, le tantale (Ta) et le carbone (C).<br \/>\nApparence\u00a0: G\u00e9n\u00e9ralement brun clair, brun fonc\u00e9 ou poudre noire semblable \u00e0 du m\u00e9tal.<br \/>\nStructure cristalline : appartient au syst\u00e8me cristallin cubique de type chlorure de sodium, avec une structure cristalline stable, qui apporte des propri\u00e9t\u00e9s physiques et chimiques uniques.<br \/>\nPoint de fusion et point d\u2019\u00e9bullition \u00e9lev\u00e9s : le point de fusion est jusqu\u2019\u00e0 3880\u00b0C, le point d\u2019\u00e9bullition est de 4780\u00b0C.<br \/>\nHaute densit\u00e9 : 13,9 g\/ml.<br \/>\nBonne conductivit\u00e9 \u00e9lectrique : r\u00e9sistance de 30 \u03a9 \u00e0 temp\u00e9rature ambiante, bonne conductivit\u00e9 \u00e9lectrique.<\/p>\n<p>&nbsp;<\/p>\n<p>M\u00e9thode de pr\u00e9paration :<\/p>\n<p>&nbsp;<\/p>\n<p>M\u00e9thode de carbonisation de l\u2019oxyde de tantale\u00a0: Le pentoxyde de tantale et le noir de carbone sont utilis\u00e9s comme mati\u00e8res premi\u00e8res, les deux sont enti\u00e8rement m\u00e9lang\u00e9s et mis dans le four de r\u00e9duction, puis chauff\u00e9s \u00e0 l\u2019hydrog\u00e8ne ou sous vide \u00e0 1500\u00b0C pendant un certain temps, la poudre de carbure de tantale peut \u00eatre produite.<\/p>\n<p>&nbsp;<\/p>\n<p>Domaine d\u2019application :<\/p>\n<p>&nbsp;<\/p>\n<p>A\u00e9rospatiale : Le carbure de tantale peut \u00eatre utilis\u00e9 pour fabriquer des mat\u00e9riaux structurels \u00e0 haute temp\u00e9rature et des rev\u00eatements r\u00e9sistants \u00e0 l\u2019usure, tels que des aubes de turbine de moteur \u00e0 r\u00e9action et des rev\u00eatements de tuy\u00e8re de fus\u00e9e, ce qui peut am\u00e9liorer leur r\u00e9sistance \u00e0 l\u2019ablation et prolonger leur dur\u00e9e de vie.<\/p>\n<p>Champ \u00e9lectronique\u00a0: Le carbure de tantale en raison de sa bonne conductivit\u00e9 et stabilit\u00e9, il peut \u00eatre utilis\u00e9 comme mat\u00e9riau d\u2019\u00e9lectrode pour am\u00e9liorer la stabilit\u00e9 et la fiabilit\u00e9 des appareils \u00e9lectroniques.<\/p>\n<p>Domaine c\u00e9ramique\u00a0: utilis\u00e9 dans la pr\u00e9paration de c\u00e9ramiques fines, peut am\u00e9liorer les performances des c\u00e9ramiques, telles que l\u2019am\u00e9lioration de la duret\u00e9 et de la r\u00e9sistance aux temp\u00e9ratures \u00e9lev\u00e9es des c\u00e9ramiques.<\/p>\n<p>D\u00e9p\u00f4t chimique en phase vapeur (CVD) : utilis\u00e9 comme mati\u00e8re premi\u00e8re pour CVD pour pr\u00e9parer des films et des rev\u00eatements de haute qualit\u00e9.<\/p>\n","protected":false},"excerpt":{"rendered":"<p>La poudre de carbure de tantale est un mat\u00e9riau m\u00e9tallo-c\u00e9ramique important.<\/p>\n<p>A\u00e9rospatiale : Le carbure de tantale peut \u00eatre utilis\u00e9 pour fabriquer des mat\u00e9riaux structurels \u00e0 haute temp\u00e9rature et des rev\u00eatements r\u00e9sistants \u00e0 l\u2019usure, tels que des aubes de turbine de moteur \u00e0 r\u00e9action et des rev\u00eatements de tuy\u00e8re de fus\u00e9e, ce qui peut am\u00e9liorer leur r\u00e9sistance \u00e0 l\u2019ablation et prolonger leur dur\u00e9e de vie.<\/p>\n<p>Champ \u00e9lectronique\u00a0: Le carbure de tantale en raison de sa bonne conductivit\u00e9 et de sa stabilit\u00e9, il peut \u00eatre utilis\u00e9 comme mat\u00e9riau d\u2019\u00e9lectrode pour am\u00e9liorer la stabilit\u00e9 et la fiabilit\u00e9 des appareils \u00e9lectroniques.<\/p>\n<p>&nbsp;<\/p>\n","protected":false},"featured_media":1033094,"comment_status":"open","ping_status":"closed","template":"","meta":{"_acf_changed":false},"product_brand":[],"product_cat":[240],"product_tag":[],"class_list":{"0":"post-1025748","1":"product","2":"type-product","3":"status-publish","4":"has-post-thumbnail","6":"product_cat-materiaux-c-n-b-si","8":"first","9":"instock","10":"shipping-taxable","11":"purchasable","12":"product-type-variable"},"acf":[],"_links":{"self":[{"href":"https:\/\/vimaterial.de\/fr\/wp-json\/wp\/v2\/product\/1025748","targetHints":{"allow":["GET"]}}],"collection":[{"href":"https:\/\/vimaterial.de\/fr\/wp-json\/wp\/v2\/product"}],"about":[{"href":"https:\/\/vimaterial.de\/fr\/wp-json\/wp\/v2\/types\/product"}],"replies":[{"embeddable":true,"href":"https:\/\/vimaterial.de\/fr\/wp-json\/wp\/v2\/comments?post=1025748"}],"wp:featuredmedia":[{"embeddable":true,"href":"https:\/\/vimaterial.de\/fr\/wp-json\/wp\/v2\/media\/1033094"}],"wp:attachment":[{"href":"https:\/\/vimaterial.de\/fr\/wp-json\/wp\/v2\/media?parent=1025748"}],"wp:term":[{"taxonomy":"product_brand","embeddable":true,"href":"https:\/\/vimaterial.de\/fr\/wp-json\/wp\/v2\/product_brand?post=1025748"},{"taxonomy":"product_cat","embeddable":true,"href":"https:\/\/vimaterial.de\/fr\/wp-json\/wp\/v2\/product_cat?post=1025748"},{"taxonomy":"product_tag","embeddable":true,"href":"https:\/\/vimaterial.de\/fr\/wp-json\/wp\/v2\/product_tag?post=1025748"}],"curies":[{"name":"wp","href":"https:\/\/api.w.org\/{rel}","templated":true}]}}