{"id":1025727,"date":"2024-06-17T15:50:37","date_gmt":"2024-06-17T07:50:37","guid":{"rendered":"https:\/\/vimaterial.de\/product\/chlorure-de-tantale\/"},"modified":"2024-09-05T18:11:47","modified_gmt":"2024-09-05T10:11:47","slug":"chlorure-de-tantale","status":"publish","type":"product","link":"https:\/\/vimaterial.de\/fr\/product\/chlorure-de-tantale\/","title":{"rendered":"Chlorure de tantale"},"content":{"rendered":"<p>La poudre de chlorure de tantale (TaCl5) est un compos\u00e9 inorganique cristallin monoclinique blanc.<\/p>\n<p>Propri\u00e9t\u00e9s<\/p>\n<p>Densit\u00e9 : 3,68 g\/cm\u00b3<\/p>\n<p>Point de fusion : 216\u00b0C<\/p>\n<p>Solubilit\u00e9 : Soluble dans les hydrocarbures aromatiques tels que le tolu\u00e8ne, le benz\u00e8ne, le m\u00e9sityl\u00e8ne, etc., insoluble dans le cyclohexane et le t\u00e9trachlorure de carbone.<\/p>\n<p>Propri\u00e9t\u00e9s chimiques\u00a0: Facile \u00e0 hydrolyser, et le pr\u00e9cipit\u00e9 d\u2019hydroxyde blanc pr\u00e9cipitera.Il peut \u00eatre d\u00e9compos\u00e9 en tantale m\u00e9tallique \u00e0 600\u00b0C sous vide.<\/p>\n<p>Application<\/p>\n<p>1. Domaine des mat\u00e9riaux \u00e9lectroniques : Pr\u00e9paration du verre optique : Le chlorure de tantale peut \u00eatre utilis\u00e9 pour fabriquer du verre avec des propri\u00e9t\u00e9s optiques sp\u00e9ciales, telles que la formation d\u2019un film isolant avec une forte adh\u00e9rence et une \u00e9paisseur de 0,1 \u03bcm sur la surface des composants \u00e9lectroniques et des dispositifs semi-conducteurs.Ce verre a des applications importantes dans les instruments optiques, les \u00e9quipements \u00e9lectroniques, etc., et a une constante di\u00e9lectrique \u00e9lev\u00e9e.<br \/>\nFabrication de mat\u00e9riaux d\u2019\u00e9lectrode : Dans la feuille de cuivre \u00e9lectrolytique de l\u2019industrie du chlore-alcali, la surface de l\u2019anode \u00e9lectrolytique de l\u2019industrie de la production d\u2019oxyg\u00e8ne et de l\u2019industrie des eaux us\u00e9es, elle est m\u00e9lang\u00e9e \u00e0 des compos\u00e9s de ruth\u00e9nium et de compos\u00e9s du groupe du platine pour former un film conducteur d\u2019oxyde, ce qui peut am\u00e9liorer l\u2019adh\u00e9rence du film et prolonger la dur\u00e9e de vie de l\u2019\u00e9lectrode de plus de 5 ans.<br \/>\n2. Domaine de synth\u00e8se chimique : Agent de chloration pour les compos\u00e9s organiques : En tant qu\u2019agent oxydant et chlorant puissant, il peut \u00eatre utilis\u00e9 dans les r\u00e9actions de synth\u00e8se organique pour chlorer certains groupes de compos\u00e9s organiques, tels que les alcools, les ald\u00e9hydes, les c\u00e9tones, les amines, etc.<br \/>\nPr\u00e9paration d\u2019autres compos\u00e9s du tantale : C\u2019est un interm\u00e9diaire important pour la synth\u00e8se d\u2019autres compos\u00e9s du tantale, tels que le carbure de tantale, etc.<br \/>\n3. Domaine des mat\u00e9riaux de rev\u00eatement\u00a0: Il peut \u00eatre utilis\u00e9 pour pr\u00e9parer des rev\u00eatements d\u2019oxyde de tantale, qui ont une bonne r\u00e9sistance \u00e0 l\u2019usure, une r\u00e9sistance \u00e0 la corrosion et une r\u00e9sistance aux hautes temp\u00e9ratures, et sont largement utilis\u00e9s dans l\u2019a\u00e9rospatiale, la fabrication de machines et d\u2019autres domaines.<br \/>\n4. Domaine m\u00e9dical : En m\u00e9decine, le chlorure de tantale peut \u00eatre utilis\u00e9 dans la pr\u00e9paration de certains mat\u00e9riaux sp\u00e9ciaux, mais cette application est encore au stade de la recherche.<br \/>\n5. Domaine de recherche scientifique : En laboratoire, le chlorure de tantale peut \u00eatre utilis\u00e9 comme catalyseur pour l\u2019\u00e9tude des r\u00e9actions de synth\u00e8se organique, et peut \u00e9galement \u00eatre utilis\u00e9 dans la recherche sur la science des mat\u00e9riaux et d\u2019autres aspects.<\/p>\n","protected":false},"excerpt":{"rendered":"<p>La poudre de chlorure de tantale (TaCl5) est un compos\u00e9 inorganique cristallin monoclinique blanc.<\/p>\n<p>Propri\u00e9t\u00e9s<\/p>\n<p>Densit\u00e9 : 3,68 g\/cm\u00b3<\/p>\n<p>Point de fusion : 216\u00b0C<\/p>\n<p>Solubilit\u00e9 : Soluble dans les hydrocarbures aromatiques tels que le tolu\u00e8ne, le benz\u00e8ne, le m\u00e9sityl\u00e8ne, etc., insoluble dans le cyclohexane et le t\u00e9trachlorure de carbone.<\/p>\n<p>Propri\u00e9t\u00e9s chimiques\u00a0: Facile \u00e0 hydrolyser, et le pr\u00e9cipit\u00e9 d\u2019hydroxyde blanc pr\u00e9cipitera.Il peut \u00eatre d\u00e9compos\u00e9 en tantale m\u00e9tallique \u00e0 600\u00b0C sous vide.<\/p>\n<p>Application<\/p>\n<p>1. Domaine des mat\u00e9riaux \u00e9lectroniques : Pr\u00e9paration du verre optique : Le chlorure de tantale peut \u00eatre utilis\u00e9 pour fabriquer du verre avec des propri\u00e9t\u00e9s optiques sp\u00e9ciales, telles que la formation d\u2019un film isolant avec une forte adh\u00e9rence et une \u00e9paisseur de 0,1 \u03bcm sur la surface des composants \u00e9lectroniques et des dispositifs semi-conducteurs.Ce verre a des applications importantes dans les instruments optiques, les \u00e9quipements \u00e9lectroniques, etc., et a une constante di\u00e9lectrique \u00e9lev\u00e9e.<br \/>\nFabrication de mat\u00e9riaux d\u2019\u00e9lectrode : Dans la feuille de cuivre \u00e9lectrolytique de l\u2019industrie du chlore-alcali, la surface de l\u2019anode \u00e9lectrolytique de l\u2019industrie de la production d\u2019oxyg\u00e8ne et de l\u2019industrie des eaux us\u00e9es, elle est m\u00e9lang\u00e9e \u00e0 des compos\u00e9s de ruth\u00e9nium et de compos\u00e9s du groupe du platine pour former un film conducteur d\u2019oxyde, ce qui peut am\u00e9liorer l\u2019adh\u00e9rence du film et prolonger la dur\u00e9e de vie de l\u2019\u00e9lectrode de plus de 5 ans.<br \/>\n2. Domaine de synth\u00e8se chimique : Agent de chloration pour les compos\u00e9s organiques : En tant qu\u2019agent oxydant et chlorant puissant, il peut \u00eatre utilis\u00e9 dans les r\u00e9actions de synth\u00e8se organique pour chlorer certains groupes de compos\u00e9s organiques, tels que les alcools, les ald\u00e9hydes, les c\u00e9tones, les amines, etc.<br \/>\nPr\u00e9paration d\u2019autres compos\u00e9s du tantale : C\u2019est un interm\u00e9diaire important pour la synth\u00e8se d\u2019autres compos\u00e9s du tantale, tels que le carbure de tantale, etc.<br \/>\n3. Domaine des mat\u00e9riaux de rev\u00eatement\u00a0: Il peut \u00eatre utilis\u00e9 pour pr\u00e9parer des rev\u00eatements d\u2019oxyde de tantale, qui ont une bonne r\u00e9sistance \u00e0 l\u2019usure, une r\u00e9sistance \u00e0 la corrosion et une r\u00e9sistance aux hautes temp\u00e9ratures, et sont largement utilis\u00e9s dans l\u2019a\u00e9rospatiale, la fabrication de machines et d\u2019autres domaines.<br \/>\n4. Domaine m\u00e9dical : En m\u00e9decine, le chlorure de tantale peut \u00eatre utilis\u00e9 dans la pr\u00e9paration de certains mat\u00e9riaux sp\u00e9ciaux, mais cette application est encore au stade de la recherche.<br \/>\n5. Domaine de recherche scientifique : En laboratoire, le chlorure de tantale peut \u00eatre utilis\u00e9 comme catalyseur pour l\u2019\u00e9tude des r\u00e9actions de synth\u00e8se organique, et peut \u00e9galement \u00eatre utilis\u00e9 dans la recherche sur la science des mat\u00e9riaux et d\u2019autres aspects.<\/p>\n","protected":false},"featured_media":1033099,"comment_status":"open","ping_status":"closed","template":"","meta":{"_acf_changed":false},"product_brand":[],"product_cat":[239],"product_tag":[],"class_list":{"0":"post-1025727","1":"product","2":"type-product","3":"status-publish","4":"has-post-thumbnail","6":"product_cat-materiaux-halogenes","8":"first","9":"instock","10":"shipping-taxable","11":"product-type-variable"},"acf":[],"_links":{"self":[{"href":"https:\/\/vimaterial.de\/fr\/wp-json\/wp\/v2\/product\/1025727","targetHints":{"allow":["GET"]}}],"collection":[{"href":"https:\/\/vimaterial.de\/fr\/wp-json\/wp\/v2\/product"}],"about":[{"href":"https:\/\/vimaterial.de\/fr\/wp-json\/wp\/v2\/types\/product"}],"replies":[{"embeddable":true,"href":"https:\/\/vimaterial.de\/fr\/wp-json\/wp\/v2\/comments?post=1025727"}],"wp:featuredmedia":[{"embeddable":true,"href":"https:\/\/vimaterial.de\/fr\/wp-json\/wp\/v2\/media\/1033099"}],"wp:attachment":[{"href":"https:\/\/vimaterial.de\/fr\/wp-json\/wp\/v2\/media?parent=1025727"}],"wp:term":[{"taxonomy":"product_brand","embeddable":true,"href":"https:\/\/vimaterial.de\/fr\/wp-json\/wp\/v2\/product_brand?post=1025727"},{"taxonomy":"product_cat","embeddable":true,"href":"https:\/\/vimaterial.de\/fr\/wp-json\/wp\/v2\/product_cat?post=1025727"},{"taxonomy":"product_tag","embeddable":true,"href":"https:\/\/vimaterial.de\/fr\/wp-json\/wp\/v2\/product_tag?post=1025727"}],"curies":[{"name":"wp","href":"https:\/\/api.w.org\/{rel}","templated":true}]}}