{"id":1025718,"date":"2024-06-17T15:50:37","date_gmt":"2024-06-17T07:50:37","guid":{"rendered":"https:\/\/vimaterial.de\/product\/carbure-de-tantale\/"},"modified":"2024-10-15T15:46:16","modified_gmt":"2024-10-15T07:46:16","slug":"carbure-de-tantale","status":"publish","type":"product","link":"https:\/\/vimaterial.de\/fr\/product\/carbure-de-tantale\/","title":{"rendered":"Carbure de tantale"},"content":{"rendered":"<p>La cible en carbure de tantale est une cible de pulv\u00e9risation importante avec une large gamme d\u2019applications.<\/p>\n<p>Informations de base :<\/p>\n<p>Composition : principalement compos\u00e9 de carbure de tantale (TaC), un compos\u00e9 form\u00e9 d\u2019\u00e9l\u00e9ments tantale (Ta) et carbone (C).<br \/>\nDuret\u00e9 \u00e9lev\u00e9e : duret\u00e9 de Mohs entre 9-10, comparable \u00e0 celle du diamant.<br \/>\nPoint de fusion \u00e9lev\u00e9 : point de fusion jusqu\u2019\u00e0 3880\u00b0C.<br \/>\nBonne conductivit\u00e9 \u00e9lectrique : faible r\u00e9sistance \u00e0 temp\u00e9rature ambiante, bonne conductivit\u00e9 \u00e9lectrique, ce qui est propice \u00e0 la formation d\u2019un plasma stable dans le processus de pulv\u00e9risation, am\u00e9liore l\u2019efficacit\u00e9 de pulv\u00e9risation et la qualit\u00e9 du film.<br \/>\nHaute densit\u00e9 : g\u00e9n\u00e9ralement sup\u00e9rieure \u00e0 14 g\/cm\u00b3, ce qui fait que le mat\u00e9riau cible dans le processus de pulv\u00e9risation a une bonne stabilit\u00e9, n\u2019est pas facile d\u2019\u00eatre impact\u00e9 par les particules de pulv\u00e9risation et le d\u00e9placement ou la d\u00e9formation.<\/p>\n<p>Domaines d\u2019application :<\/p>\n<p>Industrie des semi-conducteurs : Dans la fabrication de semi-conducteurs, les cibles en carbure de tantale peuvent \u00eatre utilis\u00e9es dans le processus de d\u00e9p\u00f4t physique en phase vapeur (PVD) pour pr\u00e9parer des films minces avec des fonctions sp\u00e9cifiques, telles que des films conducteurs et des couches barri\u00e8res.<\/p>\n<p>Optique\u00a0: Utilis\u00e9s dans la pr\u00e9paration de films optiques, tels que les films antireflets, les films d\u2019am\u00e9lioration de la transmission, etc., ils peuvent am\u00e9liorer les performances des composants optiques et augmenter la r\u00e9solution et la transmittance des syst\u00e8mes optiques.<\/p>\n<p>Rev\u00eatement dur : En raison de sa duret\u00e9 \u00e9lev\u00e9e et de sa bonne r\u00e9sistance \u00e0 l\u2019abrasion, il peut \u00eatre utilis\u00e9 comme mat\u00e9riau de rev\u00eatement dur sur les surfaces des outils de coupe, des moules, etc. pour am\u00e9liorer leur dur\u00e9e de vie et leurs performances de coupe.<\/p>\n<p>Domaine a\u00e9rospatial : Dans le domaine a\u00e9rospatial, les cibles en carbure de tantale peuvent \u00eatre utilis\u00e9es pour pr\u00e9parer des mat\u00e9riaux structurels \u00e0 haute temp\u00e9rature et des rev\u00eatements r\u00e9sistants \u00e0 l\u2019usure, tels que des aubes de turbine de moteur \u00e0 r\u00e9action et des rev\u00eatements de tuy\u00e8re de fus\u00e9e, etc., ce qui peut am\u00e9liorer leurs performances anti-br\u00fblure et prolonger leur dur\u00e9e de vie.<\/p>\n","protected":false},"excerpt":{"rendered":"<p>La cible en carbure de tantale est une cible de pulv\u00e9risation importante avec une large gamme d\u2019applications.<\/p>\n<p>Industrie des semi-conducteurs : Dans la fabrication de semi-conducteurs, les cibles en carbure de tantale peuvent \u00eatre utilis\u00e9es dans le processus de d\u00e9p\u00f4t physique en phase vapeur (PVD) pour pr\u00e9parer des films minces avec des fonctions sp\u00e9cifiques, telles que des films conducteurs et des couches barri\u00e8res.<\/p>\n<p>Optique\u00a0: Utilis\u00e9s dans la pr\u00e9paration de films optiques, tels que les films antireflets, les films d\u2019am\u00e9lioration de la transmission, etc., ils peuvent am\u00e9liorer les performances des composants optiques et augmenter la r\u00e9solution et la transmittance des syst\u00e8mes optiques.<\/p>\n<p>&nbsp;<\/p>\n","protected":false},"featured_media":1037852,"comment_status":"open","ping_status":"closed","template":"","meta":{"_acf_changed":false},"product_brand":[],"product_cat":[235],"product_tag":[],"class_list":{"0":"post-1025718","1":"product","2":"type-product","3":"status-publish","4":"has-post-thumbnail","6":"product_cat-cibles-de-pulverisation-planaire","8":"first","9":"instock","10":"shipping-taxable","11":"product-type-variable"},"acf":[],"_links":{"self":[{"href":"https:\/\/vimaterial.de\/fr\/wp-json\/wp\/v2\/product\/1025718","targetHints":{"allow":["GET"]}}],"collection":[{"href":"https:\/\/vimaterial.de\/fr\/wp-json\/wp\/v2\/product"}],"about":[{"href":"https:\/\/vimaterial.de\/fr\/wp-json\/wp\/v2\/types\/product"}],"replies":[{"embeddable":true,"href":"https:\/\/vimaterial.de\/fr\/wp-json\/wp\/v2\/comments?post=1025718"}],"wp:featuredmedia":[{"embeddable":true,"href":"https:\/\/vimaterial.de\/fr\/wp-json\/wp\/v2\/media\/1037852"}],"wp:attachment":[{"href":"https:\/\/vimaterial.de\/fr\/wp-json\/wp\/v2\/media?parent=1025718"}],"wp:term":[{"taxonomy":"product_brand","embeddable":true,"href":"https:\/\/vimaterial.de\/fr\/wp-json\/wp\/v2\/product_brand?post=1025718"},{"taxonomy":"product_cat","embeddable":true,"href":"https:\/\/vimaterial.de\/fr\/wp-json\/wp\/v2\/product_cat?post=1025718"},{"taxonomy":"product_tag","embeddable":true,"href":"https:\/\/vimaterial.de\/fr\/wp-json\/wp\/v2\/product_tag?post=1025718"}],"curies":[{"name":"wp","href":"https:\/\/api.w.org\/{rel}","templated":true}]}}