{"id":1025508,"date":"2024-06-17T15:50:38","date_gmt":"2024-06-17T07:50:38","guid":{"rendered":"https:\/\/vimaterial.de\/product\/nitrure-de-tantale-3\/"},"modified":"2024-10-15T16:56:26","modified_gmt":"2024-10-15T08:56:26","slug":"nitrure-de-tantale-3","status":"publish","type":"product","link":"https:\/\/vimaterial.de\/fr\/product\/nitrure-de-tantale-3\/","title":{"rendered":"Nitrure de tantale"},"content":{"rendered":"<p>Les granules de nitrure de tantale sont une mati\u00e8re chimique importante.<\/p>\n<p>Informations de base :<\/p>\n<p>Composition chimique : principalement compos\u00e9 d\u2019\u00e9l\u00e9ments tantale (Ta) et azot\u00e9 (N), la formule chimique est TaN.<br \/>\nStructure cristalline : structure cristalline g\u00e9n\u00e9ralement hexagonale, mais d\u2019autres types de cristaux existent \u00e9galement.<br \/>\nCouleur : G\u00e9n\u00e9ralement noire ou grise, bien que la couleur puisse varier en fonction de facteurs tels que la taille des particules, la puret\u00e9 et la m\u00e9thode de pr\u00e9paration.<br \/>\nDensit\u00e9 : La densit\u00e9 relative est \u00e9lev\u00e9e, environ 14,36 g\/cm\u00b3.<br \/>\nDuret\u00e9\u00a0: Duret\u00e9 \u00e9lev\u00e9e avec une bonne r\u00e9sistance \u00e0 l\u2019abrasion et aux rayures.<br \/>\nPoint de fusion : jusqu\u2019\u00e0 3090\u00b0C. Il a une excellente r\u00e9sistance aux temp\u00e9ratures \u00e9lev\u00e9es et peut rester stable dans des environnements \u00e0 haute temp\u00e9rature.<\/p>\n<p>Domaine d\u2019application :<\/p>\n<p>Mat\u00e9riaux \u00e9lectroniques : peut \u00eatre utilis\u00e9 pour fabriquer des r\u00e9sistances \u00e0 puce, des condensateurs \u00e0 film et d\u2019autres composants \u00e9lectroniques. Dans la fabrication de circuits int\u00e9gr\u00e9s, les particules de nitrure de tantale peuvent \u00eatre utilis\u00e9es pour former des films conducteurs, des couches barri\u00e8res, etc., qui jouent un r\u00f4le dans la connexion des circuits et la pr\u00e9vention de la diffusion des ions m\u00e9talliques.<\/p>\n<p>Rev\u00eatement dur : En raison de sa duret\u00e9 \u00e9lev\u00e9e et de sa bonne r\u00e9sistance \u00e0 l\u2019abrasion, il peut \u00eatre utilis\u00e9 comme mat\u00e9riau de rev\u00eatement dur \u00e0 la surface des outils de coupe, des moules et d\u2019autres surfaces pour am\u00e9liorer leur dur\u00e9e de vie et leurs performances de coupe.<\/p>\n<p>Additifs de mat\u00e9riaux superdurs : utilis\u00e9s comme additifs dans la pr\u00e9paration de mat\u00e9riaux superdurs, ils peuvent am\u00e9liorer la duret\u00e9, la t\u00e9nacit\u00e9 et d\u2019autres propri\u00e9t\u00e9s du mat\u00e9riau.<\/p>\n","protected":false},"excerpt":{"rendered":"<p>Les granules de nitrure de tantale sont une mati\u00e8re chimique importante.<\/p>\n<p>Mat\u00e9riaux \u00e9lectroniques : peut \u00eatre utilis\u00e9 pour fabriquer des r\u00e9sistances \u00e0 puce, des condensateurs \u00e0 film et d\u2019autres composants \u00e9lectroniques. Dans la fabrication de circuits int\u00e9gr\u00e9s, les particules de nitrure de tantale peuvent \u00eatre utilis\u00e9es pour former des films conducteurs, des couches barri\u00e8res, etc., qui jouent un r\u00f4le dans la connexion des circuits et la pr\u00e9vention de la diffusion des ions m\u00e9talliques.<\/p>\n<p>Rev\u00eatement dur : En raison de sa duret\u00e9 \u00e9lev\u00e9e et de sa bonne r\u00e9sistance \u00e0 l\u2019abrasion, il peut \u00eatre utilis\u00e9 comme mat\u00e9riau de rev\u00eatement dur \u00e0 la surface des outils de coupe, des moules et d\u2019autres surfaces pour am\u00e9liorer leur dur\u00e9e de vie et leurs performances de coupe.<\/p>\n","protected":false},"featured_media":1033109,"comment_status":"open","ping_status":"closed","template":"","meta":{"_acf_changed":false},"product_brand":[],"product_cat":[236],"product_tag":[],"class_list":{"0":"post-1025508","1":"product","2":"type-product","3":"status-publish","4":"has-post-thumbnail","6":"product_cat-materiaux-devaporation","8":"first","9":"instock","10":"shipping-taxable","11":"product-type-variable"},"acf":[],"_links":{"self":[{"href":"https:\/\/vimaterial.de\/fr\/wp-json\/wp\/v2\/product\/1025508","targetHints":{"allow":["GET"]}}],"collection":[{"href":"https:\/\/vimaterial.de\/fr\/wp-json\/wp\/v2\/product"}],"about":[{"href":"https:\/\/vimaterial.de\/fr\/wp-json\/wp\/v2\/types\/product"}],"replies":[{"embeddable":true,"href":"https:\/\/vimaterial.de\/fr\/wp-json\/wp\/v2\/comments?post=1025508"}],"wp:featuredmedia":[{"embeddable":true,"href":"https:\/\/vimaterial.de\/fr\/wp-json\/wp\/v2\/media\/1033109"}],"wp:attachment":[{"href":"https:\/\/vimaterial.de\/fr\/wp-json\/wp\/v2\/media?parent=1025508"}],"wp:term":[{"taxonomy":"product_brand","embeddable":true,"href":"https:\/\/vimaterial.de\/fr\/wp-json\/wp\/v2\/product_brand?post=1025508"},{"taxonomy":"product_cat","embeddable":true,"href":"https:\/\/vimaterial.de\/fr\/wp-json\/wp\/v2\/product_cat?post=1025508"},{"taxonomy":"product_tag","embeddable":true,"href":"https:\/\/vimaterial.de\/fr\/wp-json\/wp\/v2\/product_tag?post=1025508"}],"curies":[{"name":"wp","href":"https:\/\/api.w.org\/{rel}","templated":true}]}}