{"id":1025482,"date":"2024-06-17T15:50:38","date_gmt":"2024-06-17T07:50:38","guid":{"rendered":"https:\/\/vimaterial.de\/product\/nitrure-de-tantale-2\/"},"modified":"2024-10-15T16:17:41","modified_gmt":"2024-10-15T08:17:41","slug":"nitrure-de-tantale-2","status":"publish","type":"product","link":"https:\/\/vimaterial.de\/fr\/product\/nitrure-de-tantale-2\/","title":{"rendered":"Nitrure de tantale"},"content":{"rendered":"<p>La poudre de nitrure de tantale est une mati\u00e8re chimique importante.<\/p>\n<p>Informations de base :<\/p>\n<p>Formule chimique : TaN<br \/>\nPoids mol\u00e9culaire : 194.957<br \/>\nN\u00b0 CAS : 12033-62-4<br \/>\nCouleur : G\u00e9n\u00e9ralement des cristaux hexagonaux noirs.<br \/>\nDensit\u00e9 : Densit\u00e9 relative 13,4.<br \/>\nPoint de fusion : jusqu\u2019\u00e0 3090\u00b0C, avec une haute r\u00e9sistance aux hautes temp\u00e9ratures.<br \/>\nDuret\u00e9\u00a0: microduret\u00e9 \u00e9lev\u00e9e, environ 1100kg\/mm\u00b2.<br \/>\nConductivit\u00e9 thermique : 9,54 W\/(m\u30fbK).<br \/>\nR\u00e9sistivit\u00e9 : 128\u03bc\u03a9\u30fbcm.<\/p>\n<p>Utilisations\u00a0:<\/p>\n<p>Mat\u00e9riaux \u00e9lectroniques domaine\u00a0: peut \u00eatre utilis\u00e9 pour fabriquer des r\u00e9sistances \u00e0 puce, et les r\u00e9sistances au nitrure de tantale peuvent r\u00e9sister \u00e0 l\u2019\u00e9rosion de la vapeur d\u2019eau, dans la fabrication de circuits int\u00e9gr\u00e9s, peuvent \u00eatre utilis\u00e9s pour former des r\u00e9sistances \u00e0 montage en surface \u00e0 couche mince, augmenter la stabilit\u00e9 \u00e9lectrique des transformateurs, des circuits int\u00e9gr\u00e9s, des diodes.<\/p>\n<p>Additifs de mat\u00e9riaux superdurs\u00a0: utilis\u00e9s comme additifs dans la pr\u00e9paration de mat\u00e9riaux superdurs, peuvent am\u00e9liorer la duret\u00e9, la r\u00e9sistance \u00e0 l\u2019usure et d\u2019autres propri\u00e9t\u00e9s du mat\u00e9riau.<\/p>\n<p>Mat\u00e9riaux de pulv\u00e9risation : Utilis\u00e9 pour la pulv\u00e9risation afin d\u2019am\u00e9liorer les propri\u00e9t\u00e9s des mat\u00e9riaux, telles que l\u2019am\u00e9lioration de la r\u00e9sistance \u00e0 la corrosion et de la r\u00e9sistance \u00e0 l\u2019usure des mat\u00e9riaux.<\/p>\n","protected":false},"excerpt":{"rendered":"<p>La poudre de nitrure de tantale est une mati\u00e8re chimique importante.<\/p>\n<p>Mat\u00e9riaux \u00e9lectroniques : peut \u00eatre utilis\u00e9 pour fabriquer des r\u00e9sistances \u00e0 puce, et les r\u00e9sistances au nitrure de tantale peuvent r\u00e9sister \u00e0 l\u2019\u00e9rosion de la vapeur d\u2019eau, dans la fabrication de circuits int\u00e9gr\u00e9s, peuvent \u00eatre utilis\u00e9es pour former des r\u00e9sistances \u00e0 montage en surface \u00e0 couche mince, augmenter la stabilit\u00e9 \u00e9lectrique des transformateurs, des circuits int\u00e9gr\u00e9s, des diodes.<\/p>\n<p>Additifs de mat\u00e9riaux superdurs\u00a0: utilis\u00e9s comme additifs dans la pr\u00e9paration de mat\u00e9riaux superdurs, peuvent am\u00e9liorer la duret\u00e9, la r\u00e9sistance \u00e0 l\u2019usure et d\u2019autres propri\u00e9t\u00e9s du mat\u00e9riau.<\/p>\n","protected":false},"featured_media":1033114,"comment_status":"open","ping_status":"closed","template":"","meta":{"_acf_changed":false},"product_brand":[],"product_cat":[240],"product_tag":[],"class_list":{"0":"post-1025482","1":"product","2":"type-product","3":"status-publish","4":"has-post-thumbnail","6":"product_cat-materiaux-c-n-b-si","8":"first","9":"instock","10":"shipping-taxable","11":"purchasable","12":"product-type-variable"},"acf":[],"_links":{"self":[{"href":"https:\/\/vimaterial.de\/fr\/wp-json\/wp\/v2\/product\/1025482","targetHints":{"allow":["GET"]}}],"collection":[{"href":"https:\/\/vimaterial.de\/fr\/wp-json\/wp\/v2\/product"}],"about":[{"href":"https:\/\/vimaterial.de\/fr\/wp-json\/wp\/v2\/types\/product"}],"replies":[{"embeddable":true,"href":"https:\/\/vimaterial.de\/fr\/wp-json\/wp\/v2\/comments?post=1025482"}],"wp:featuredmedia":[{"embeddable":true,"href":"https:\/\/vimaterial.de\/fr\/wp-json\/wp\/v2\/media\/1033114"}],"wp:attachment":[{"href":"https:\/\/vimaterial.de\/fr\/wp-json\/wp\/v2\/media?parent=1025482"}],"wp:term":[{"taxonomy":"product_brand","embeddable":true,"href":"https:\/\/vimaterial.de\/fr\/wp-json\/wp\/v2\/product_brand?post=1025482"},{"taxonomy":"product_cat","embeddable":true,"href":"https:\/\/vimaterial.de\/fr\/wp-json\/wp\/v2\/product_cat?post=1025482"},{"taxonomy":"product_tag","embeddable":true,"href":"https:\/\/vimaterial.de\/fr\/wp-json\/wp\/v2\/product_tag?post=1025482"}],"curies":[{"name":"wp","href":"https:\/\/api.w.org\/{rel}","templated":true}]}}