{"id":1025438,"date":"2024-06-17T15:50:39","date_gmt":"2024-06-17T07:50:39","guid":{"rendered":"https:\/\/vimaterial.de\/product\/sulfure-de-tantale\/"},"modified":"2024-10-12T13:29:10","modified_gmt":"2024-10-12T05:29:10","slug":"sulfure-de-tantale","status":"publish","type":"product","link":"https:\/\/vimaterial.de\/fr\/product\/sulfure-de-tantale\/","title":{"rendered":"Sulfure de tantale"},"content":{"rendered":"<p>La poudre de sulfure de tantale (TaS\u2082) est un compos\u00e9 inorganique important.<\/p>\n<p>&nbsp;<\/p>\n<p>Informations de base :<\/p>\n<p>&nbsp;<\/p>\n<p>Formule chimique : TaS\u2082.<\/p>\n<p>Poids mol\u00e9culaire : 245,0779 g\/mol.<\/p>\n<p>Num\u00e9ro CAS : 12143-72-5.<\/p>\n<p>Apparence\u00a0: G\u00e9n\u00e9ralement de la poudre noire.<\/p>\n<p>Point de fusion : point de fusion \u00e9lev\u00e9, environ 1300\u00b0C.<\/p>\n<p>&nbsp;<\/p>\n<p>M\u00e9thode de pr\u00e9paration :<\/p>\n<p>&nbsp;<\/p>\n<p>M\u00e9thode de la phase solide \u00e0 haute temp\u00e9rature : la source de tantale (telle que la poudre de tantale, l\u2019oxyde de tantale, etc.) et la source de soufre (telle que la poudre de soufre, le sulfure d\u2019hydrog\u00e8ne, etc.) sont m\u00e9lang\u00e9es dans une certaine proportion, et la r\u00e9action en phase solide est effectu\u00e9e \u00e0 haute temp\u00e9rature pour pr\u00e9parer la poudre de sulfure de tantale.<\/p>\n<p>&nbsp;<\/p>\n<p>M\u00e9thode de d\u00e9p\u00f4t chimique en phase vapeur : L\u2019utilisation de compos\u00e9s organiques de tantale et de gaz soufr\u00e9s dans la phase gazeuse dans des conditions de r\u00e9action biochimique, d\u00e9pos\u00e9s sur le substrat film ou poudre de sulfure de tantale.<\/p>\n<p>&nbsp;<\/p>\n<p>Domaine d\u2019application :<\/p>\n<p>&nbsp;<\/p>\n<p>Lubrifiant : En raison de sa structure en couches et de son faible coefficient de frottement, il peut \u00eatre utilis\u00e9 comme lubrifiant solide dans des environnements sp\u00e9ciaux tels que les temp\u00e9ratures \u00e9lev\u00e9es, les pressions \u00e9lev\u00e9es et le vide pouss\u00e9.<\/p>\n<p>&nbsp;<\/p>\n<p>Mat\u00e9riaux de la batterie : Le sulfure de tantale peut \u00eatre utilis\u00e9 comme mat\u00e9riau d\u2019\u00e9lectrode dans les batteries lithium-ion et d\u2019autres types de batteries, sa structure unique et ses propri\u00e9t\u00e9s chimiques contribuent \u00e0 am\u00e9liorer les performances de la batterie.<\/p>\n<p>&nbsp;<\/p>\n<p>Catalyseur : Il peut \u00eatre utilis\u00e9 comme catalyseur dans certaines r\u00e9actions chimiques, telles que l\u2019hydrog\u00e9nation, la d\u00e9sulfuration et d\u2019autres r\u00e9actions ayant une valeur d\u2019application potentielle. Mat\u00e9riau de blindage \u00e9lectromagn\u00e9tique : en raison de sa bonne conductivit\u00e9 \u00e9lectrique, il peut \u00eatre utilis\u00e9 pour fabriquer des films de blindage \u00e9lectromagn\u00e9tique.<\/p>\n","protected":false},"excerpt":{"rendered":"<p>La poudre de disulfure de tantale (TaS\u2082) est un compos\u00e9 inorganique important.<\/p>\n<p>Lubrifiant : En raison de sa structure en couches et de son faible coefficient de frottement, il peut \u00eatre utilis\u00e9 comme lubrifiant solide dans des environnements sp\u00e9ciaux tels que les temp\u00e9ratures \u00e9lev\u00e9es, les pressions \u00e9lev\u00e9es et le vide pouss\u00e9.<\/p>\n<p>Mat\u00e9riaux de la batterie : Le sulfure de tantale peut \u00eatre utilis\u00e9 comme mat\u00e9riau d\u2019\u00e9lectrode dans les batteries lithium-ion et d\u2019autres types de batteries, sa structure unique et ses propri\u00e9t\u00e9s chimiques contribuent \u00e0 am\u00e9liorer les performances de la batterie.<\/p>\n","protected":false},"featured_media":1033134,"comment_status":"open","ping_status":"closed","template":"","meta":{"_acf_changed":false},"product_brand":[],"product_cat":[238],"product_tag":[],"class_list":{"0":"post-1025438","1":"product","2":"type-product","3":"status-publish","4":"has-post-thumbnail","6":"product_cat-materiaux-de-chalcogenure","8":"first","9":"instock","10":"shipping-taxable","11":"purchasable","12":"product-type-variable"},"acf":[],"_links":{"self":[{"href":"https:\/\/vimaterial.de\/fr\/wp-json\/wp\/v2\/product\/1025438","targetHints":{"allow":["GET"]}}],"collection":[{"href":"https:\/\/vimaterial.de\/fr\/wp-json\/wp\/v2\/product"}],"about":[{"href":"https:\/\/vimaterial.de\/fr\/wp-json\/wp\/v2\/types\/product"}],"replies":[{"embeddable":true,"href":"https:\/\/vimaterial.de\/fr\/wp-json\/wp\/v2\/comments?post=1025438"}],"wp:featuredmedia":[{"embeddable":true,"href":"https:\/\/vimaterial.de\/fr\/wp-json\/wp\/v2\/media\/1033134"}],"wp:attachment":[{"href":"https:\/\/vimaterial.de\/fr\/wp-json\/wp\/v2\/media?parent=1025438"}],"wp:term":[{"taxonomy":"product_brand","embeddable":true,"href":"https:\/\/vimaterial.de\/fr\/wp-json\/wp\/v2\/product_brand?post=1025438"},{"taxonomy":"product_cat","embeddable":true,"href":"https:\/\/vimaterial.de\/fr\/wp-json\/wp\/v2\/product_cat?post=1025438"},{"taxonomy":"product_tag","embeddable":true,"href":"https:\/\/vimaterial.de\/fr\/wp-json\/wp\/v2\/product_tag?post=1025438"}],"curies":[{"name":"wp","href":"https:\/\/api.w.org\/{rel}","templated":true}]}}