{"id":1025432,"date":"2024-06-17T15:50:39","date_gmt":"2024-06-17T07:50:39","guid":{"rendered":"https:\/\/vimaterial.de\/product\/phosphure-de-tantale\/"},"modified":"2024-10-15T17:20:11","modified_gmt":"2024-10-15T09:20:11","slug":"phosphure-de-tantale","status":"publish","type":"product","link":"https:\/\/vimaterial.de\/fr\/product\/phosphure-de-tantale\/","title":{"rendered":"Phosphure de tantale"},"content":{"rendered":"<p>La poudre de phosphure de tantale est une poudre compos\u00e9e inorganique compos\u00e9e des \u00e9l\u00e9ments tantale (Ta) et phosphore (P).<\/p>\n<p>Informations de base :<\/p>\n<p>Formule chimique\u00a0: TaP, le poids mol\u00e9culaire est de 211.9216.<br \/>\nN\u00b0 CAS : 12037-63-7.<br \/>\nApparence\u00a0: G\u00e9n\u00e9ralement poudre gris-noir.<br \/>\nStructure cristalline : Cristaux hexagonaux et orthorhombiques.<br \/>\nDensit\u00e9 : environ 10,9 g\/cm\u00b3.<\/p>\n<p>M\u00e9thode de pr\u00e9paration :<\/p>\n<p>M\u00e9thode en phase solide : le tantale et le phosg\u00e8ne r\u00e9agissent directement \u00e0 haute temp\u00e9rature pour produire du phosphure de tantale.<\/p>\n<p>M\u00e9thode en phase gazeuse : Pr\u00e9par\u00e9e en faisant r\u00e9agir le phosphure d\u2019hydrog\u00e8ne dans le gaz de r\u00e9action avec du tantale m\u00e9tallique \u00e0 une temp\u00e9rature et une pression appropri\u00e9es.<\/p>\n<p>Domaines d\u2019application :<\/p>\n<p>Industrie \u00e9lectronique : Il peut \u00eatre utilis\u00e9 pour pr\u00e9parer des composants \u00e9lectroniques, comme dans la fabrication de semi-conducteurs pour la formation de structures de couches minces sp\u00e9cifiques, etc., ce qui est utile pour am\u00e9liorer les performances des appareils \u00e9lectroniques.<\/p>\n<p>Recherche sur les mat\u00e9riaux : en tant que mat\u00e9riau compos\u00e9 sp\u00e9cial, il peut \u00eatre utilis\u00e9 dans la recherche en science des mat\u00e9riaux pour explorer les propri\u00e9t\u00e9s et les applications de nouveaux mat\u00e9riaux, ce qui est important pour le d\u00e9veloppement de mat\u00e9riaux ayant des fonctions sp\u00e9ciales.<\/p>\n","protected":false},"excerpt":{"rendered":"<p>La poudre de phosphure de tantale est une poudre compos\u00e9e inorganique compos\u00e9e des \u00e9l\u00e9ments tantale (Ta) et phosphore (P).<\/p>\n<p>Industrie \u00e9lectronique : Il peut \u00eatre utilis\u00e9 pour pr\u00e9parer des composants \u00e9lectroniques, comme dans la fabrication de semi-conducteurs pour la formation de structures de couches minces sp\u00e9cifiques, etc., ce qui est utile pour am\u00e9liorer les performances des appareils \u00e9lectroniques.<\/p>\n<p>Recherche sur les mat\u00e9riaux : en tant que mat\u00e9riau compos\u00e9 sp\u00e9cial, il peut \u00eatre utilis\u00e9 dans la recherche en science des mat\u00e9riaux pour explorer les propri\u00e9t\u00e9s et les applications de nouveaux mat\u00e9riaux, ce qui est important pour le d\u00e9veloppement de mat\u00e9riaux ayant des fonctions sp\u00e9ciales.<\/p>\n<p>&nbsp;<\/p>\n","protected":false},"featured_media":1033129,"comment_status":"open","ping_status":"closed","template":"","meta":{"_acf_changed":false},"product_brand":[],"product_cat":[251],"product_tag":[],"class_list":{"0":"post-1025432","1":"product","2":"type-product","3":"status-publish","4":"has-post-thumbnail","6":"product_cat-materiaux-phosphores","8":"first","9":"instock","10":"shipping-taxable","11":"product-type-variable"},"acf":[],"_links":{"self":[{"href":"https:\/\/vimaterial.de\/fr\/wp-json\/wp\/v2\/product\/1025432","targetHints":{"allow":["GET"]}}],"collection":[{"href":"https:\/\/vimaterial.de\/fr\/wp-json\/wp\/v2\/product"}],"about":[{"href":"https:\/\/vimaterial.de\/fr\/wp-json\/wp\/v2\/types\/product"}],"replies":[{"embeddable":true,"href":"https:\/\/vimaterial.de\/fr\/wp-json\/wp\/v2\/comments?post=1025432"}],"wp:featuredmedia":[{"embeddable":true,"href":"https:\/\/vimaterial.de\/fr\/wp-json\/wp\/v2\/media\/1033129"}],"wp:attachment":[{"href":"https:\/\/vimaterial.de\/fr\/wp-json\/wp\/v2\/media?parent=1025432"}],"wp:term":[{"taxonomy":"product_brand","embeddable":true,"href":"https:\/\/vimaterial.de\/fr\/wp-json\/wp\/v2\/product_brand?post=1025432"},{"taxonomy":"product_cat","embeddable":true,"href":"https:\/\/vimaterial.de\/fr\/wp-json\/wp\/v2\/product_cat?post=1025432"},{"taxonomy":"product_tag","embeddable":true,"href":"https:\/\/vimaterial.de\/fr\/wp-json\/wp\/v2\/product_tag?post=1025432"}],"curies":[{"name":"wp","href":"https:\/\/api.w.org\/{rel}","templated":true}]}}