{"id":1025209,"date":"2024-06-17T15:50:43","date_gmt":"2024-06-17T07:50:43","guid":{"rendered":"https:\/\/vimaterial.de\/product\/tungstene-metal-2\/"},"modified":"2024-10-28T17:03:54","modified_gmt":"2024-10-28T09:03:54","slug":"tungstene-metal-2","status":"publish","type":"product","link":"https:\/\/vimaterial.de\/fr\/product\/tungstene-metal-2\/","title":{"rendered":"Tungst\u00e8ne m\u00e9tal"},"content":{"rendered":"<h3>Informations de base<\/h3>\n<p>Composant principal\u00a0: W, avec une puret\u00e9 \u00e9lev\u00e9e, g\u00e9n\u00e9ralement la puret\u00e9 de la bobine de tungst\u00e8ne de qualit\u00e9 industrielle est sup\u00e9rieure \u00e0 99%.<\/p>\n<p>Structure cristalline : Le Tungst\u00e8ne m\u00e9tal a une structure cubique centr\u00e9e sur le corps.<\/p>\n<p>Taille\u00a0: La sp\u00e9cification de largeur commune est de 5 \u00e0 50 mm et l\u2019\u00e9paisseur est g\u00e9n\u00e9ralement de 0,1 \u00e0 5 mm.<\/p>\n<p>Apparence\u00a0: Les bobines de tungst\u00e8ne ont la forme d\u2019une bobine de ruban, et la surface est g\u00e9n\u00e9ralement lisse et a un lustre m\u00e9tallique.<\/p>\n<p>Densit\u00e9 : 19,3 g\/cm\u00b3.<\/p>\n<p>Duret\u00e9\u00a0: 7,5.<\/p>\n<h3>Domaines d\u2019application<\/h3>\n<p>Mat\u00e9riau de l\u2019\u00e9lectrode : la bobine Tungst\u00e8ne m\u00e9tal est largement utilis\u00e9e comme mat\u00e9riau d\u2019\u00e9lectrode dans le domaine du tube \u00e9lectronique et du dispositif \u00e9lectronique sous vide.<\/p>\n<p>\u00c9l\u00e9ment chauffant : dans certains \u00e9quipements \u00e9lectroniques qui n\u00e9cessitent un chauffage \u00e0 haute temp\u00e9rature, tels qu\u2019un \u00e9vaporateur \u00e0 faisceau d\u2019\u00e9lectrons, un \u00e9l\u00e9ment chauffant de four \u00e0 haute temp\u00e9rature, etc., la bobine m\u00e9tallique de tungst\u00e8ne peut \u00eatre utilis\u00e9e comme mat\u00e9riau de chauffage.<\/p>\n<p>Composants de four \u00e0 haute temp\u00e9rature\u00a0: la bobine m\u00e9tallique de tungst\u00e8ne peut \u00eatre utilis\u00e9e pour fabriquer un corps g\u00e9n\u00e9rateur de chaleur, un \u00e9cran d\u2019isolation thermique, un rev\u00eatement de four et d\u2019autres composants de four \u00e0 haute temp\u00e9rature. Dans l\u2019environnement de travail du four \u00e0 haute temp\u00e9rature, la bobine de tungst\u00e8ne peut r\u00e9sister aux hautes temp\u00e9ratures et \u00e0 l\u2019\u00e9rosion chimique pour assurer l\u2019uniformit\u00e9 et la stabilit\u00e9 de la temp\u00e9rature \u00e0 l\u2019int\u00e9rieur du four et prolonger la dur\u00e9e de vie du four \u00e0 haute temp\u00e9rature.<\/p>\n","protected":false},"excerpt":{"rendered":"<p>Mat\u00e9riau de l\u2019\u00e9lectrode : la bobine m\u00e9tallique de tungst\u00e8ne est largement utilis\u00e9e comme mat\u00e9riau d\u2019\u00e9lectrode dans le domaine du tube \u00e9lectronique et du dispositif \u00e9lectronique sous vide.<\/p>\n<p>\u00c9l\u00e9ment chauffant : dans certains \u00e9quipements \u00e9lectroniques qui n\u00e9cessitent un chauffage \u00e0 haute temp\u00e9rature, tels qu\u2019un \u00e9vaporateur \u00e0 faisceau d\u2019\u00e9lectrons, un \u00e9l\u00e9ment chauffant de four \u00e0 haute temp\u00e9rature, etc., la bobine m\u00e9tallique de tungst\u00e8ne peut \u00eatre utilis\u00e9e comme mat\u00e9riau de chauffage.<\/p>\n","protected":false},"featured_media":1033189,"comment_status":"open","ping_status":"closed","template":"","meta":{"_acf_changed":false},"product_brand":[],"product_cat":[245],"product_tag":[],"class_list":{"0":"post-1025209","1":"product","2":"type-product","3":"status-publish","4":"has-post-thumbnail","6":"product_cat-profil-fr","8":"first","9":"instock","10":"shipping-taxable","11":"product-type-variable"},"acf":[],"_links":{"self":[{"href":"https:\/\/vimaterial.de\/fr\/wp-json\/wp\/v2\/product\/1025209","targetHints":{"allow":["GET"]}}],"collection":[{"href":"https:\/\/vimaterial.de\/fr\/wp-json\/wp\/v2\/product"}],"about":[{"href":"https:\/\/vimaterial.de\/fr\/wp-json\/wp\/v2\/types\/product"}],"replies":[{"embeddable":true,"href":"https:\/\/vimaterial.de\/fr\/wp-json\/wp\/v2\/comments?post=1025209"}],"wp:featuredmedia":[{"embeddable":true,"href":"https:\/\/vimaterial.de\/fr\/wp-json\/wp\/v2\/media\/1033189"}],"wp:attachment":[{"href":"https:\/\/vimaterial.de\/fr\/wp-json\/wp\/v2\/media?parent=1025209"}],"wp:term":[{"taxonomy":"product_brand","embeddable":true,"href":"https:\/\/vimaterial.de\/fr\/wp-json\/wp\/v2\/product_brand?post=1025209"},{"taxonomy":"product_cat","embeddable":true,"href":"https:\/\/vimaterial.de\/fr\/wp-json\/wp\/v2\/product_cat?post=1025209"},{"taxonomy":"product_tag","embeddable":true,"href":"https:\/\/vimaterial.de\/fr\/wp-json\/wp\/v2\/product_tag?post=1025209"}],"curies":[{"name":"wp","href":"https:\/\/api.w.org\/{rel}","templated":true}]}}