{"id":1025173,"date":"2024-06-17T15:50:44","date_gmt":"2024-06-17T07:50:44","guid":{"rendered":"https:\/\/vimaterial.de\/product\/borure-de-tungstene-4\/"},"modified":"2024-10-28T15:49:16","modified_gmt":"2024-10-28T07:49:16","slug":"borure-de-tungstene-4","status":"publish","type":"product","link":"https:\/\/vimaterial.de\/fr\/product\/borure-de-tungstene-4\/","title":{"rendered":"Borure de tungst\u00e8ne"},"content":{"rendered":"<h3>Informations de base<\/h3>\n<p>Formule chimique\u00a0: W\u2082B, se compose de deux \u00e9l\u00e9ments, le tungst\u00e8ne (W) et le bore (B), la valence moyenne du tungst\u00e8ne est d\u2019environ + 2 valence, le bore est de &#8211; 2 valence.<\/p>\n<p>Structure cristalline : W\u2082B a une structure cristalline t\u00e9tragonale.<\/p>\n<p>Aspect : Les poudres W\u2082B sont g\u00e9n\u00e9ralement de couleur grise ou gris fonc\u00e9.<\/p>\n<p>Valeurs de densit\u00e9 : 16 &#8211; 17 g\/cm\u00b3.<\/p>\n<p>Caract\u00e9ristiques de duret\u00e9\u00a0: environ 7 &#8211; 8.<\/p>\n<h3>Domaines d\u2019application<\/h3>\n<p>Transistors et circuits int\u00e9gr\u00e9s : Les propri\u00e9t\u00e9s semi-conductrices de W\u2082B le rendent potentiellement utile dans le domaine des transistors et des circuits int\u00e9gr\u00e9s.<\/p>\n<p>Mat\u00e9riaux r\u00e9sistifs : Comme la r\u00e9sistance de W\u2082B varie consid\u00e9rablement en fonction de la temp\u00e9rature, il peut \u00eatre utilis\u00e9 comme mat\u00e9riau de r\u00e9sistance sensible \u00e0 la temp\u00e9rature (thermistance).<\/p>\n<p>Mat\u00e9riaux de modulation optique : Le Borure de tungst\u00e8ne est une absorption de la lumi\u00e8re et des propri\u00e9t\u00e9s de r\u00e9flexion qui lui permettent d\u2019\u00eatre utilis\u00e9 comme mat\u00e9riau de modulation optique. Dans le domaine des communications optiques, il peut \u00eatre utilis\u00e9 pour fabriquer des commutateurs optiques, des att\u00e9nuateurs optiques et d\u2019autres dispositifs opto\u00e9lectroniques, qui peuvent \u00eatre utilis\u00e9s pour r\u00e9guler l\u2019activation-d\u00e9sactivation du chemin optique ou l\u2019amplitude de l\u2019intensit\u00e9 lumineuse en modifiant les signaux optiques ou \u00e9lectriques.<\/p>\n<p>Rev\u00eatements pour outils de coupe et moules\u00a0: Le tungst\u00e8ne Boride est d\u2019une duret\u00e9 \u00e9lev\u00e9e et sa stabilit\u00e9 chimique lui permettent d\u2019\u00eatre utilis\u00e9 dans la fabrication de rev\u00eatements pour outils de coupe et moules. Lors de l\u2019usinage des m\u00e9taux, les rev\u00eatements peuvent am\u00e9liorer la r\u00e9sistance \u00e0 l\u2019usure des outils et des moules et prolonger leur dur\u00e9e de vie.<\/p>\n","protected":false},"excerpt":{"rendered":"<p>Borure, formule mol\u00e9culaire : Borure de tungst\u00e8ne, poids mol\u00e9culaire 378,49, densit\u00e9 1,6 g\/ml, point de fusion : 2670\u00b0C, conductivit\u00e9 m\u00e9tallique, soluble dans l\u2019eau r\u00e9gale. Le dioxyde de tungst\u00e8ne bor\u00e9 doit \u00eatre stock\u00e9 dans un environnement herm\u00e9tique, frais et sec.<\/p>\n","protected":false},"featured_media":1033199,"comment_status":"open","ping_status":"closed","template":"","meta":{"_acf_changed":false},"product_brand":[],"product_cat":[240],"product_tag":[],"class_list":{"0":"post-1025173","1":"product","2":"type-product","3":"status-publish","4":"has-post-thumbnail","6":"product_cat-materiaux-c-n-b-si","8":"first","9":"instock","10":"shipping-taxable","11":"purchasable","12":"product-type-variable"},"acf":[],"_links":{"self":[{"href":"https:\/\/vimaterial.de\/fr\/wp-json\/wp\/v2\/product\/1025173","targetHints":{"allow":["GET"]}}],"collection":[{"href":"https:\/\/vimaterial.de\/fr\/wp-json\/wp\/v2\/product"}],"about":[{"href":"https:\/\/vimaterial.de\/fr\/wp-json\/wp\/v2\/types\/product"}],"replies":[{"embeddable":true,"href":"https:\/\/vimaterial.de\/fr\/wp-json\/wp\/v2\/comments?post=1025173"}],"wp:featuredmedia":[{"embeddable":true,"href":"https:\/\/vimaterial.de\/fr\/wp-json\/wp\/v2\/media\/1033199"}],"wp:attachment":[{"href":"https:\/\/vimaterial.de\/fr\/wp-json\/wp\/v2\/media?parent=1025173"}],"wp:term":[{"taxonomy":"product_brand","embeddable":true,"href":"https:\/\/vimaterial.de\/fr\/wp-json\/wp\/v2\/product_brand?post=1025173"},{"taxonomy":"product_cat","embeddable":true,"href":"https:\/\/vimaterial.de\/fr\/wp-json\/wp\/v2\/product_cat?post=1025173"},{"taxonomy":"product_tag","embeddable":true,"href":"https:\/\/vimaterial.de\/fr\/wp-json\/wp\/v2\/product_tag?post=1025173"}],"curies":[{"name":"wp","href":"https:\/\/api.w.org\/{rel}","templated":true}]}}