{"id":1025154,"date":"2024-06-17T15:50:44","date_gmt":"2024-06-17T07:50:44","guid":{"rendered":"https:\/\/vimaterial.de\/product\/borure-de-tungstene-3\/"},"modified":"2024-10-28T16:29:10","modified_gmt":"2024-10-28T08:29:10","slug":"borure-de-tungstene-3","status":"publish","type":"product","link":"https:\/\/vimaterial.de\/fr\/product\/borure-de-tungstene-3\/","title":{"rendered":"Borure de tungst\u00e8ne"},"content":{"rendered":"<h3>Informations de base<\/h3>\n<p>Formule chimique et valence \u00e9l\u00e9mentaire : La formule chimique de W\u2082B\u2085 indique que le compos\u00e9 se compose de deux \u00e9l\u00e9ments, le tungst\u00e8ne (W) et le bore (B).<\/p>\n<p>Type de structure cristalline : Le borure de tungst\u00e8ne a une structure cristalline complexe et appartient au syst\u00e8me cristallin t\u00e9tragonal.<\/p>\n<p>Aspect et morphologie : Il appara\u00eet noir ou gris fonc\u00e9.<\/p>\n<p>Valeur de densit\u00e9 : 13 &#8211; 14 g\/cm\u00b3.<\/p>\n<p>Propri\u00e9t\u00e9s de duret\u00e9 : Duret\u00e9 autour de 8 &#8211; 9, valeurs de duret\u00e9 proches du diamant.<\/p>\n<h3>Domaines d\u2019application<\/h3>\n<p>Transistors et circuits int\u00e9gr\u00e9s : Les propri\u00e9t\u00e9s semi-conductrices de W\u2082B\u2085 le rendent potentiellement utile dans le domaine des transistors et des circuits int\u00e9gr\u00e9s.<\/p>\n<p>Mat\u00e9riaux r\u00e9sistifs : \u00c9tant donn\u00e9 que la r\u00e9sistance au borure de tungst\u00e8ne change consid\u00e9rablement avec la temp\u00e9rature, il peut \u00eatre utilis\u00e9 comme mat\u00e9riau de r\u00e9sistance sensible \u00e0 la temp\u00e9rature (thermistance). Dans les appareils \u00e9lectroniques, les thermistances sont utilis\u00e9es pour des fonctions telles que la mesure de la temp\u00e9rature, la compensation de temp\u00e9rature et la protection contre la surchauffe.<\/p>\n<p>Mat\u00e9riaux de modulation de la lumi\u00e8re : Les propri\u00e9t\u00e9s d\u2019absorption et de r\u00e9flexion de la lumi\u00e8re de W\u2082B\u2085 lui permettent d\u2019\u00eatre utilis\u00e9 comme mat\u00e9riau de modulation de la lumi\u00e8re. Dans le domaine des communications optiques, il peut \u00eatre utilis\u00e9 pour fabriquer des commutateurs optiques, des att\u00e9nuateurs optiques et d\u2019autres dispositifs opto\u00e9lectroniques, qui peuvent \u00eatre utilis\u00e9s pour r\u00e9guler l\u2019activation et la d\u00e9sactivation du trajet lumineux ou l\u2019intensit\u00e9 de la lumi\u00e8re en modifiant les signaux optiques ou \u00e9lectriques.<\/p>\n<p>Outils de coupe et rev\u00eatements de moules : La duret\u00e9 \u00e9lev\u00e9e et la stabilit\u00e9 chimique de W\u2082B\u2085 le rendent adapt\u00e9 \u00e0 la fabrication d\u2019outils de coupe et de rev\u00eatements de moules.<\/p>\n","protected":false},"excerpt":{"rendered":"<p>Transistors et circuits int\u00e9gr\u00e9s : Les propri\u00e9t\u00e9s semi-conductrices de W\u2082B\u2085 le rendent potentiellement utile dans le domaine des transistors et des circuits int\u00e9gr\u00e9s.<\/p>\n<p>Mat\u00e9riaux r\u00e9sistifs : \u00c9tant donn\u00e9 que la r\u00e9sistance au borure de tungst\u00e8ne change consid\u00e9rablement avec la temp\u00e9rature, il peut \u00eatre utilis\u00e9 comme mat\u00e9riau de r\u00e9sistance sensible \u00e0 la temp\u00e9rature (thermistance). Dans les appareils \u00e9lectroniques, les thermistances sont utilis\u00e9es pour des fonctions telles que la mesure de la temp\u00e9rature, la compensation de temp\u00e9rature et la protection contre la surchauffe.<\/p>\n","protected":false},"featured_media":1033209,"comment_status":"open","ping_status":"closed","template":"","meta":{"_acf_changed":false},"product_brand":[],"product_cat":[240],"product_tag":[],"class_list":{"0":"post-1025154","1":"product","2":"type-product","3":"status-publish","4":"has-post-thumbnail","6":"product_cat-materiaux-c-n-b-si","8":"first","9":"instock","10":"shipping-taxable","11":"purchasable","12":"product-type-variable"},"acf":[],"_links":{"self":[{"href":"https:\/\/vimaterial.de\/fr\/wp-json\/wp\/v2\/product\/1025154","targetHints":{"allow":["GET"]}}],"collection":[{"href":"https:\/\/vimaterial.de\/fr\/wp-json\/wp\/v2\/product"}],"about":[{"href":"https:\/\/vimaterial.de\/fr\/wp-json\/wp\/v2\/types\/product"}],"replies":[{"embeddable":true,"href":"https:\/\/vimaterial.de\/fr\/wp-json\/wp\/v2\/comments?post=1025154"}],"wp:featuredmedia":[{"embeddable":true,"href":"https:\/\/vimaterial.de\/fr\/wp-json\/wp\/v2\/media\/1033209"}],"wp:attachment":[{"href":"https:\/\/vimaterial.de\/fr\/wp-json\/wp\/v2\/media?parent=1025154"}],"wp:term":[{"taxonomy":"product_brand","embeddable":true,"href":"https:\/\/vimaterial.de\/fr\/wp-json\/wp\/v2\/product_brand?post=1025154"},{"taxonomy":"product_cat","embeddable":true,"href":"https:\/\/vimaterial.de\/fr\/wp-json\/wp\/v2\/product_cat?post=1025154"},{"taxonomy":"product_tag","embeddable":true,"href":"https:\/\/vimaterial.de\/fr\/wp-json\/wp\/v2\/product_tag?post=1025154"}],"curies":[{"name":"wp","href":"https:\/\/api.w.org\/{rel}","templated":true}]}}