{"id":1025148,"date":"2024-06-17T15:50:44","date_gmt":"2024-06-17T07:50:44","guid":{"rendered":"https:\/\/vimaterial.de\/product\/borure-de-tungstene-2\/"},"modified":"2024-10-28T16:00:31","modified_gmt":"2024-10-28T08:00:31","slug":"borure-de-tungstene-2","status":"publish","type":"product","link":"https:\/\/vimaterial.de\/fr\/product\/borure-de-tungstene-2\/","title":{"rendered":"Borure de tungst\u00e8ne"},"content":{"rendered":"<h3>Informations de base<\/h3>\n<p>Composant principal : W\u2082B Le composant principal des cibles W\u2082B est le compos\u00e9 W\u2082B, qui se compose de tungst\u00e8ne (W) et de bore (B), le tungst\u00e8ne ayant une valence moyenne d\u2019environ +2 et le bore -2.<\/p>\n<p>Structure cristalline : W\u2082B a une structure cristalline t\u00e9tragonale.<\/p>\n<p>Apparence et morphologie : Les cibles en tungst\u00e8ne Boride se pr\u00e9sentent g\u00e9n\u00e9ralement sous la forme de blocs ou de disques, et leur couleur est g\u00e9n\u00e9ralement grise ou gris fonc\u00e9.<\/p>\n<p>Densit\u00e9 : 16 &#8211; 17 g\/cm\u00b3.<\/p>\n<p>Duret\u00e9\u00a0: environ 7 &#8211; 8.<\/p>\n<h3>Domaines d\u2019application<\/h3>\n<p>D\u00e9p\u00f4t de couches minces : Les cibles de tungst\u00e8ne Boride sont largement utilis\u00e9es pour le d\u00e9p\u00f4t de couches minces dans l\u2019\u00e9lectronique et la fabrication de semi-conducteurs. W\u2082B est d\u00e9pos\u00e9 \u00e0 la surface de puces semi-conductrices, de cartes de circuits imprim\u00e9s ou de composants \u00e9lectroniques par des techniques de d\u00e9p\u00f4t physique en phase vapeur telles que la pulv\u00e9risation magn\u00e9tron ou la pulv\u00e9risation par faisceau d\u2019ions.<\/p>\n<p>Mat\u00e9riaux \u00e9metteurs de champ : Les propri\u00e9t\u00e9s d\u2019\u00e9mission d\u2019\u00e9lectrons de W\u2082B lui permettent d\u2019\u00eatre utilis\u00e9 comme mat\u00e9riau \u00e9metteur de champ. En d\u00e9posant des films W\u2082B sur le substrat, des mat\u00e9riaux pr\u00e9sentant de bonnes propri\u00e9t\u00e9s d\u2019\u00e9mission de champ peuvent \u00eatre fabriqu\u00e9s pour \u00eatre utilis\u00e9s dans des domaines tels que la microscopie \u00e9lectronique et les \u00e9crans plats.<\/p>\n<p>Mat\u00e9riaux thermo\u00e9lectriques : Le borure de tungst\u00e8ne est \u00e9galement pr\u00e9cieux pour la recherche sur la conversion thermo\u00e9lectrique. Ses propri\u00e9t\u00e9s \u00e9lectriques et thermiques uniques permettent d\u2019utiliser le W\u2082B comme mat\u00e9riau thermo\u00e9lectrique dans des dispositifs de conversion de chaleur en \u00e9lectricit\u00e9 afin de convertir la chaleur r\u00e9siduelle en \u00e9lectricit\u00e9 et d\u2019am\u00e9liorer l\u2019efficacit\u00e9 \u00e9nerg\u00e9tique.<\/p>\n","protected":false},"excerpt":{"rendered":"<p>D\u00e9p\u00f4t de couches minces : Les cibles de tungst\u00e8ne Boride sont largement utilis\u00e9es pour le d\u00e9p\u00f4t de couches minces dans l\u2019\u00e9lectronique et la fabrication de semi-conducteurs. W\u2082B est d\u00e9pos\u00e9 \u00e0 la surface de puces semi-conductrices, de cartes de circuits imprim\u00e9s ou de composants \u00e9lectroniques par des techniques de d\u00e9p\u00f4t physique en phase vapeur telles que la pulv\u00e9risation magn\u00e9tron ou la pulv\u00e9risation par faisceau d\u2019ions.<\/p>\n<p>Mat\u00e9riaux \u00e9metteurs de champ : Les propri\u00e9t\u00e9s d\u2019\u00e9mission d\u2019\u00e9lectrons du borure de tungst\u00e8ne lui permettent d\u2019\u00eatre utilis\u00e9 comme mat\u00e9riau \u00e9metteur de champ. En d\u00e9posant des films W\u2082B sur le substrat, des mat\u00e9riaux pr\u00e9sentant de bonnes propri\u00e9t\u00e9s d\u2019\u00e9mission de champ peuvent \u00eatre fabriqu\u00e9s pour \u00eatre utilis\u00e9s dans des domaines tels que la microscopie \u00e9lectronique et les \u00e9crans plats.<\/p>\n","protected":false},"featured_media":1033204,"comment_status":"open","ping_status":"closed","template":"","meta":{"_acf_changed":false},"product_brand":[],"product_cat":[235],"product_tag":[],"class_list":{"0":"post-1025148","1":"product","2":"type-product","3":"status-publish","4":"has-post-thumbnail","6":"product_cat-cibles-de-pulverisation-planaire","8":"first","9":"instock","10":"shipping-taxable","11":"product-type-variable"},"acf":[],"_links":{"self":[{"href":"https:\/\/vimaterial.de\/fr\/wp-json\/wp\/v2\/product\/1025148","targetHints":{"allow":["GET"]}}],"collection":[{"href":"https:\/\/vimaterial.de\/fr\/wp-json\/wp\/v2\/product"}],"about":[{"href":"https:\/\/vimaterial.de\/fr\/wp-json\/wp\/v2\/types\/product"}],"replies":[{"embeddable":true,"href":"https:\/\/vimaterial.de\/fr\/wp-json\/wp\/v2\/comments?post=1025148"}],"wp:featuredmedia":[{"embeddable":true,"href":"https:\/\/vimaterial.de\/fr\/wp-json\/wp\/v2\/media\/1033204"}],"wp:attachment":[{"href":"https:\/\/vimaterial.de\/fr\/wp-json\/wp\/v2\/media?parent=1025148"}],"wp:term":[{"taxonomy":"product_brand","embeddable":true,"href":"https:\/\/vimaterial.de\/fr\/wp-json\/wp\/v2\/product_brand?post=1025148"},{"taxonomy":"product_cat","embeddable":true,"href":"https:\/\/vimaterial.de\/fr\/wp-json\/wp\/v2\/product_cat?post=1025148"},{"taxonomy":"product_tag","embeddable":true,"href":"https:\/\/vimaterial.de\/fr\/wp-json\/wp\/v2\/product_tag?post=1025148"}],"curies":[{"name":"wp","href":"https:\/\/api.w.org\/{rel}","templated":true}]}}