{"id":1025138,"date":"2024-06-17T15:50:44","date_gmt":"2024-06-17T07:50:44","guid":{"rendered":"https:\/\/vimaterial.de\/product\/borure-de-tungstene\/"},"modified":"2024-10-28T16:42:55","modified_gmt":"2024-10-28T08:42:55","slug":"borure-de-tungstene","status":"publish","type":"product","link":"https:\/\/vimaterial.de\/fr\/product\/borure-de-tungstene\/","title":{"rendered":"Borure de tungst\u00e8ne"},"content":{"rendered":"<h3>Informations de base<\/h3>\n<p>Formule chimique et valence \u00e9l\u00e9mentaire : Le borure de tungst\u00e8ne est un compos\u00e9 compos\u00e9 de tungst\u00e8ne (W) et de bore (B), o\u00f9 le tungst\u00e8ne a une valence de +2 et le bore a une valence de -2. Type de structure cristalline : Le borure de tungst\u00e8ne a une structure cristalline hexagonale.<\/p>\n<p>Aspect : G\u00e9n\u00e9ralement gris ou gris fonc\u00e9.<\/p>\n<p>Valeur de densit\u00e9 : 15 &#8211; 16 g\/cm\u00b3.<\/p>\n<p>Caract\u00e9ristiques de duret\u00e9\u00a0: environ 7 &#8211; 8.<\/p>\n<h3>Domaines d\u2019application<\/h3>\n<p>Transistors et circuits int\u00e9gr\u00e9s\u00a0: Les propri\u00e9t\u00e9s du borure de tungst\u00e8ne sont des semi-conducteurs, ce qui le rend potentiellement pr\u00e9cieux dans le domaine des transistors et des circuits int\u00e9gr\u00e9s.<\/p>\n<p>Mat\u00e9riaux r\u00e9sistifs : \u00c9tant donn\u00e9 que la r\u00e9sistance de la WB change consid\u00e9rablement avec la temp\u00e9rature, elle peut \u00eatre utilis\u00e9e comme mat\u00e9riau de r\u00e9sistance sensible \u00e0 la temp\u00e9rature (thermistance).<\/p>\n<p>Mat\u00e9riaux de modulation optique : Les propri\u00e9t\u00e9s d\u2019absorption et de r\u00e9flexion de la lumi\u00e8re WB permettent de l\u2019utiliser comme mat\u00e9riau de modulation optique. Dans le domaine de la communication optique, la WB peut \u00eatre utilis\u00e9e pour fabriquer des commutateurs optiques, des att\u00e9nuateurs optiques et d\u2019autres dispositifs opto\u00e9lectroniques, qui peuvent \u00eatre utilis\u00e9s pour r\u00e9guler l\u2019activation-d\u00e9sactivation du chemin optique ou l\u2019amplitude de l\u2019intensit\u00e9 lumineuse en modifiant les signaux optiques ou \u00e9lectriques.<\/p>\n<p>Rev\u00eatements pour outils de coupe et moules\u00a0:Le borure de tungst\u00e8ne est d\u2019une duret\u00e9 \u00e9lev\u00e9e et une stabilit\u00e9 chimique lui permettent d\u2019\u00eatre utilis\u00e9 dans la fabrication de rev\u00eatements pour outils de coupe et moules.<\/p>\n","protected":false},"excerpt":{"rendered":"<p>Transistors et circuits int\u00e9gr\u00e9s\u00a0: Les propri\u00e9t\u00e9s du borure de tungst\u00e8ne sont des semi-conducteurs, ce qui le rend potentiellement pr\u00e9cieux dans le domaine des transistors et des circuits int\u00e9gr\u00e9s.<\/p>\n<p>&nbsp;<\/p>\n<p>Mat\u00e9riaux r\u00e9sistifs : \u00c9tant donn\u00e9 que la r\u00e9sistance de la WB change consid\u00e9rablement avec la temp\u00e9rature, elle peut \u00eatre utilis\u00e9e comme mat\u00e9riau de r\u00e9sistance sensible \u00e0 la temp\u00e9rature (thermistance).<\/p>\n<p>&nbsp;<\/p>\n<p>Mat\u00e9riaux de modulation optique : Les propri\u00e9t\u00e9s d\u2019absorption et de r\u00e9flexion de la lumi\u00e8re WB permettent de l\u2019utiliser comme mat\u00e9riau de modulation optique. Dans le domaine de la communication optique, la WB peut \u00eatre utilis\u00e9e pour fabriquer des commutateurs optiques, des att\u00e9nuateurs optiques et d\u2019autres dispositifs opto\u00e9lectroniques, qui peuvent \u00eatre utilis\u00e9s pour r\u00e9guler l\u2019activation-d\u00e9sactivation du chemin optique ou l\u2019amplitude de l\u2019intensit\u00e9 lumineuse en modifiant les signaux optiques ou \u00e9lectriques.<\/p>\n","protected":false},"featured_media":1033214,"comment_status":"open","ping_status":"closed","template":"","meta":{"_acf_changed":false},"product_brand":[],"product_cat":[240],"product_tag":[],"class_list":{"0":"post-1025138","1":"product","2":"type-product","3":"status-publish","4":"has-post-thumbnail","6":"product_cat-materiaux-c-n-b-si","8":"first","9":"instock","10":"shipping-taxable","11":"purchasable","12":"product-type-variable"},"acf":[],"_links":{"self":[{"href":"https:\/\/vimaterial.de\/fr\/wp-json\/wp\/v2\/product\/1025138","targetHints":{"allow":["GET"]}}],"collection":[{"href":"https:\/\/vimaterial.de\/fr\/wp-json\/wp\/v2\/product"}],"about":[{"href":"https:\/\/vimaterial.de\/fr\/wp-json\/wp\/v2\/types\/product"}],"replies":[{"embeddable":true,"href":"https:\/\/vimaterial.de\/fr\/wp-json\/wp\/v2\/comments?post=1025138"}],"wp:featuredmedia":[{"embeddable":true,"href":"https:\/\/vimaterial.de\/fr\/wp-json\/wp\/v2\/media\/1033214"}],"wp:attachment":[{"href":"https:\/\/vimaterial.de\/fr\/wp-json\/wp\/v2\/media?parent=1025138"}],"wp:term":[{"taxonomy":"product_brand","embeddable":true,"href":"https:\/\/vimaterial.de\/fr\/wp-json\/wp\/v2\/product_brand?post=1025138"},{"taxonomy":"product_cat","embeddable":true,"href":"https:\/\/vimaterial.de\/fr\/wp-json\/wp\/v2\/product_cat?post=1025138"},{"taxonomy":"product_tag","embeddable":true,"href":"https:\/\/vimaterial.de\/fr\/wp-json\/wp\/v2\/product_tag?post=1025138"}],"curies":[{"name":"wp","href":"https:\/\/api.w.org\/{rel}","templated":true}]}}