{"id":1025113,"date":"2024-06-17T15:50:45","date_gmt":"2024-06-17T07:50:45","guid":{"rendered":"https:\/\/vimaterial.de\/product\/carbure-de-tungstene-2\/"},"modified":"2024-10-28T15:35:00","modified_gmt":"2024-10-28T07:35:00","slug":"carbure-de-tungstene-2","status":"publish","type":"product","link":"https:\/\/vimaterial.de\/fr\/product\/carbure-de-tungstene-2\/","title":{"rendered":"Carbure de tungst\u00e8ne"},"content":{"rendered":"<h3>Informations de base<\/h3>\n<p>Composition\u00a0: Les \u00e9l\u00e9ments de base du WC sont le tungst\u00e8ne (W) et le carbone (C), le tungst\u00e8ne \u00e0 une valence de +4 et le carbone \u00e0 une valence de -4.<\/p>\n<p>Structure cristalline : WC a une structure cristalline hexagonale simple.<\/p>\n<p>Aspect et morphologie : Les cibles en carbure de tungst\u00e8ne sont g\u00e9n\u00e9ralement des grumeaux noirs ou gris fonc\u00e9.<\/p>\n<h3>Domaines d\u2019application<\/h3>\n<p>D\u00e9p\u00f4t de couches minces : la cible WC est largement utilis\u00e9e pour le d\u00e9p\u00f4t de couches minces dans l\u2019\u00e9lectronique et la fabrication de semi-conducteurs. Gr\u00e2ce \u00e0 la pulv\u00e9risation cathodique magn\u00e9tron ou \u00e0 faisceau d\u2019ions et \u00e0 d\u2019autres techniques physiques de d\u00e9p\u00f4t en phase vapeur, le carbure de tungst\u00e8ne se d\u00e9pose \u00e0 la surface des puces semi-conductrices, des cartes de circuits imprim\u00e9s ou des composants \u00e9lectroniques.<\/p>\n<p>Mat\u00e9riaux d\u2019\u00e9mission de champ : les caract\u00e9ristiques d\u2019\u00e9mission d\u2019\u00e9lectrons de WC le rendent disponible en tant que mat\u00e9riau d\u2019\u00e9mission de champ. En d\u00e9posant un film WC sur le substrat, des mat\u00e9riaux pr\u00e9sentant de bonnes propri\u00e9t\u00e9s d\u2019\u00e9mission de champ peuvent \u00eatre fabriqu\u00e9s pour \u00eatre utilis\u00e9s dans des microscopes \u00e9lectroniques, des \u00e9crans plats et d\u2019autres domaines.<\/p>\n<p>Mat\u00e9riaux thermo\u00e9lectriques : Les WC ont \u00e9galement une certaine valeur de recherche dans la conversion thermo\u00e9lectrique. Ses propri\u00e9t\u00e9s \u00e9lectriques et thermiques uniques permettent d\u2019utiliser le carbure de tungst\u00e8ne comme mat\u00e9riau thermo\u00e9lectrique dans les dispositifs de conversion de chaleur et d\u2019\u00e9lectricit\u00e9, convertissant la chaleur r\u00e9siduelle en \u00e9lectricit\u00e9 et am\u00e9liorant l\u2019utilisation de l\u2019\u00e9nergie.<\/p>\n","protected":false},"excerpt":{"rendered":"<p>D\u00e9p\u00f4t de couches minces : la cible en carbure de tungst\u00e8ne est largement utilis\u00e9e pour le d\u00e9p\u00f4t de couches minces dans l\u2019\u00e9lectronique et la fabrication de semi-conducteurs. Gr\u00e2ce \u00e0 la pulv\u00e9risation cathodique magn\u00e9tron ou \u00e0 faisceau d\u2019ions et \u00e0 d\u2019autres techniques physiques de d\u00e9p\u00f4t en phase vapeur, le carbure de tungst\u00e8ne se d\u00e9pose \u00e0 la surface des puces semi-conductrices, des cartes de circuits imprim\u00e9s ou des composants \u00e9lectroniques.<\/p>\n<p>Mat\u00e9riaux d\u2019\u00e9mission de champ : les caract\u00e9ristiques d\u2019\u00e9mission d\u2019\u00e9lectrons de WC le rendent disponible en tant que mat\u00e9riau d\u2019\u00e9mission de champ. En d\u00e9posant un film WC sur le substrat, des mat\u00e9riaux pr\u00e9sentant de bonnes propri\u00e9t\u00e9s d\u2019\u00e9mission de champ peuvent \u00eatre fabriqu\u00e9s pour \u00eatre utilis\u00e9s dans des microscopes \u00e9lectroniques, des \u00e9crans plats et d\u2019autres domaines.<\/p>\n","protected":false},"featured_media":1033224,"comment_status":"open","ping_status":"closed","template":"","meta":{"_acf_changed":false},"product_brand":[],"product_cat":[235],"product_tag":[],"class_list":{"0":"post-1025113","1":"product","2":"type-product","3":"status-publish","4":"has-post-thumbnail","6":"product_cat-cibles-de-pulverisation-planaire","8":"first","9":"instock","10":"shipping-taxable","11":"purchasable","12":"product-type-variable"},"acf":[],"_links":{"self":[{"href":"https:\/\/vimaterial.de\/fr\/wp-json\/wp\/v2\/product\/1025113","targetHints":{"allow":["GET"]}}],"collection":[{"href":"https:\/\/vimaterial.de\/fr\/wp-json\/wp\/v2\/product"}],"about":[{"href":"https:\/\/vimaterial.de\/fr\/wp-json\/wp\/v2\/types\/product"}],"replies":[{"embeddable":true,"href":"https:\/\/vimaterial.de\/fr\/wp-json\/wp\/v2\/comments?post=1025113"}],"wp:featuredmedia":[{"embeddable":true,"href":"https:\/\/vimaterial.de\/fr\/wp-json\/wp\/v2\/media\/1033224"}],"wp:attachment":[{"href":"https:\/\/vimaterial.de\/fr\/wp-json\/wp\/v2\/media?parent=1025113"}],"wp:term":[{"taxonomy":"product_brand","embeddable":true,"href":"https:\/\/vimaterial.de\/fr\/wp-json\/wp\/v2\/product_brand?post=1025113"},{"taxonomy":"product_cat","embeddable":true,"href":"https:\/\/vimaterial.de\/fr\/wp-json\/wp\/v2\/product_cat?post=1025113"},{"taxonomy":"product_tag","embeddable":true,"href":"https:\/\/vimaterial.de\/fr\/wp-json\/wp\/v2\/product_tag?post=1025113"}],"curies":[{"name":"wp","href":"https:\/\/api.w.org\/{rel}","templated":true}]}}