{"id":1025101,"date":"2024-06-17T15:50:45","date_gmt":"2024-06-17T07:50:45","guid":{"rendered":"https:\/\/vimaterial.de\/product\/carbure-de-tungstene\/"},"modified":"2024-10-28T15:21:56","modified_gmt":"2024-10-28T07:21:56","slug":"carbure-de-tungstene","status":"publish","type":"product","link":"https:\/\/vimaterial.de\/fr\/product\/carbure-de-tungstene\/","title":{"rendered":"Carbure de tungst\u00e8ne"},"content":{"rendered":"<h3>Informations de base<\/h3>\n<p>Formule chimique : Le carbure de tungst\u00e8ne a la formule chimique WC et se compose de deux \u00e9l\u00e9ments, le tungst\u00e8ne (W) et le carbone (C), avec le tungst\u00e8ne \u00e0 la valeur +4 et le carbone \u00e0 la valeur -4.<\/p>\n<p>Type de structure cristalline : WC a un syst\u00e8me cristallin hexagonal simple.<br \/>\nAspect : G\u00e9n\u00e9ralement noir ou gris fonc\u00e9.<br \/>\nValeur de densit\u00e9 : La densit\u00e9 du WC est d\u2019environ 15,63 g\/cm\u00b3.<br \/>\nPropri\u00e9t\u00e9s de duret\u00e9 : Le carbure de tungst\u00e8ne est extr\u00eamement dur, avec une duret\u00e9 d\u2019environ 9 sur l\u2019\u00e9chelle de Mohs, juste derri\u00e8re le diamant.<br \/>\nPoint de fusion : 2870\u00b0C.<br \/>\nCoefficient de dilatation thermique : 6,2\u00d710-\u2076\/K.<\/p>\n<h3>Domaines d\u2019application<\/h3>\n<p>Fabrication de composants \u00e9lectroniques : dans le domaine de l\u2019\u00e9lectronique, la conductivit\u00e9 et la stabilit\u00e9 du carbure de tungst\u00e8ne afin qu\u2019il puisse \u00eatre utilis\u00e9 pour fabriquer des composants \u00e9lectroniques. Par exemple, le carbure de tungst\u00e8ne peut \u00eatre utilis\u00e9 comme \u00e9metteur d\u2019\u00e9lectrons dans les dispositifs \u00e9lectroniques sous vide tels que les tubes \u00e0 \u00e9lectrons, et peut \u00e9galement \u00eatre utilis\u00e9 dans la fabrication de r\u00e9sistances, de circuits int\u00e9gr\u00e9s dans la ligne conductrice, etc.<\/p>\n<p>Renforcement des mat\u00e9riaux composites : La poudre WC en tant que phase de renforcement est largement utilis\u00e9e dans le renforcement des mat\u00e9riaux composites. Ces composites renforc\u00e9s de WC sont largement utilis\u00e9s dans l\u2019a\u00e9rospatiale, l\u2019industrie automobile, les \u00e9quipements sportifs et d\u2019autres domaines, par exemple dans les pales de moteurs d\u2019avion, les disques de frein automobiles, les clubs de golf et d\u2019autres produits.<\/p>\n","protected":false},"excerpt":{"rendered":"<p>Fabrication de composants \u00e9lectroniques : dans le domaine de l\u2019\u00e9lectronique, la conductivit\u00e9 et la stabilit\u00e9 du carbure de tungst\u00e8ne afin qu\u2019il puisse \u00eatre utilis\u00e9 pour fabriquer des composants \u00e9lectroniques. Par exemple, le carbure de tungst\u00e8ne peut \u00eatre utilis\u00e9 comme \u00e9metteur d\u2019\u00e9lectrons dans les dispositifs \u00e9lectroniques sous vide tels que les tubes \u00e0 \u00e9lectrons, et peut \u00e9galement \u00eatre utilis\u00e9 dans la fabrication de r\u00e9sistances, de circuits int\u00e9gr\u00e9s dans la ligne conductrice, etc.<\/p>\n<p>Renforcement des mat\u00e9riaux composites : La poudre WC en tant que phase de renforcement est largement utilis\u00e9e dans le renforcement des mat\u00e9riaux composites. Ces composites renforc\u00e9s de carbure de tungst\u00e8ne sont largement utilis\u00e9s dans l\u2019a\u00e9rospatiale, l\u2019industrie automobile, les \u00e9quipements sportifs et d\u2019autres domaines, par exemple dans les lames de moteurs d\u2019avion, les disques de frein automobiles, les clubs de golf et d\u2019autres produits.<\/p>\n","protected":false},"featured_media":1033219,"comment_status":"open","ping_status":"closed","template":"","meta":{"_acf_changed":false},"product_brand":[],"product_cat":[240],"product_tag":[],"class_list":{"0":"post-1025101","1":"product","2":"type-product","3":"status-publish","4":"has-post-thumbnail","6":"product_cat-materiaux-c-n-b-si","8":"first","9":"instock","10":"shipping-taxable","11":"purchasable","12":"product-type-variable"},"acf":[],"_links":{"self":[{"href":"https:\/\/vimaterial.de\/fr\/wp-json\/wp\/v2\/product\/1025101","targetHints":{"allow":["GET"]}}],"collection":[{"href":"https:\/\/vimaterial.de\/fr\/wp-json\/wp\/v2\/product"}],"about":[{"href":"https:\/\/vimaterial.de\/fr\/wp-json\/wp\/v2\/types\/product"}],"replies":[{"embeddable":true,"href":"https:\/\/vimaterial.de\/fr\/wp-json\/wp\/v2\/comments?post=1025101"}],"wp:featuredmedia":[{"embeddable":true,"href":"https:\/\/vimaterial.de\/fr\/wp-json\/wp\/v2\/media\/1033219"}],"wp:attachment":[{"href":"https:\/\/vimaterial.de\/fr\/wp-json\/wp\/v2\/media?parent=1025101"}],"wp:term":[{"taxonomy":"product_brand","embeddable":true,"href":"https:\/\/vimaterial.de\/fr\/wp-json\/wp\/v2\/product_brand?post=1025101"},{"taxonomy":"product_cat","embeddable":true,"href":"https:\/\/vimaterial.de\/fr\/wp-json\/wp\/v2\/product_cat?post=1025101"},{"taxonomy":"product_tag","embeddable":true,"href":"https:\/\/vimaterial.de\/fr\/wp-json\/wp\/v2\/product_tag?post=1025101"}],"curies":[{"name":"wp","href":"https:\/\/api.w.org\/{rel}","templated":true}]}}