{"id":1025066,"date":"2024-06-17T15:50:45","date_gmt":"2024-06-17T07:50:45","guid":{"rendered":"https:\/\/vimaterial.de\/product\/chlorure-de-tungstene\/"},"modified":"2026-02-03T16:39:11","modified_gmt":"2026-02-03T08:39:11","slug":"chlorure-de-tungstene","status":"publish","type":"product","link":"https:\/\/vimaterial.de\/fr\/product\/chlorure-de-tungstene\/","title":{"rendered":"Chlorure de tungst\u00e8ne"},"content":{"rendered":"<p>Le chlorure de tungst\u00e8ne (WCl\u2086) est un compos\u00e9 chimique compos\u00e9 de tungst\u00e8ne et de chlore. Il se pr\u00e9sente g\u00e9n\u00e9ralement sous la forme d&#8217;une poudre cristalline bleu fonc\u00e9 ou violette et est connu pour \u00eatre tr\u00e8s r\u00e9actif.<\/p>\n<p>Caract\u00e9ristiques\u00a0:<br \/>\nFormule chimique\u00a0: WCl\u2086<br \/>\nMasse molaire\u00a0: 396,61 g\/mol<br \/>\nAspect\u00a0: Poudre cristalline bleu fonc\u00e9 \u00e0 violette<br \/>\nSolubilit\u00e9\u00a0: R\u00e9agit avec l&#8217;eau\u00a0; soluble dans les solvants organiques comme l&#8217;\u00e9thanol, l&#8217;\u00e9ther et le t\u00e9trachlorure de carbone.<br \/>\nPoint de fusion\u00a0: 275 \u00b0C<br \/>\nPoint d&#8217;\u00e9bullition\u00a0: Sublime \u00e0 346 \u00b0C<br \/>\nApplications\u00a0:<br \/>\n1. Catalyse\u00a0:<br \/>\nR\u00e9actions chimiques\u00a0: Le chlorure de tungst\u00e8ne est utilis\u00e9 comme catalyseur dans la synth\u00e8se organique, en particulier dans les r\u00e9actions de polym\u00e9risation et d&#8217;oxydation.<br \/>\n2. Science des mat\u00e9riaux :<br \/>\nPr\u00e9curseur des compos\u00e9s de tungst\u00e8ne : Il sert de pr\u00e9curseur pour la synth\u00e8se d&#8217;autres compos\u00e9s de tungst\u00e8ne, notamment l&#8217;oxyde de tungst\u00e8ne et le carbure de tungst\u00e8ne, qui sont essentiels dans diverses applications industrielles.<br \/>\nSynth\u00e8se de nanomat\u00e9riaux : Le chlorure de tungst\u00e8ne est utilis\u00e9 dans la production de nanomat\u00e9riaux \u00e0 base de tungst\u00e8ne, qui sont utilis\u00e9s dans l&#8217;\u00e9lectronique, l&#8217;optique et comme catalyseurs.<br \/>\n3. Rev\u00eatements de surface :<br \/>\nCouches minces : Le WCl\u2086 est utilis\u00e9 dans les processus de d\u00e9p\u00f4t chimique en phase vapeur (CVD) pour produire des rev\u00eatements de tungst\u00e8ne, qui sont tr\u00e8s r\u00e9sistants \u00e0 l&#8217;usure et \u00e0 la corrosion.<br \/>\nCe compos\u00e9 est important dans divers domaines, notamment dans la science des mat\u00e9riaux, la catalyse et l&#8217;ing\u00e9nierie de surface, en raison de sa r\u00e9activit\u00e9 et de sa capacit\u00e9 \u00e0 former divers mat\u00e9riaux \u00e0 base de tungst\u00e8ne.<\/p>\n","protected":false},"excerpt":{"rendered":"<p>Le chlorure de tungst\u00e8ne (WCl\u2086) est un compos\u00e9 chimique compos\u00e9 de tungst\u00e8ne et de chlore. Il se pr\u00e9sente g\u00e9n\u00e9ralement sous la forme d&#8217;une poudre cristalline bleu fonc\u00e9 ou violette et est connu pour \u00eatre tr\u00e8s r\u00e9actif.<\/p>\n<p>Caract\u00e9ristiques\u00a0:<br \/>\nFormule chimique\u00a0: WCl\u2086<br \/>\nMasse molaire\u00a0: 396,61 g\/mol<br \/>\nAspect\u00a0: Poudre cristalline bleu fonc\u00e9 \u00e0 violette<br \/>\nSolubilit\u00e9\u00a0: R\u00e9agit avec l&#8217;eau\u00a0; soluble dans les solvants organiques comme l&#8217;\u00e9thanol, l&#8217;\u00e9ther et le t\u00e9trachlorure de carbone.<br \/>\nPoint de fusion\u00a0: 275 \u00b0C<br \/>\nPoint d&#8217;\u00e9bullition\u00a0: Sublime \u00e0 346 \u00b0C<br \/>\nApplications\u00a0:<br \/>\n1. Catalyse\u00a0:<br \/>\nR\u00e9actions chimiques\u00a0: Le chlorure de tungst\u00e8ne est utilis\u00e9 comme catalyseur dans la synth\u00e8se organique, en particulier dans les r\u00e9actions de polym\u00e9risation et d&#8217;oxydation.<br \/>\n2. Science des mat\u00e9riaux :<br \/>\nPr\u00e9curseur des compos\u00e9s de tungst\u00e8ne : Il sert de pr\u00e9curseur pour la synth\u00e8se d&#8217;autres compos\u00e9s de tungst\u00e8ne, notamment l&#8217;oxyde de tungst\u00e8ne et le carbure de tungst\u00e8ne, qui sont essentiels dans diverses applications industrielles.<br \/>\nSynth\u00e8se de nanomat\u00e9riaux : Le chlorure de tungst\u00e8ne est utilis\u00e9 dans la production de nanomat\u00e9riaux \u00e0 base de tungst\u00e8ne, qui sont utilis\u00e9s dans l&#8217;\u00e9lectronique, l&#8217;optique et comme catalyseurs.<br \/>\n3. Rev\u00eatements de surface :<br \/>\nCouches minces : Le WCl\u2086 est utilis\u00e9 dans les processus de d\u00e9p\u00f4t chimique en phase vapeur (CVD) pour produire des rev\u00eatements de tungst\u00e8ne, qui sont tr\u00e8s r\u00e9sistants \u00e0 l&#8217;usure et \u00e0 la corrosion.<br \/>\nCe compos\u00e9 est important dans divers domaines, notamment dans la science des mat\u00e9riaux, la catalyse et l&#8217;ing\u00e9nierie de surface, en raison de sa r\u00e9activit\u00e9 et de sa capacit\u00e9 \u00e0 former divers mat\u00e9riaux \u00e0 base de tungst\u00e8ne.<\/p>\n","protected":false},"featured_media":1033239,"comment_status":"open","ping_status":"closed","template":"","meta":{"_acf_changed":false},"product_brand":[],"product_cat":[239],"product_tag":[],"class_list":{"0":"post-1025066","1":"product","2":"type-product","3":"status-publish","4":"has-post-thumbnail","6":"product_cat-materiaux-halogenes","8":"first","9":"instock","10":"shipping-taxable","11":"purchasable","12":"product-type-variable"},"acf":[],"_links":{"self":[{"href":"https:\/\/vimaterial.de\/fr\/wp-json\/wp\/v2\/product\/1025066","targetHints":{"allow":["GET"]}}],"collection":[{"href":"https:\/\/vimaterial.de\/fr\/wp-json\/wp\/v2\/product"}],"about":[{"href":"https:\/\/vimaterial.de\/fr\/wp-json\/wp\/v2\/types\/product"}],"replies":[{"embeddable":true,"href":"https:\/\/vimaterial.de\/fr\/wp-json\/wp\/v2\/comments?post=1025066"}],"wp:featuredmedia":[{"embeddable":true,"href":"https:\/\/vimaterial.de\/fr\/wp-json\/wp\/v2\/media\/1033239"}],"wp:attachment":[{"href":"https:\/\/vimaterial.de\/fr\/wp-json\/wp\/v2\/media?parent=1025066"}],"wp:term":[{"taxonomy":"product_brand","embeddable":true,"href":"https:\/\/vimaterial.de\/fr\/wp-json\/wp\/v2\/product_brand?post=1025066"},{"taxonomy":"product_cat","embeddable":true,"href":"https:\/\/vimaterial.de\/fr\/wp-json\/wp\/v2\/product_cat?post=1025066"},{"taxonomy":"product_tag","embeddable":true,"href":"https:\/\/vimaterial.de\/fr\/wp-json\/wp\/v2\/product_tag?post=1025066"}],"curies":[{"name":"wp","href":"https:\/\/api.w.org\/{rel}","templated":true}]}}