{"id":1025050,"date":"2024-06-17T15:53:25","date_gmt":"2024-06-17T07:53:25","guid":{"rendered":"https:\/\/vimaterial.de\/product\/oxyde-de-tungstene-6\/"},"modified":"2024-10-28T14:28:08","modified_gmt":"2024-10-28T06:28:08","slug":"oxyde-de-tungstene-6","status":"publish","type":"product","link":"https:\/\/vimaterial.de\/fr\/product\/oxyde-de-tungstene-6\/","title":{"rendered":"Oxyde de tungst\u00e8ne"},"content":{"rendered":"<h3>Informations de base<\/h3>\n<p>Formule chimique : WO\u2082. \u2089, est un compos\u00e9 non entier compos\u00e9 de tungst\u00e8ne (W) et d\u2019oxyg\u00e8ne (O), la valence du tungst\u00e8ne n\u2019est pas une valence enti\u00e8re dans ce compos\u00e9, et la valence moyenne est l\u00e9g\u00e8rement inf\u00e9rieure \u00e0 + 6.<\/p>\n<p>Structure cristalline : WO\u2082. \u2089 a une structure cristalline complexe. Il pr\u00e9sente des similitudes avec la structure cristalline de WO\u2083, qui appartient \u00e0 la structure d\u00e9form\u00e9e du syst\u00e8me cristallin cubique.<\/p>\n<p>Apparence\u00a0: WO\u2082. \u2089 La poudre appara\u00eet g\u00e9n\u00e9ralement bleu fonc\u00e9 ou bleu-noir.<\/p>\n<p>M\u00e9canisme de couleur : Il pr\u00e9sente un aspect bleu fonc\u00e9 ou bleu-noir, qui est diff\u00e9rent de la couleur des autres oxydes de tungst\u00e8ne.<\/p>\n<p>Densit\u00e9 : WO\u2082. \u2089 a une densit\u00e9 \u00e9lev\u00e9e, g\u00e9n\u00e9ralement autour de 7 \u00e0 8 g\/cm\u00b3.<\/p>\n<h3>Domaines d\u2019application<\/h3>\n<p>Photod\u00e9tecteur\u00a0: en utilisant de l\u2019oxyde de tungst\u00e8ne dans la bande optique des propri\u00e9t\u00e9s d\u2019absorption de la lumi\u00e8re et des propri\u00e9t\u00e9s \u00e9lectriques sp\u00e9ciales, il peut \u00eatre utilis\u00e9 pour pr\u00e9parer des photod\u00e9tecteurs.<\/p>\n<p>Diode \u00e9lectroluminescente (LED) et diode laser (LD) : en raison des propri\u00e9t\u00e9s luminescentes de l\u2019oxyde de tungst\u00e8ne, il existe une valeur potentielle dans la recherche et l\u2019application des LED et des LD. En optimisant la structure du mat\u00e9riau et le processus de pr\u00e9paration, il est possible d\u2019utiliser le WO\u2082. \u2089 comme couche luminescente ou mat\u00e9riau auxiliaire dans les LED et les LD pour am\u00e9liorer l\u2019efficacit\u00e9 de la luminescence et la qualit\u00e9 de la couleur de la lumi\u00e8re.<\/p>\n<p>R\u00e9action photocatalytique : L\u2019oxyde de tungst\u00e8ne a des performances photocatalytiques potentielles, bas\u00e9es sur ses propri\u00e9t\u00e9s d\u2019absorption de la lumi\u00e8re et sa structure \u00e9lectronique sp\u00e9ciale, il a un potentiel d\u2019application dans la d\u00e9gradation photocatalytique des polluants organiques, la d\u00e9composition photocatalytique de l\u2019eau pour produire de l\u2019hydrog\u00e8ne et d\u2019autres r\u00e9actions.<\/p>\n","protected":false},"excerpt":{"rendered":"<p>Photod\u00e9tecteur\u00a0: en utilisant de l\u2019oxyde de tungst\u00e8ne dans la bande optique des propri\u00e9t\u00e9s d\u2019absorption de la lumi\u00e8re et des propri\u00e9t\u00e9s \u00e9lectriques sp\u00e9ciales, il peut \u00eatre utilis\u00e9 pour pr\u00e9parer des photod\u00e9tecteurs.<\/p>\n<p>Diode \u00e9lectroluminescente (LED) et diode laser (LD) : en raison des propri\u00e9t\u00e9s luminescentes de l\u2019oxyde de tungst\u00e8ne, il existe une valeur potentielle dans la recherche et l\u2019application des LED et des LD. En optimisant la structure du mat\u00e9riau et le processus de pr\u00e9paration, il est possible d\u2019utiliser le WO\u2082. \u2089 comme couche luminescente ou mat\u00e9riau auxiliaire dans les LED et les LD pour am\u00e9liorer l\u2019efficacit\u00e9 de la luminescence et la qualit\u00e9 de la couleur de la lumi\u00e8re.<\/p>\n","protected":false},"featured_media":1033249,"comment_status":"open","ping_status":"closed","template":"","meta":{"_acf_changed":false},"product_brand":[],"product_cat":[243],"product_tag":[],"class_list":{"0":"post-1025050","1":"product","2":"type-product","3":"status-publish","4":"has-post-thumbnail","6":"product_cat-materiaux-oxydes-hydroxydes","8":"first","9":"instock","10":"shipping-taxable","11":"product-type-variable"},"acf":[],"_links":{"self":[{"href":"https:\/\/vimaterial.de\/fr\/wp-json\/wp\/v2\/product\/1025050","targetHints":{"allow":["GET"]}}],"collection":[{"href":"https:\/\/vimaterial.de\/fr\/wp-json\/wp\/v2\/product"}],"about":[{"href":"https:\/\/vimaterial.de\/fr\/wp-json\/wp\/v2\/types\/product"}],"replies":[{"embeddable":true,"href":"https:\/\/vimaterial.de\/fr\/wp-json\/wp\/v2\/comments?post=1025050"}],"wp:featuredmedia":[{"embeddable":true,"href":"https:\/\/vimaterial.de\/fr\/wp-json\/wp\/v2\/media\/1033249"}],"wp:attachment":[{"href":"https:\/\/vimaterial.de\/fr\/wp-json\/wp\/v2\/media?parent=1025050"}],"wp:term":[{"taxonomy":"product_brand","embeddable":true,"href":"https:\/\/vimaterial.de\/fr\/wp-json\/wp\/v2\/product_brand?post=1025050"},{"taxonomy":"product_cat","embeddable":true,"href":"https:\/\/vimaterial.de\/fr\/wp-json\/wp\/v2\/product_cat?post=1025050"},{"taxonomy":"product_tag","embeddable":true,"href":"https:\/\/vimaterial.de\/fr\/wp-json\/wp\/v2\/product_tag?post=1025050"}],"curies":[{"name":"wp","href":"https:\/\/api.w.org\/{rel}","templated":true}]}}