{"id":1025044,"date":"2024-06-17T15:53:25","date_gmt":"2024-06-17T07:53:25","guid":{"rendered":"https:\/\/vimaterial.de\/product\/oxyde-de-tungstene-5\/"},"modified":"2024-10-28T14:13:21","modified_gmt":"2024-10-28T06:13:21","slug":"oxyde-de-tungstene-5","status":"publish","type":"product","link":"https:\/\/vimaterial.de\/fr\/product\/oxyde-de-tungstene-5\/","title":{"rendered":"Oxyde de tungst\u00e8ne"},"content":{"rendered":"<h3>Informations de base :<\/h3>\n<p>Formule chimique : WO\u2082, compos\u00e9 de tungst\u00e8ne (W) et d\u2019oxyg\u00e8ne (O), o\u00f9 le tungst\u00e8ne a une valence de + 4 et l\u2019oxyg\u00e8ne &#8211; 2.<\/p>\n<p>Structure cristalline : WO\u2082 a une structure cristalline monoclinique. Dans sa structure cristalline, les atomes de tungst\u00e8ne et d\u2019oxyg\u00e8ne sont interconnect\u00e9s dans un arrangement sp\u00e9cifique, formant un r\u00e9seau tridimensionnel complexe.<br \/>\nAspect : La poudre WO\u2082 appara\u00eet g\u00e9n\u00e9ralement gris fonc\u00e9 ou noir.<br \/>\nDensit\u00e9 : Le WO\u2082 a une densit\u00e9 relativement \u00e9lev\u00e9e d\u2019environ 12,11 g\/cm\u00b3.<br \/>\nDuret\u00e9 : Le WO\u2082 a un certain degr\u00e9 de duret\u00e9, mais compar\u00e9 \u00e0 certains mat\u00e9riaux \u00e0 haute duret\u00e9 (tels que le carbure de tungst\u00e8ne), la duret\u00e9 est plus faible.<\/p>\n<h3>Domaines d\u2019application<\/h3>\n<p>Transistors et circuits int\u00e9gr\u00e9s\u00a0: L\u2019oxyde de tungst\u00e8ne est une propri\u00e9t\u00e9 semi-conductrice qui le rend potentiellement utile dans le domaine des transistors et des circuits int\u00e9gr\u00e9s.<\/p>\n<p>Mat\u00e9riaux r\u00e9sistifs : \u00c9tant donn\u00e9 que la r\u00e9sistance du WO\u2082 varie consid\u00e9rablement avec la temp\u00e9rature, il peut \u00eatre utilis\u00e9 comme mat\u00e9riau de r\u00e9sistance sensible \u00e0 la temp\u00e9rature (thermistance).<\/p>\n<p>Mat\u00e9riaux de modulation optique : L\u2019oxyde de tungst\u00e8ne est photochromique et ses propri\u00e9t\u00e9s \u00e9lectrochromes lui permettent d\u2019\u00eatre utilis\u00e9 comme mat\u00e9riau de modulation optique. Dans le domaine des communications optiques, il peut \u00eatre utilis\u00e9 pour fabriquer des commutateurs optiques, des att\u00e9nuateurs optiques et d\u2019autres dispositifs opto\u00e9lectroniques, qui peuvent \u00eatre utilis\u00e9s pour r\u00e9guler l\u2019activation-d\u00e9sactivation du chemin optique ou l\u2019amplitude de l\u2019intensit\u00e9 lumineuse en modifiant les signaux optiques ou \u00e9lectriques.<\/p>\n<p>Mat\u00e9riaux de conversion photothermique : Le WO\u2082 a un certain potentiel d\u2019application dans la conversion photothermique. Gr\u00e2ce \u00e0 ses propri\u00e9t\u00e9s d\u2019absorption \u00e9lev\u00e9es dans les bandes visible et proche infrarouge, il peut convertir efficacement l\u2019\u00e9nergie lumineuse telle que l\u2019\u00e9nergie solaire en \u00e9nergie thermique.<\/p>\n<p>Mat\u00e9riaux d\u2019\u00e9lectrode pour les batteries lithium-ion : Dans la recherche sur les batteries lithium-ion, le WO\u2082 a fait l\u2019objet d\u2019une attention particuli\u00e8re en tant que mat\u00e9riau d\u2019\u00e9lectrode. la structure cristalline du WO\u2082 fournit un canal pour l\u2019int\u00e9gration et la d\u00e9sint\u00e9gration des ions lithium, et sa capacit\u00e9 sp\u00e9cifique th\u00e9orique \u00e9lev\u00e9e offre la possibilit\u00e9 d\u2019augmenter la densit\u00e9 \u00e9nerg\u00e9tique de la batterie.<\/p>\n","protected":false},"excerpt":{"rendered":"<p>L\u2019oxyde de tungst\u00e8ne est un cristal de poudre monoclinique brun, principalement utilis\u00e9 dans la fabrication de poudre de tungst\u00e8ne et de trioxyde de tungst\u00e8ne.<\/p>\n<p>Transistors et circuits int\u00e9gr\u00e9s\u00a0: L\u2019oxyde de tungst\u00e8ne est une propri\u00e9t\u00e9 semi-conductrice qui le rend potentiellement utile dans le domaine des transistors et des circuits int\u00e9gr\u00e9s.<\/p>\n<p>Mat\u00e9riaux r\u00e9sistifs : \u00c9tant donn\u00e9 que la r\u00e9sistance du WO\u2082 varie consid\u00e9rablement avec la temp\u00e9rature, il peut \u00eatre utilis\u00e9 comme mat\u00e9riau de r\u00e9sistance sensible \u00e0 la temp\u00e9rature (thermistance).<\/p>\n","protected":false},"featured_media":1033244,"comment_status":"open","ping_status":"closed","template":"","meta":{"_acf_changed":false},"product_brand":[],"product_cat":[243],"product_tag":[],"class_list":{"0":"post-1025044","1":"product","2":"type-product","3":"status-publish","4":"has-post-thumbnail","6":"product_cat-materiaux-oxydes-hydroxydes","8":"first","9":"instock","10":"shipping-taxable","11":"purchasable","12":"product-type-variable"},"acf":[],"_links":{"self":[{"href":"https:\/\/vimaterial.de\/fr\/wp-json\/wp\/v2\/product\/1025044","targetHints":{"allow":["GET"]}}],"collection":[{"href":"https:\/\/vimaterial.de\/fr\/wp-json\/wp\/v2\/product"}],"about":[{"href":"https:\/\/vimaterial.de\/fr\/wp-json\/wp\/v2\/types\/product"}],"replies":[{"embeddable":true,"href":"https:\/\/vimaterial.de\/fr\/wp-json\/wp\/v2\/comments?post=1025044"}],"wp:featuredmedia":[{"embeddable":true,"href":"https:\/\/vimaterial.de\/fr\/wp-json\/wp\/v2\/media\/1033244"}],"wp:attachment":[{"href":"https:\/\/vimaterial.de\/fr\/wp-json\/wp\/v2\/media?parent=1025044"}],"wp:term":[{"taxonomy":"product_brand","embeddable":true,"href":"https:\/\/vimaterial.de\/fr\/wp-json\/wp\/v2\/product_brand?post=1025044"},{"taxonomy":"product_cat","embeddable":true,"href":"https:\/\/vimaterial.de\/fr\/wp-json\/wp\/v2\/product_cat?post=1025044"},{"taxonomy":"product_tag","embeddable":true,"href":"https:\/\/vimaterial.de\/fr\/wp-json\/wp\/v2\/product_tag?post=1025044"}],"curies":[{"name":"wp","href":"https:\/\/api.w.org\/{rel}","templated":true}]}}