{"id":1025004,"date":"2024-06-17T15:53:25","date_gmt":"2024-06-17T07:53:25","guid":{"rendered":"https:\/\/vimaterial.de\/product\/oxyde-de-tungstene-2\/"},"modified":"2024-10-28T14:57:57","modified_gmt":"2024-10-28T06:57:57","slug":"oxyde-de-tungstene-2","status":"publish","type":"product","link":"https:\/\/vimaterial.de\/fr\/product\/oxyde-de-tungstene-2\/","title":{"rendered":"Oxyde de tungst\u00e8ne"},"content":{"rendered":"<p>Informations de base<\/p>\n<p>Formule chimique\u00a0: WO\u2083, se compose de tungst\u00e8ne (W) et d\u2019oxyg\u00e8ne (O), la valence du tungst\u00e8ne est de + 6.<br \/>\nStructure cristalline : Structures orthorhombiques, monocliniques et tricliniques, dont l\u2019orthorhombie est la plus typique.<br \/>\nApparence : Les particules WO\u2083 sont g\u00e9n\u00e9ralement jaune clair ou vert jaun\u00e2tre.<br \/>\nDensit\u00e9 : 7,16 g\/cm\u00b3.<br \/>\nDuret\u00e9 : environ 5 &#8211; 6 sur l\u2019\u00e9chelle de duret\u00e9 de Mohs.<\/p>\n<p>Domaines d\u2019application<\/p>\n<p>Films et rev\u00eatements optiques : L\u2019oxyde de tungst\u00e8ne est utilis\u00e9 dans la pr\u00e9paration de divers films et rev\u00eatements optiques, tels que les rev\u00eatements antireflets, les films d\u2019am\u00e9lioration de la transmittance et les filtres.<\/p>\n<p>Transistors et circuits int\u00e9gr\u00e9s : Le WO\u2083, en tant que mat\u00e9riau semi-conducteur, a des applications potentielles dans le domaine des transistors et des circuits int\u00e9gr\u00e9s. Gr\u00e2ce au dopage et \u00e0 la nanostructuration, ses propri\u00e9t\u00e9s \u00e9lectriques peuvent \u00eatre am\u00e9lior\u00e9es, ce qui permet de l\u2019utiliser comme couche active ou mat\u00e9riau de canal pour de nouveaux dispositifs \u00e9lectroniques, et offre une nouvelle fa\u00e7on de briser le goulot d\u2019\u00e9tranglement de la technologie \u00e9lectronique existante \u00e0 base de silicium.<\/p>\n<p>Mat\u00e9riaux de conversion photothermique : L\u2019oxyde de tungst\u00e8ne a un certain potentiel d\u2019application dans la conversion photothermique. En utilisant ses propri\u00e9t\u00e9s d\u2019absorption de la lumi\u00e8re dans les bandes visible et proche infrarouge, il peut convertir efficacement l\u2019\u00e9nergie lumineuse telle que l\u2019\u00e9nergie solaire en \u00e9nergie thermique.<\/p>\n<p>Mat\u00e9riaux d\u2019\u00e9lectrode pour les batteries lithium-ion : Dans la recherche sur les batteries lithium-ion, l\u2019oxyde de tungst\u00e8ne a attir\u00e9 l\u2019attention en tant que mat\u00e9riau d\u2019\u00e9lectrode. la structure cristalline de WO\u2083 fournit un canal pour l\u2019int\u00e9gration et la d\u00e9sint\u00e9gration des ions lithium, et sa capacit\u00e9 sp\u00e9cifique th\u00e9orique \u00e9lev\u00e9e offre la possibilit\u00e9 d\u2019augmenter la densit\u00e9 \u00e9nerg\u00e9tique de la batterie.<\/p>\n","protected":false},"excerpt":{"rendered":"<p>Films et rev\u00eatements optiques : L\u2019oxyde de tungst\u00e8ne est utilis\u00e9 dans la pr\u00e9paration de divers films et rev\u00eatements optiques, tels que les rev\u00eatements antireflets, les films d\u2019am\u00e9lioration de la transmittance et les filtres.<\/p>\n<p>Transistors et circuits int\u00e9gr\u00e9s : L\u2019oxyde de tungst\u00e8ne, en tant que mat\u00e9riau semi-conducteur, a des applications potentielles dans le domaine des transistors et des circuits int\u00e9gr\u00e9s. Gr\u00e2ce au dopage et \u00e0 la nanostructuration, ses propri\u00e9t\u00e9s \u00e9lectriques peuvent \u00eatre am\u00e9lior\u00e9es, ce qui permet de l\u2019utiliser comme couche active ou mat\u00e9riau de canal pour de nouveaux dispositifs \u00e9lectroniques, et offre une nouvelle fa\u00e7on de briser le goulot d\u2019\u00e9tranglement de la technologie \u00e9lectronique existante \u00e0 base de silicium.<\/p>\n","protected":false},"featured_media":1033264,"comment_status":"open","ping_status":"closed","template":"","meta":{"_acf_changed":false},"product_brand":[],"product_cat":[243],"product_tag":[],"class_list":{"0":"post-1025004","1":"product","2":"type-product","3":"status-publish","4":"has-post-thumbnail","6":"product_cat-materiaux-oxydes-hydroxydes","8":"first","9":"instock","10":"shipping-taxable","11":"purchasable","12":"product-type-variable"},"acf":[],"_links":{"self":[{"href":"https:\/\/vimaterial.de\/fr\/wp-json\/wp\/v2\/product\/1025004","targetHints":{"allow":["GET"]}}],"collection":[{"href":"https:\/\/vimaterial.de\/fr\/wp-json\/wp\/v2\/product"}],"about":[{"href":"https:\/\/vimaterial.de\/fr\/wp-json\/wp\/v2\/types\/product"}],"replies":[{"embeddable":true,"href":"https:\/\/vimaterial.de\/fr\/wp-json\/wp\/v2\/comments?post=1025004"}],"wp:featuredmedia":[{"embeddable":true,"href":"https:\/\/vimaterial.de\/fr\/wp-json\/wp\/v2\/media\/1033264"}],"wp:attachment":[{"href":"https:\/\/vimaterial.de\/fr\/wp-json\/wp\/v2\/media?parent=1025004"}],"wp:term":[{"taxonomy":"product_brand","embeddable":true,"href":"https:\/\/vimaterial.de\/fr\/wp-json\/wp\/v2\/product_brand?post=1025004"},{"taxonomy":"product_cat","embeddable":true,"href":"https:\/\/vimaterial.de\/fr\/wp-json\/wp\/v2\/product_cat?post=1025004"},{"taxonomy":"product_tag","embeddable":true,"href":"https:\/\/vimaterial.de\/fr\/wp-json\/wp\/v2\/product_tag?post=1025004"}],"curies":[{"name":"wp","href":"https:\/\/api.w.org\/{rel}","templated":true}]}}