{"id":1024952,"date":"2024-06-17T15:53:26","date_gmt":"2024-06-17T07:53:26","guid":{"rendered":"https:\/\/vimaterial.de\/product\/oxyde-de-tungstene-oxyde-de-cuivre\/"},"modified":"2024-10-28T13:54:05","modified_gmt":"2024-10-28T05:54:05","slug":"oxyde-de-tungstene-oxyde-de-cuivre","status":"publish","type":"product","link":"https:\/\/vimaterial.de\/fr\/product\/oxyde-de-tungstene-oxyde-de-cuivre\/","title":{"rendered":"Oxyde de tungst\u00e8ne &#8211; Oxyde de cuivre"},"content":{"rendered":"<p>Oxyde de tungst\u00e8ne &#8211; Oxyde de cuivre\u00a0est une sorte de cible d\u2019oxyde composite, qui a des applications importantes dans les domaines de la science des mat\u00e9riaux, de l\u2019\u00e9lectronique, de l\u2019optique et des capteurs.<\/p>\n<h3>Informations de base<\/h3>\n<p>Composition : Compos\u00e9 de trioxyde de tungst\u00e8ne (WO\u2083) et d\u2019oxyde de cuivre (CuO), il s\u2019agit d\u2019un oxyde composite binaire. Structure \u00e0 deux<br \/>\ncristaux\u00a0: WO\u2083 a une vari\u00e9t\u00e9 de structures cristallines, un syst\u00e8me cristallin orthorhombique commun et une structure de syst\u00e8me cristallin monoclinique. CuO appartient \u00e0 la structure du syst\u00e8me cristallin monoclinique. Dans les cibles composites WO\u2083 &#8211; CuO, les structures cristallines des deux oxydes interagissent l\u2019une avec l\u2019autre, et il peut y avoir des distorsions du r\u00e9seau, des interactions interfaciales et d\u2019autres ph\u00e9nom\u00e8nes.<br \/>\nAspect : G\u00e9n\u00e9ralement des grumeaux ou des disques noirs ou brun fonc\u00e9, la couleur d\u00e9pend principalement de la teneur en WO\u2083 et CuO et du processus de pr\u00e9paration.<\/p>\n<h3>Domaines d\u2019application<\/h3>\n<p>Transistor \u00e0 couche mince (TFT) : Dans la fabrication de TFT, le film Oxyde de tungst\u00e8ne &#8211; Oxyde de cuivre peut \u00eatre utilis\u00e9 comme mat\u00e9riau de couche active. En raison de ses propri\u00e9t\u00e9s \u00e9lectriques uniques, il peut r\u00e9aliser un contr\u00f4le efficace du courant, ce qui devrait am\u00e9liorer les performances du TFT, telles que la vitesse de commutation, la mobilit\u00e9 et la stabilit\u00e9.<\/p>\n<p>Films conducteurs et mat\u00e9riaux d\u2019\u00e9lectrode : Des films conducteurs et des mat\u00e9riaux d\u2019\u00e9lectrode peuvent \u00eatre pr\u00e9par\u00e9s. Oxyde de tungst\u00e8ne &#8211; Oxyde de cuivre est d\u00e9pos\u00e9 \u00e0 la surface des composants \u00e9lectroniques par d\u00e9p\u00f4t physique en phase vapeur pour former une couche conductrice, qui est utilis\u00e9e pour connecter des circuits ou comme mat\u00e9riau de blindage \u00e9lectromagn\u00e9tique.<\/p>\n<p>Films et rev\u00eatements optiques : Utilis\u00e9s dans la fabrication de films et de rev\u00eatements optiques, tels que le d\u00e9p\u00f4t de films WO\u2083 &#8211; CuO \u00e0 la surface des cellules solaires photovolta\u00efques, comme rev\u00eatement antireflet ou couche d\u2019am\u00e9lioration de l\u2019absorption de la lumi\u00e8re, pour am\u00e9liorer l\u2019efficacit\u00e9 de conversion photo\u00e9lectrique de la batterie.<\/p>\n<p>Applications photocatalytiques : Sur la base de ses propri\u00e9t\u00e9s photocatalytiques, les cibles Oxyde de tungst\u00e8ne &#8211; Oxyde de cuivre peuvent \u00eatre utilis\u00e9es pour pr\u00e9parer des r\u00e9acteurs photocatalytiques ou des rev\u00eatements photocatalytiques. Dans le domaine de l\u2019\u00e9puration de l\u2019environnement, ils peuvent \u00eatre utilis\u00e9s pour d\u00e9grader les polluants organiques pr\u00e9sents dans l\u2019air, tels que le formald\u00e9hyde, le benz\u00e8ne, etc., ou pour traiter les colorants organiques, les m\u00e9taux lourds et autres polluants dans les eaux us\u00e9es industrielles.<\/p>\n","protected":false},"excerpt":{"rendered":"<p>Oxyde de tungst\u00e8ne &#8211; Oxyde de cuivre\u00a0est une sorte de cible d\u2019oxyde composite, qui a des applications importantes dans les domaines de la science des mat\u00e9riaux, de l\u2019\u00e9lectronique, de l\u2019optique et des capteurs.<\/p>\n<p>Transistor \u00e0 couche mince (TFT) : Dans la fabrication de TFT, le film Oxyde de tungst\u00e8ne &#8211; Oxyde de cuivre peut \u00eatre utilis\u00e9 comme mat\u00e9riau de couche active. En raison de ses propri\u00e9t\u00e9s \u00e9lectriques uniques, il peut r\u00e9aliser un contr\u00f4le efficace du courant, ce qui devrait am\u00e9liorer les performances du TFT, telles que la vitesse de commutation, la mobilit\u00e9 et la stabilit\u00e9.<\/p>\n<p>Films conducteurs et mat\u00e9riaux d\u2019\u00e9lectrode : Des films conducteurs et des mat\u00e9riaux d\u2019\u00e9lectrode peuvent \u00eatre pr\u00e9par\u00e9s. Oxyde de tungst\u00e8ne &#8211; L\u2019oxyde de cuivre est d\u00e9pos\u00e9 \u00e0 la surface des composants \u00e9lectroniques par d\u00e9p\u00f4t physique en phase vapeur pour former une couche conductrice, qui est utilis\u00e9e pour connecter des circuits ou comme mat\u00e9riau de blindage \u00e9lectromagn\u00e9tique.<\/p>\n","protected":false},"featured_media":1033274,"comment_status":"open","ping_status":"closed","template":"","meta":{"_acf_changed":false},"product_brand":[],"product_cat":[235],"product_tag":[],"class_list":{"0":"post-1024952","1":"product","2":"type-product","3":"status-publish","4":"has-post-thumbnail","6":"product_cat-cibles-de-pulverisation-planaire","8":"first","9":"instock","10":"shipping-taxable","11":"product-type-variable"},"acf":[],"_links":{"self":[{"href":"https:\/\/vimaterial.de\/fr\/wp-json\/wp\/v2\/product\/1024952","targetHints":{"allow":["GET"]}}],"collection":[{"href":"https:\/\/vimaterial.de\/fr\/wp-json\/wp\/v2\/product"}],"about":[{"href":"https:\/\/vimaterial.de\/fr\/wp-json\/wp\/v2\/types\/product"}],"replies":[{"embeddable":true,"href":"https:\/\/vimaterial.de\/fr\/wp-json\/wp\/v2\/comments?post=1024952"}],"wp:featuredmedia":[{"embeddable":true,"href":"https:\/\/vimaterial.de\/fr\/wp-json\/wp\/v2\/media\/1033274"}],"wp:attachment":[{"href":"https:\/\/vimaterial.de\/fr\/wp-json\/wp\/v2\/media?parent=1024952"}],"wp:term":[{"taxonomy":"product_brand","embeddable":true,"href":"https:\/\/vimaterial.de\/fr\/wp-json\/wp\/v2\/product_brand?post=1024952"},{"taxonomy":"product_cat","embeddable":true,"href":"https:\/\/vimaterial.de\/fr\/wp-json\/wp\/v2\/product_cat?post=1024952"},{"taxonomy":"product_tag","embeddable":true,"href":"https:\/\/vimaterial.de\/fr\/wp-json\/wp\/v2\/product_tag?post=1024952"}],"curies":[{"name":"wp","href":"https:\/\/api.w.org\/{rel}","templated":true}]}}