{"id":1024937,"date":"2024-06-17T15:53:26","date_gmt":"2024-06-17T07:53:26","guid":{"rendered":"https:\/\/vimaterial.de\/product\/oxyde-de-tungstene\/"},"modified":"2024-10-28T13:41:47","modified_gmt":"2024-10-28T05:41:47","slug":"oxyde-de-tungstene","status":"publish","type":"product","link":"https:\/\/vimaterial.de\/fr\/product\/oxyde-de-tungstene\/","title":{"rendered":"Oxyde de tungst\u00e8ne"},"content":{"rendered":"<p>La cible d\u2019oxyde de tungst\u00e8ne est un mat\u00e9riau important pour la pulv\u00e9risation magn\u00e9tron et d\u2019autres processus de rev\u00eatement.<\/p>\n<h3>Propri\u00e9t\u00e9s de base :<\/h3>\n<p>Formule chimique et composition : La formule chimique est WO3, qui est compos\u00e9e de deux \u00e9l\u00e9ments, le tungst\u00e8ne (W) et l\u2019oxyg\u00e8ne (O).<\/p>\n<p>Structure cristalline : Les cristaux de WO3 ont une structure octa\u00e9drique, avec des atomes de tungst\u00e8ne au centre de l\u2019octa\u00e8dre et des atomes d\u2019oxyg\u00e8ne aux sommets de chacune des huit faces.<\/p>\n<p>Point de fusion : 1472\u00b0C.<\/p>\n<p>Point d\u2019\u00e9bullition : 1837\u00b0C.<\/p>\n<p>Densit\u00e9 relative : 7,16, insoluble dans l\u2019eau et l\u2019acide, l\u00e9g\u00e8rement soluble dans l\u2019acide fluorhydrique.<\/p>\n<h3>Domaine d\u2019application :<\/h3>\n<p>Rev\u00eatement optique\u00a0: Il est utilis\u00e9 pour pr\u00e9parer toutes sortes de films optiques, tels que le film antireflet, le film d\u2019am\u00e9lioration de la transmittance, etc. Il peut \u00eatre appliqu\u00e9 aux instruments optiques, aux lentilles, aux cellules solaires et \u00e0 d\u2019autres domaines pour am\u00e9liorer les performances et l\u2019efficacit\u00e9 des dispositifs optiques.<\/p>\n<p>Dispositifs \u00e9lectroniques : Dans le domaine de l\u2019\u00e9lectronique, il peut \u00eatre utilis\u00e9 pour pr\u00e9parer des dispositifs \u00e9lectroniques tels que le transistor \u00e0 couche mince (TFT), le transistor \u00e0 effet de champ (FET) et comme mat\u00e9riaux d\u2019\u00e9lectrode.<\/p>\n<p>Capteurs sensibles aux gaz : L\u2019oxyde de tungst\u00e8ne est sensible \u00e0 certains gaz et peut \u00eatre utilis\u00e9 pour pr\u00e9parer des capteurs sensibles aux gaz afin de d\u00e9tecter la composition et la concentration de gaz, tels que l\u2019oxyg\u00e8ne, l\u2019hydrog\u00e8ne, le monoxyde de carbone et d\u2019autres gaz.<\/p>\n<p>Dispositifs \u00e9lectrochromes : tels que les vitres intelligentes, les r\u00e9troviseurs de voiture, etc. La couleur et la transparence du film WO3 peuvent \u00eatre ajust\u00e9es en modifiant la tension appliqu\u00e9e pour obtenir le contr\u00f4le et la r\u00e9gulation de la lumi\u00e8re.<\/p>\n","protected":false},"excerpt":{"rendered":"<p>La cible d\u2019oxyde de tungst\u00e8ne est un mat\u00e9riau important pour la pulv\u00e9risation magn\u00e9tron et d\u2019autres processus de rev\u00eatement.<\/p>\n<p>Rev\u00eatement optique\u00a0: Il est utilis\u00e9 pour pr\u00e9parer toutes sortes de films optiques, tels que le film antireflet, le film d\u2019am\u00e9lioration de la transmittance, etc. Il peut \u00eatre appliqu\u00e9 aux instruments optiques, aux lentilles, aux cellules solaires et \u00e0 d\u2019autres domaines pour am\u00e9liorer les performances et l\u2019efficacit\u00e9 des dispositifs optiques.<\/p>\n<p>Appareils \u00e9lectroniques : Dans le domaine de l\u2019\u00e9lectronique, l\u2019oxyde de tungst\u00e8ne peut \u00eatre utilis\u00e9 pour pr\u00e9parer des dispositifs \u00e9lectroniques tels que le transistor \u00e0 couche mince (TFT), le transistor \u00e0 effet de champ (FET) et comme mat\u00e9riaux d\u2019\u00e9lectrode.<\/p>\n","protected":false},"featured_media":1033269,"comment_status":"open","ping_status":"closed","template":"","meta":{"_acf_changed":false},"product_brand":[],"product_cat":[235],"product_tag":[],"class_list":{"0":"post-1024937","1":"product","2":"type-product","3":"status-publish","4":"has-post-thumbnail","6":"product_cat-cibles-de-pulverisation-planaire","8":"first","9":"instock","10":"shipping-taxable","11":"purchasable","12":"product-type-variable"},"acf":[],"_links":{"self":[{"href":"https:\/\/vimaterial.de\/fr\/wp-json\/wp\/v2\/product\/1024937","targetHints":{"allow":["GET"]}}],"collection":[{"href":"https:\/\/vimaterial.de\/fr\/wp-json\/wp\/v2\/product"}],"about":[{"href":"https:\/\/vimaterial.de\/fr\/wp-json\/wp\/v2\/types\/product"}],"replies":[{"embeddable":true,"href":"https:\/\/vimaterial.de\/fr\/wp-json\/wp\/v2\/comments?post=1024937"}],"wp:featuredmedia":[{"embeddable":true,"href":"https:\/\/vimaterial.de\/fr\/wp-json\/wp\/v2\/media\/1033269"}],"wp:attachment":[{"href":"https:\/\/vimaterial.de\/fr\/wp-json\/wp\/v2\/media?parent=1024937"}],"wp:term":[{"taxonomy":"product_brand","embeddable":true,"href":"https:\/\/vimaterial.de\/fr\/wp-json\/wp\/v2\/product_brand?post=1024937"},{"taxonomy":"product_cat","embeddable":true,"href":"https:\/\/vimaterial.de\/fr\/wp-json\/wp\/v2\/product_cat?post=1024937"},{"taxonomy":"product_tag","embeddable":true,"href":"https:\/\/vimaterial.de\/fr\/wp-json\/wp\/v2\/product_tag?post=1024937"}],"curies":[{"name":"wp","href":"https:\/\/api.w.org\/{rel}","templated":true}]}}