{"id":1024917,"date":"2024-06-17T15:53:27","date_gmt":"2024-06-17T07:53:27","guid":{"rendered":"https:\/\/vimaterial.de\/product\/disulfure-de-tungstene-2\/"},"modified":"2024-10-28T13:30:47","modified_gmt":"2024-10-28T05:30:47","slug":"disulfure-de-tungstene-2","status":"publish","type":"product","link":"https:\/\/vimaterial.de\/fr\/product\/disulfure-de-tungstene-2\/","title":{"rendered":"Disulfure de tungst\u00e8ne"},"content":{"rendered":"<h3>Informations de base<\/h3>\n<p>Formule chimique : WS\u2082, compos\u00e9 de deux \u00e9l\u00e9ments, le tungst\u00e8ne (W) et le soufre (S), le tungst\u00e8ne a une valence de +4, le soufre est de valence de -2.<\/p>\n<p>Structure cristalline : WS\u2082 a une structure cristalline en couches, similaire \u00e0 celle du graphite.<\/p>\n<p>Aspect et couleur : Il s\u2019agit g\u00e9n\u00e9ralement d\u2019une poudre noire ou grise.<\/p>\n<p>Densit\u00e9 : Le WS\u2082 a une densit\u00e9 relativement mod\u00e9r\u00e9e d\u2019environ 7,5 g\/cm\u00b3.<\/p>\n<p>Duret\u00e9 : Le WS\u2082 est un mat\u00e9riau relativement mou avec une faible duret\u00e9 de Mohs d\u2019environ 1 \u00e0 2.<\/p>\n<h3>Domaines d\u2019application<\/h3>\n<p>Lubrification : Le disulfure de tungst\u00e8ne poss\u00e8de d\u2019excellentes propri\u00e9t\u00e9s lubrifiantes en raison de sa structure cristalline en couches, il est donc largement utilis\u00e9 dans une vari\u00e9t\u00e9 d\u2019applications n\u00e9cessitant une lubrification.<\/p>\n<p>Transistors et circuits int\u00e9gr\u00e9s : Les propri\u00e9t\u00e9s semi-conductrices du disulfure de tungst\u00e8ne et la bande interdite r\u00e9glable lui conf\u00e8rent un grand potentiel d\u2019utilisation dans les transistors et les circuits int\u00e9gr\u00e9s.<\/p>\n<p>Dispositifs opto\u00e9lectroniques : WS\u2082 a \u00e9galement de nombreuses applications dans les dispositifs opto\u00e9lectroniques. Par exemple, les photod\u00e9tecteurs bas\u00e9s sur WS\u2082 peuvent tirer parti de leurs propri\u00e9t\u00e9s d\u2019absorption de la lumi\u00e8re dans la bande de longueur d\u2019onde infrarouge pour obtenir une d\u00e9tection tr\u00e8s sensible des signaux lumineux infrarouges.<\/p>\n<p>Mat\u00e9riaux d\u2019\u00e9lectrode de batterie : Dans le domaine du stockage d\u2019\u00e9nergie, comme les batteries lithium-ion, le WS\u2082 attire progressivement l\u2019attention en tant que mat\u00e9riau d\u2019\u00e9lectrode. la structure en couches de WS\u2082 peut fournir de bons canaux pour l\u2019int\u00e9gration et la d\u00e9sint\u00e9gration des ions lithium, et en m\u00eame temps, sa capacit\u00e9 sp\u00e9cifique th\u00e9orique \u00e9lev\u00e9e offre \u00e9galement la possibilit\u00e9 d\u2019augmenter la densit\u00e9 \u00e9nerg\u00e9tique de la batterie.<\/p>\n","protected":false},"excerpt":{"rendered":"<p>Le disulfure de tungst\u00e8ne est un compos\u00e9 inorganique de formule mol\u00e9culaire WS2 et de poids mol\u00e9culaire de 247,97. Il s\u2019agit d\u2019un cristal ou d\u2019une poudre gris fin avec un \u00e9clat m\u00e9tallique, appartient au syst\u00e8me cristallin hexagonal et poss\u00e8de des propri\u00e9t\u00e9s semi-conductrices et antimagn\u00e9tiques. Le min\u00e9ral naturel est la scheelite. Structure stratifi\u00e9e, facile \u00e0 dissocier, avec des propri\u00e9t\u00e9s lubrifiantes similaires \u00e0 celles du graphite.<\/p>\n","protected":false},"featured_media":1033284,"comment_status":"open","ping_status":"closed","template":"","meta":{"_acf_changed":false},"product_brand":[],"product_cat":[238],"product_tag":[],"class_list":{"0":"post-1024917","1":"product","2":"type-product","3":"status-publish","4":"has-post-thumbnail","6":"product_cat-materiaux-de-chalcogenure","8":"first","9":"instock","10":"shipping-taxable","11":"purchasable","12":"product-type-variable"},"acf":[],"_links":{"self":[{"href":"https:\/\/vimaterial.de\/fr\/wp-json\/wp\/v2\/product\/1024917","targetHints":{"allow":["GET"]}}],"collection":[{"href":"https:\/\/vimaterial.de\/fr\/wp-json\/wp\/v2\/product"}],"about":[{"href":"https:\/\/vimaterial.de\/fr\/wp-json\/wp\/v2\/types\/product"}],"replies":[{"embeddable":true,"href":"https:\/\/vimaterial.de\/fr\/wp-json\/wp\/v2\/comments?post=1024917"}],"wp:featuredmedia":[{"embeddable":true,"href":"https:\/\/vimaterial.de\/fr\/wp-json\/wp\/v2\/media\/1033284"}],"wp:attachment":[{"href":"https:\/\/vimaterial.de\/fr\/wp-json\/wp\/v2\/media?parent=1024917"}],"wp:term":[{"taxonomy":"product_brand","embeddable":true,"href":"https:\/\/vimaterial.de\/fr\/wp-json\/wp\/v2\/product_brand?post=1024917"},{"taxonomy":"product_cat","embeddable":true,"href":"https:\/\/vimaterial.de\/fr\/wp-json\/wp\/v2\/product_cat?post=1024917"},{"taxonomy":"product_tag","embeddable":true,"href":"https:\/\/vimaterial.de\/fr\/wp-json\/wp\/v2\/product_tag?post=1024917"}],"curies":[{"name":"wp","href":"https:\/\/api.w.org\/{rel}","templated":true}]}}