{"id":1024912,"date":"2024-06-17T15:53:27","date_gmt":"2024-06-17T07:53:27","guid":{"rendered":"https:\/\/vimaterial.de\/product\/alliage-de-tungstene-et-de-rhenium\/"},"modified":"2024-10-28T11:33:44","modified_gmt":"2024-10-28T03:33:44","slug":"alliage-de-tungstene-et-de-rhenium","status":"publish","type":"product","link":"https:\/\/vimaterial.de\/fr\/product\/alliage-de-tungstene-et-de-rhenium\/","title":{"rendered":"Alliage de tungst\u00e8ne et de rh\u00e9nium"},"content":{"rendered":"<p>La cible en Alliage de tungst\u00e8ne et de rh\u00e9nium est un mat\u00e9riau avec des applications importantes dans de nombreux domaines de haute technologie.<\/p>\n<h3>Informations de base<\/h3>\n<p>Composants principaux : Les cibles WRe sont compos\u00e9es de deux \u00e9l\u00e9ments : le tungst\u00e8ne (W) et le rh\u00e9nium (Re). Dimensions : Les cibles WRe sont dimensionn\u00e9es en fonction des besoins sp\u00e9cifiques de l\u2019application et de l\u2019\u00e9quipement utilis\u00e9.<\/p>\n<p>Forme\u00a0: G\u00e9n\u00e9ralement en forme de disque, cette forme convient \u00e0 une utilisation dans les \u00e9quipements de pulv\u00e9risation et est facile \u00e0 monter et \u00e0 faire pivoter pour un d\u00e9p\u00f4t uniforme de mati\u00e8re.<\/p>\n<p>Densit\u00e9 : La haute densit\u00e9 des cibles WRe est due aux propri\u00e9t\u00e9s de haute densit\u00e9 inh\u00e9rentes au tungst\u00e8ne et au rh\u00e9nium. Par exemple, le tungst\u00e8ne a une densit\u00e9 d\u2019environ 19,3 g\/cm\u00b3 et le rh\u00e9nium a une densit\u00e9 d\u2019environ 21,02 g\/cm\u00b3.<\/p>\n<h3>Domaines d\u2019application<\/h3>\n<p>D\u00e9p\u00f4t de couches minces : Les cibles en Alliage de tungst\u00e8ne et de rh\u00e9nium sont largement utilis\u00e9es pour le d\u00e9p\u00f4t de couches minces dans l\u2019\u00e9lectronique et la fabrication de semi-conducteurs. WRe se d\u00e9pose \u00e0 la surface de puces semi-conductrices, de circuits imprim\u00e9s ou de composants \u00e9lectroniques au moyen de techniques physiques de d\u00e9p\u00f4t en phase vapeur telles que la pulv\u00e9risation cathodique ou l\u2019\u00e9vaporation par faisceau d\u2019\u00e9lectrons, et les films WRe peuvent \u00eatre utilis\u00e9s comme couches conductrices, barri\u00e8res de diffusion ou de contact.<\/p>\n<p>\u00c9lectronique haute temp\u00e9rature : En raison de leur point de fusion \u00e9lev\u00e9 et de leur stabilit\u00e9 thermique, les cibles en Alliage de tungst\u00e8ne et de rh\u00e9nium peuvent \u00eatre utilis\u00e9es pour fabriquer des composants \u00e9lectroniques \u00e0 haute temp\u00e9rature. Dans certains \u00e9quipements \u00e9lectroniques qui doivent fonctionner dans un environnement \u00e0 haute temp\u00e9rature, tels que l\u2019a\u00e9rospatiale, l\u2019arm\u00e9e et d\u2019autres domaines des composants \u00e9lectroniques, les mat\u00e9riaux WRe peuvent assurer le fonctionnement normal des composants \u00e0 haute temp\u00e9rature, am\u00e9liorer les performances et la fiabilit\u00e9 de l\u2019\u00e9quipement.<\/p>\n<p>Rev\u00eatement r\u00e9sistant \u00e0 l\u2019usure : les cibles WRe peuvent \u00eatre utilis\u00e9es pour d\u00e9poser des rev\u00eatements r\u00e9sistants \u00e0 l\u2019usure \u00e0 la surface des mat\u00e9riaux. En d\u00e9posant des rev\u00eatements WRe sur les surfaces des outils de coupe, des moules et d\u2019autres pi\u00e8ces m\u00e9caniques, la r\u00e9sistance \u00e0 l\u2019usure des pi\u00e8ces peut \u00eatre am\u00e9lior\u00e9e et leur dur\u00e9e de vie peut \u00eatre prolong\u00e9e.<\/p>\n","protected":false},"excerpt":{"rendered":"<p>La cible en Alliage de tungst\u00e8ne et de rh\u00e9nium est un mat\u00e9riau avec des applications importantes dans de nombreux domaines de haute technologie.<\/p>\n<p>D\u00e9p\u00f4t de couches minces : Les cibles en Alliage de tungst\u00e8ne et de rh\u00e9nium sont largement utilis\u00e9es pour le d\u00e9p\u00f4t de couches minces dans l\u2019\u00e9lectronique et la fabrication de semi-conducteurs. WRe se d\u00e9pose \u00e0 la surface de puces semi-conductrices, de circuits imprim\u00e9s ou de composants \u00e9lectroniques au moyen de techniques physiques de d\u00e9p\u00f4t en phase vapeur telles que la pulv\u00e9risation cathodique ou l\u2019\u00e9vaporation par faisceau d\u2019\u00e9lectrons, et les films WRe peuvent \u00eatre utilis\u00e9s comme couches conductrices, barri\u00e8res de diffusion ou de contact.<\/p>\n","protected":false},"featured_media":1033279,"comment_status":"open","ping_status":"closed","template":"","meta":{"_acf_changed":false},"product_brand":[],"product_cat":[235],"product_tag":[],"class_list":{"0":"post-1024912","1":"product","2":"type-product","3":"status-publish","4":"has-post-thumbnail","6":"product_cat-cibles-de-pulverisation-planaire","8":"first","9":"instock","10":"shipping-taxable","11":"purchasable","12":"product-type-variable"},"acf":[],"_links":{"self":[{"href":"https:\/\/vimaterial.de\/fr\/wp-json\/wp\/v2\/product\/1024912","targetHints":{"allow":["GET"]}}],"collection":[{"href":"https:\/\/vimaterial.de\/fr\/wp-json\/wp\/v2\/product"}],"about":[{"href":"https:\/\/vimaterial.de\/fr\/wp-json\/wp\/v2\/types\/product"}],"replies":[{"embeddable":true,"href":"https:\/\/vimaterial.de\/fr\/wp-json\/wp\/v2\/comments?post=1024912"}],"wp:featuredmedia":[{"embeddable":true,"href":"https:\/\/vimaterial.de\/fr\/wp-json\/wp\/v2\/media\/1033279"}],"wp:attachment":[{"href":"https:\/\/vimaterial.de\/fr\/wp-json\/wp\/v2\/media?parent=1024912"}],"wp:term":[{"taxonomy":"product_brand","embeddable":true,"href":"https:\/\/vimaterial.de\/fr\/wp-json\/wp\/v2\/product_brand?post=1024912"},{"taxonomy":"product_cat","embeddable":true,"href":"https:\/\/vimaterial.de\/fr\/wp-json\/wp\/v2\/product_cat?post=1024912"},{"taxonomy":"product_tag","embeddable":true,"href":"https:\/\/vimaterial.de\/fr\/wp-json\/wp\/v2\/product_tag?post=1024912"}],"curies":[{"name":"wp","href":"https:\/\/api.w.org\/{rel}","templated":true}]}}