{"id":1024889,"date":"2024-06-17T15:53:27","date_gmt":"2024-06-17T07:53:27","guid":{"rendered":"https:\/\/vimaterial.de\/product\/disulfure-de-tungstene\/"},"modified":"2024-09-25T18:09:56","modified_gmt":"2024-09-25T10:09:56","slug":"disulfure-de-tungstene","status":"publish","type":"product","link":"https:\/\/vimaterial.de\/fr\/product\/disulfure-de-tungstene\/","title":{"rendered":"Disulfure de tungst\u00e8ne"},"content":{"rendered":"<p>Le disulfure de tungst\u00e8ne (WS\u2082) est un compos\u00e9 de tungst\u00e8ne et de soufre, connu pour ses excellentes propri\u00e9t\u00e9s de lubrification et de r\u00e9duction de la friction.En tant que cible de pulv\u00e9risation, le WS\u2082 est largement utilis\u00e9 dans les processus de d\u00e9p\u00f4t physique en phase vapeur (PVD) pour d\u00e9poser des films minces aux propri\u00e9t\u00e9s m\u00e9caniques, chimiques et \u00e9lectroniques avanc\u00e9es.<\/p>\n<p>Propri\u00e9t\u00e9s\u00a0:<\/p>\n<p>R\u00e9sistance aux hautes temp\u00e9ratures\u00a0: Le disulfure de tungst\u00e8ne a une excellente stabilit\u00e9 thermique et peut fonctionner \u00e0 des temp\u00e9ratures aussi \u00e9lev\u00e9es que 500\u00b0C ou plus, ce qui le rend adapt\u00e9 aux applications haute performance.<\/p>\n<p>Faible coefficient de frottement : L\u2019une des caract\u00e9ristiques les plus remarquables de WS\u2082 est son coefficient de frottement extr\u00eamement faible, ce qui en fait un mat\u00e9riau tr\u00e8s efficace pour r\u00e9duire l\u2019usure et prolonger la dur\u00e9e de vie des composants0.<\/p>\n<p>Structure en couches : Le disulfure de tungst\u00e8ne a une structure en couches hexagonales, qui permet un cisaillement facile entre les couches, contribuant \u00e0 ses propri\u00e9t\u00e9s lubrifiantes et en faisant un mat\u00e9riau id\u00e9al pour les applications tribologiques.<\/p>\n<p>Haute r\u00e9sistance \u00e0 la corrosion : WS\u2082 offre \u00e9galement une bonne r\u00e9sistance \u00e0 l\u2019oxydation et \u00e0 la corrosion, ce qui ajoute \u00e0 sa long\u00e9vit\u00e9 dans les environnements difficiles.<\/p>\n<p>Applications :<\/p>\n<p>Lubrification Rev\u00eatements : WS\u2082 est tr\u00e8s appr\u00e9ci\u00e9 pour ses capacit\u00e9s de lubrification solides, en particulier dans des conditions extr\u00eames de temp\u00e9rature et de pression \u00e9lev\u00e9es.Les films minces WS\u2082 sont g\u00e9n\u00e9ralement d\u00e9pos\u00e9s sur les surfaces pour r\u00e9duire le frottement et l\u2019usure des pi\u00e8ces m\u00e9caniques, ce qui le rend id\u00e9al pour les applications a\u00e9rospatiales, automobiles et industrielles.<\/p>\n<p>Semi-conducteurs : WS\u2082 attire \u00e9galement l\u2019attention dans l\u2019industrie des semi-conducteurs, o\u00f9 il est utilis\u00e9 dans la production de mat\u00e9riaux 2D et de films minces pour les transistors et autres composants \u00e9lectroniques.Sa structure en couches offre des propri\u00e9t\u00e9s \u00e9lectriques uniques similaires \u00e0 celles d\u2019autres dichalcog\u00e9nures de m\u00e9taux de transition (TMD), tels que le disulfure de molybd\u00e8ne (MoS\u2082).<\/p>\n<p>Opto\u00e9lectronique : Les couches minces de WS\u2082 sont utilis\u00e9es dans les dispositifs opto\u00e9lectroniques en raison de leur bande interdite et de leurs propri\u00e9t\u00e9s photoluminescentes, ce qui les rend adapt\u00e9es aux capteurs, aux photod\u00e9tecteurs et aux cellules solaires.<\/p>\n<p>Dans les cibles de pulv\u00e9risation, la puret\u00e9, la densit\u00e9 et la microstructure de WS\u2082 sont essentielles pour d\u00e9terminer la qualit\u00e9 des films minces d\u00e9pos\u00e9s.Les cibles de pulv\u00e9risation WS\u2082 de haute puret\u00e9 sont largement utilis\u00e9es pour produire des rev\u00eatements uniformes et sans d\u00e9faut dans les processus de fabrication avanc\u00e9s.<\/p>\n","protected":false},"excerpt":{"rendered":"<p>Le disulfure de tungst\u00e8ne (WS\u2082) est un compos\u00e9 de tungst\u00e8ne et de soufre, connu pour ses excellentes propri\u00e9t\u00e9s de lubrification et de r\u00e9duction de la friction.<br \/>\nEn tant que cible de pulv\u00e9risation, le WS\u2082 est largement utilis\u00e9 dans les processus de d\u00e9p\u00f4t physique en phase vapeur (PVD) pour d\u00e9poser des films minces aux propri\u00e9t\u00e9s m\u00e9caniques, chimiques et \u00e9lectroniques avanc\u00e9es.<br \/>\nDans les cibles de pulv\u00e9risation, la puret\u00e9, la densit\u00e9 et la microstructure de WS\u2082 sont essentielles pour d\u00e9terminer la qualit\u00e9 des films minces d\u00e9pos\u00e9s.<br \/>\nLes cibles de pulv\u00e9risation WS\u2082 de haute puret\u00e9 sont largement utilis\u00e9es pour produire des rev\u00eatements uniformes et sans d\u00e9faut dans les processus de fabrication avanc\u00e9s.<\/p>\n","protected":false},"featured_media":1033289,"comment_status":"open","ping_status":"closed","template":"","meta":{"_acf_changed":false},"product_brand":[],"product_cat":[235],"product_tag":[],"class_list":{"0":"post-1024889","1":"product","2":"type-product","3":"status-publish","4":"has-post-thumbnail","6":"product_cat-cibles-de-pulverisation-planaire","8":"first","9":"instock","10":"shipping-taxable","11":"product-type-variable"},"acf":[],"_links":{"self":[{"href":"https:\/\/vimaterial.de\/fr\/wp-json\/wp\/v2\/product\/1024889","targetHints":{"allow":["GET"]}}],"collection":[{"href":"https:\/\/vimaterial.de\/fr\/wp-json\/wp\/v2\/product"}],"about":[{"href":"https:\/\/vimaterial.de\/fr\/wp-json\/wp\/v2\/types\/product"}],"replies":[{"embeddable":true,"href":"https:\/\/vimaterial.de\/fr\/wp-json\/wp\/v2\/comments?post=1024889"}],"wp:featuredmedia":[{"embeddable":true,"href":"https:\/\/vimaterial.de\/fr\/wp-json\/wp\/v2\/media\/1033289"}],"wp:attachment":[{"href":"https:\/\/vimaterial.de\/fr\/wp-json\/wp\/v2\/media?parent=1024889"}],"wp:term":[{"taxonomy":"product_brand","embeddable":true,"href":"https:\/\/vimaterial.de\/fr\/wp-json\/wp\/v2\/product_brand?post=1024889"},{"taxonomy":"product_cat","embeddable":true,"href":"https:\/\/vimaterial.de\/fr\/wp-json\/wp\/v2\/product_cat?post=1024889"},{"taxonomy":"product_tag","embeddable":true,"href":"https:\/\/vimaterial.de\/fr\/wp-json\/wp\/v2\/product_tag?post=1024889"}],"curies":[{"name":"wp","href":"https:\/\/api.w.org\/{rel}","templated":true}]}}