{"id":1024859,"date":"2024-06-17T15:53:28","date_gmt":"2024-06-17T07:53:28","guid":{"rendered":"https:\/\/vimaterial.de\/product\/seleniure-de-tungstene-2\/"},"modified":"2024-10-12T14:37:23","modified_gmt":"2024-10-12T06:37:23","slug":"seleniure-de-tungstene-2","status":"publish","type":"product","link":"https:\/\/vimaterial.de\/fr\/product\/seleniure-de-tungstene-2\/","title":{"rendered":"S\u00e9l\u00e9niure de tungst\u00e8ne"},"content":{"rendered":"<p>La cible en dis\u00e9l\u00e9niure de tungst\u00e8ne (WSe\u2082) est un mat\u00e9riau de rev\u00eatement important.<\/p>\n<p>&nbsp;<\/p>\n<p>Informations de base :<\/p>\n<p>&nbsp;<\/p>\n<p>Formule chimique : WSe\u2082, compos\u00e9 de deux \u00e9l\u00e9ments, le tungst\u00e8ne (W) et le s\u00e9l\u00e9nium (Se).<\/p>\n<p>Num\u00e9ro de connexion CAS : 12067-46-8.<\/p>\n<p>Apparence\u00a0: Appara\u00eet g\u00e9n\u00e9ralement solide cristallin bleu-gris.<\/p>\n<p>Masse volumique : La masse volumique th\u00e9orique est d\u2019environ 9,32 g\/cm\u00b3.<\/p>\n<p>Point de fusion : Des informations telles que le point de fusion du mat\u00e9riau ne sont pas explicitement mentionn\u00e9es dans certaines donn\u00e9es, mais ont g\u00e9n\u00e9ralement une stabilit\u00e9 thermique \u00e9lev\u00e9e.<\/p>\n<p>Solubilit\u00e9 : Insoluble dans l\u2019eau et la plupart des solvants organiques. Propri\u00e9t\u00e9s chimiques : Bonne stabilit\u00e9 chimique dans l\u2019air et l\u2019eau.<\/p>\n<p>&nbsp;<\/p>\n<p>M\u00e9thode de pr\u00e9paration :<\/p>\n<p>&nbsp;<\/p>\n<p>D\u00e9p\u00f4t chimique en phase vapeur (CVD) : En faisant r\u00e9agir le gaz pr\u00e9curseur contenant du tungst\u00e8ne et du s\u00e9l\u00e9nium \u00e0 haute temp\u00e9rature, il est d\u00e9pos\u00e9 sur le substrat pour former un film de s\u00e9l\u00e9niure de tungst\u00e8ne, puis le film est retir\u00e9 du substrat pour obtenir le mat\u00e9riau cible de s\u00e9l\u00e9niure de tungst\u00e8ne.<\/p>\n<p>&nbsp;<\/p>\n<p>M\u00e9thode de frittage par pressage \u00e0 chaud : la poudre de tungst\u00e8ne et la poudre de s\u00e9l\u00e9nium sont m\u00e9lang\u00e9es dans une certaine proportion, fritt\u00e9es \u00e0 haute temp\u00e9rature et \u00e0 haute pression pour obtenir le mat\u00e9riau cible WSe\u2082.<\/p>\n<p>&nbsp;<\/p>\n<p>Domaine d\u2019application :<\/p>\n<p>&nbsp;<\/p>\n<p>Champ des semi-conducteurs : Le s\u00e9l\u00e9niure de tungst\u00e8ne est un mat\u00e9riau semi-conducteur avec une bande interdite d\u2019environ 1,5 eV, qui a des applications potentielles dans la fabrication de dispositifs \u00e0 semi-conducteurs, tels que les transistors \u00e0 effet de champ (FET), les photod\u00e9tecteurs, etc.<\/p>\n<p>&nbsp;<\/p>\n<p>Champ optique : En raison de sa structure \u00e9lectronique sp\u00e9ciale et de ses propri\u00e9t\u00e9s optiques, il peut \u00eatre utilis\u00e9 dans des dispositifs optiques tels que des rev\u00eatements optiques et des lasers, ce qui peut am\u00e9liorer les performances des dispositifs optiques.<\/p>\n<p>&nbsp;<\/p>\n<p>Champ de batterie\u00a0: Il peut \u00eatre utilis\u00e9 comme mat\u00e9riau d\u2019\u00e9lectrode pour les batteries lithium-soufre, etc., pour am\u00e9liorer la stabilit\u00e9 du cycle et les performances de la batterie.<\/p>\n<p>&nbsp;<\/p>\n<p>Champ de rev\u00eatement : En tant que cible de la pulv\u00e9risation magn\u00e9tron, de l\u2019\u00e9vaporation par faisceau d\u2019\u00e9lectrons et d\u2019autres technologies de rev\u00eatement, il est utilis\u00e9 pour d\u00e9poser des films WSe\u2082 sur divers substrats afin de pr\u00e9parer des films fonctionnels aux propri\u00e9t\u00e9s sp\u00e9ciales, telles que des couches d\u2019absorption pour les cellules solaires, des couches sensibles pour les capteurs, etc.<\/p>\n","protected":false},"excerpt":{"rendered":"<p>La cible en dis\u00e9l\u00e9niure de tungst\u00e8ne (WSe\u2082) est un mat\u00e9riau de rev\u00eatement important.<\/p>\n<p>Champ des semi-conducteurs : Le s\u00e9l\u00e9niure de tungst\u00e8ne est un mat\u00e9riau semi-conducteur avec une bande interdite d\u2019environ 1,5 eV, qui a des applications potentielles dans la fabrication de dispositifs \u00e0 semi-conducteurs, tels que les transistors \u00e0 effet de champ (FET), les photod\u00e9tecteurs, etc.<\/p>\n<p>Champ optique : En raison de sa structure \u00e9lectronique sp\u00e9ciale et de ses propri\u00e9t\u00e9s optiques, il peut \u00eatre utilis\u00e9 dans des dispositifs optiques tels que des rev\u00eatements optiques et des lasers, ce qui peut am\u00e9liorer les performances des dispositifs optiques.<\/p>\n<p>&nbsp;<\/p>\n","protected":false},"featured_media":1033299,"comment_status":"open","ping_status":"closed","template":"","meta":{"_acf_changed":false},"product_brand":[],"product_cat":[235],"product_tag":[],"class_list":{"0":"post-1024859","1":"product","2":"type-product","3":"status-publish","4":"has-post-thumbnail","6":"product_cat-cibles-de-pulverisation-planaire","8":"first","9":"instock","10":"shipping-taxable","11":"product-type-variable"},"acf":[],"_links":{"self":[{"href":"https:\/\/vimaterial.de\/fr\/wp-json\/wp\/v2\/product\/1024859","targetHints":{"allow":["GET"]}}],"collection":[{"href":"https:\/\/vimaterial.de\/fr\/wp-json\/wp\/v2\/product"}],"about":[{"href":"https:\/\/vimaterial.de\/fr\/wp-json\/wp\/v2\/types\/product"}],"replies":[{"embeddable":true,"href":"https:\/\/vimaterial.de\/fr\/wp-json\/wp\/v2\/comments?post=1024859"}],"wp:featuredmedia":[{"embeddable":true,"href":"https:\/\/vimaterial.de\/fr\/wp-json\/wp\/v2\/media\/1033299"}],"wp:attachment":[{"href":"https:\/\/vimaterial.de\/fr\/wp-json\/wp\/v2\/media?parent=1024859"}],"wp:term":[{"taxonomy":"product_brand","embeddable":true,"href":"https:\/\/vimaterial.de\/fr\/wp-json\/wp\/v2\/product_brand?post=1024859"},{"taxonomy":"product_cat","embeddable":true,"href":"https:\/\/vimaterial.de\/fr\/wp-json\/wp\/v2\/product_cat?post=1024859"},{"taxonomy":"product_tag","embeddable":true,"href":"https:\/\/vimaterial.de\/fr\/wp-json\/wp\/v2\/product_tag?post=1024859"}],"curies":[{"name":"wp","href":"https:\/\/api.w.org\/{rel}","templated":true}]}}