{"id":1024852,"date":"2024-06-17T15:53:28","date_gmt":"2024-06-17T07:53:28","guid":{"rendered":"https:\/\/vimaterial.de\/product\/seleniure-de-tungstene\/"},"modified":"2024-10-12T15:03:16","modified_gmt":"2024-10-12T07:03:16","slug":"seleniure-de-tungstene","status":"publish","type":"product","link":"https:\/\/vimaterial.de\/fr\/product\/seleniure-de-tungstene\/","title":{"rendered":"S\u00e9l\u00e9niure de tungst\u00e8ne"},"content":{"rendered":"<p>La poudre de s\u00e9l\u00e9niure de tungst\u00e8ne est un mat\u00e9riau aux propri\u00e9t\u00e9s uniques et aux larges perspectives d\u2019application.<\/p>\n<p>&nbsp;<\/p>\n<p>Informations de base :<\/p>\n<p>&nbsp;<\/p>\n<p>Formule chimique : WSe\u2082, compos\u00e9 de deux \u00e9l\u00e9ments, le tungst\u00e8ne (W) et le s\u00e9l\u00e9nium (Se).<\/p>\n<p>Poids mol\u00e9culaire : 341,76 g\/mol.<\/p>\n<p>Num\u00e9ro de connexion CAS : 12067-46-8.<\/p>\n<p>Apparence\u00a0: G\u00e9n\u00e9ralement noir ou gris poudre solide.<\/p>\n<p>Densit\u00e9 : La densit\u00e9 est relativement \u00e9lev\u00e9e, environ 9,32 g\/cm\u00b3.<\/p>\n<p>&nbsp;<\/p>\n<p>Structure cristalline : Il a une structure hexagonale en couches, et les couches interagissent les unes avec les autres par les forces de van der Waals. Cette structure en couches permet \u00e0 la poudre de s\u00e9l\u00e9niure de tungst\u00e8ne d\u2019\u00eatre d\u00e9cap\u00e9e en nanofeuilles bidimensionnelles dans certaines conditions, montrant des propri\u00e9t\u00e9s physiques et chimiques uniques.<\/p>\n<p>&nbsp;<\/p>\n<p>M\u00e9thode de pr\u00e9paration :<\/p>\n<p>&nbsp;<\/p>\n<p>D\u00e9p\u00f4t chimique en phase vapeur (CVD) : En faisant r\u00e9agir le gaz pr\u00e9curseur contenant du tungst\u00e8ne et du s\u00e9l\u00e9nium \u00e0 haute temp\u00e9rature, il est d\u00e9pos\u00e9 sur le substrat pour former un film de s\u00e9l\u00e9niure de tungst\u00e8ne, puis le film peut \u00eatre broy\u00e9 pour obtenir de la poudre de s\u00e9l\u00e9niure de tungst\u00e8ne.<\/p>\n<p>&nbsp;<\/p>\n<p>M\u00e9thode de frittage par pressage \u00e0 chaud : la poudre de tungst\u00e8ne et la poudre de s\u00e9l\u00e9nium sont m\u00e9lang\u00e9es dans une certaine proportion, fritt\u00e9es \u00e0 haute temp\u00e9rature et \u00e0 haute pression pour obtenir un mat\u00e9riau en bloc WSe\u2082, puis broy\u00e9es en poudre.<\/p>\n<p>&nbsp;<\/p>\n<p>Domaine d\u2019application :<\/p>\n<p>&nbsp;<\/p>\n<p>Champ des semi-conducteurs : WSe\u2082 est un mat\u00e9riau semi-conducteur avec une bande interdite entre les semi-conducteurs \u00e0 large \u00e9cart et le graph\u00e8ne \u00e0 bande interdite z\u00e9ro, qui a des applications potentielles dans la fabrication de dispositifs \u00e0 semi-conducteurs, tels que les transistors \u00e0 effet de champ, les circuits logiques, etc.<\/p>\n<p>&nbsp;<\/p>\n<p>Champ d\u2019\u00e9nergie : Il peut \u00eatre utilis\u00e9 comme mat\u00e9riau d\u2019\u00e9lectrode n\u00e9gative pour les batteries lithium-ion, ce qui peut am\u00e9liorer la capacit\u00e9 sp\u00e9cifique, le rapport de charge et de d\u00e9charge, les performances et la dur\u00e9e de vie des batteries lithium-ion.<\/p>\n<p>&nbsp;<\/p>\n<p>Champ optique : En raison de ses bonnes performances optiques, il peut \u00eatre utilis\u00e9 dans les rev\u00eatements optiques, les lasers, les photod\u00e9tecteurs et autres dispositifs optiques.<\/p>\n","protected":false},"excerpt":{"rendered":"<p>La poudre WSe\u2082 est un mat\u00e9riau aux propri\u00e9t\u00e9s uniques et aux larges perspectives d\u2019application.<\/p>\n<p>Champ des semi-conducteurs : Le s\u00e9l\u00e9niure de tungst\u00e8ne est un mat\u00e9riau semi-conducteur avec une bande interdite entre les semi-conducteurs \u00e0 large \u00e9cart et le graph\u00e8ne \u00e0 bande interdite z\u00e9ro, qui a des applications potentielles dans la fabrication de dispositifs \u00e0 semi-conducteurs, tels que les transistors \u00e0 effet de champ, les circuits logiques, etc.<\/p>\n<p>Champ d\u2019\u00e9nergie : Le s\u00e9l\u00e9niure de tungst\u00e8ne peut \u00eatre utilis\u00e9 comme mat\u00e9riau d\u2019\u00e9lectrode n\u00e9gative pour les batteries lithium-ion, ce qui peut am\u00e9liorer la capacit\u00e9 sp\u00e9cifique, les performances du rapport de charge et de d\u00e9charge et la dur\u00e9e de vie des batteries lithium-ion.<\/p>\n","protected":false},"featured_media":1033294,"comment_status":"open","ping_status":"closed","template":"","meta":{"_acf_changed":false},"product_brand":[],"product_cat":[238],"product_tag":[],"class_list":{"0":"post-1024852","1":"product","2":"type-product","3":"status-publish","4":"has-post-thumbnail","6":"product_cat-materiaux-de-chalcogenure","8":"first","9":"instock","10":"shipping-taxable","11":"purchasable","12":"product-type-variable"},"acf":[],"_links":{"self":[{"href":"https:\/\/vimaterial.de\/fr\/wp-json\/wp\/v2\/product\/1024852","targetHints":{"allow":["GET"]}}],"collection":[{"href":"https:\/\/vimaterial.de\/fr\/wp-json\/wp\/v2\/product"}],"about":[{"href":"https:\/\/vimaterial.de\/fr\/wp-json\/wp\/v2\/types\/product"}],"replies":[{"embeddable":true,"href":"https:\/\/vimaterial.de\/fr\/wp-json\/wp\/v2\/comments?post=1024852"}],"wp:featuredmedia":[{"embeddable":true,"href":"https:\/\/vimaterial.de\/fr\/wp-json\/wp\/v2\/media\/1033294"}],"wp:attachment":[{"href":"https:\/\/vimaterial.de\/fr\/wp-json\/wp\/v2\/media?parent=1024852"}],"wp:term":[{"taxonomy":"product_brand","embeddable":true,"href":"https:\/\/vimaterial.de\/fr\/wp-json\/wp\/v2\/product_brand?post=1024852"},{"taxonomy":"product_cat","embeddable":true,"href":"https:\/\/vimaterial.de\/fr\/wp-json\/wp\/v2\/product_cat?post=1024852"},{"taxonomy":"product_tag","embeddable":true,"href":"https:\/\/vimaterial.de\/fr\/wp-json\/wp\/v2\/product_tag?post=1024852"}],"curies":[{"name":"wp","href":"https:\/\/api.w.org\/{rel}","templated":true}]}}