{"id":1024783,"date":"2024-06-17T15:53:29","date_gmt":"2024-06-17T07:53:29","guid":{"rendered":"https:\/\/vimaterial.de\/product\/tellurure-de-tungstene\/"},"modified":"2024-10-12T09:57:24","modified_gmt":"2024-10-12T01:57:24","slug":"telluride-de-tungstene-wte2","status":"publish","type":"product","link":"https:\/\/vimaterial.de\/fr\/product\/telluride-de-tungstene-wte2\/","title":{"rendered":"Telluride de tungst\u00e8ne"},"content":{"rendered":"<p>La poudre de\u00a0 telluride\u00a0de tungst\u00e8ne est une poudre compos\u00e9e inorganique compos\u00e9e de deux \u00e9l\u00e9ments, le tungst\u00e8ne (W) et le tellure (Te).<\/p>\n<p>&nbsp;<\/p>\n<p>Propri\u00e9t\u00e9s de base :<\/p>\n<p>&nbsp;<\/p>\n<p>Formule chimique : WTe\u2082.<\/p>\n<p>Poids mol\u00e9culaire : 439,04.<\/p>\n<p>Apparence\u00a0: poudre gris-noir \u00e0 temp\u00e9rature et pression normales.<\/p>\n<p>Densit\u00e9 : Relativement \u00e9lev\u00e9e, environ 9,43 g\/cm\u00b3.<\/p>\n<p>Point de fusion : \u00e9lev\u00e9, environ 1127\u00b0C.<\/p>\n<p>Structure cristalline : structure en couches. Dans sa cellule orthogonale, la cha\u00eene de tungst\u00e8ne est unidimensionnelle le long de l\u2019axe A de la couche de tellure. Cette structure sp\u00e9ciale conf\u00e8re \u00e0 la poudre de telluride de tungst\u00e8ne des propri\u00e9t\u00e9s physiques et chimiques uniques dans certaines directions.<\/p>\n<p>&nbsp;<\/p>\n<p>Propri\u00e9t\u00e9s physiques :<\/p>\n<p>&nbsp;<\/p>\n<p>Conductivit\u00e9 \u00e9lectrique : Il s\u2019agit d\u2019un mat\u00e9riau semi-m\u00e9tallique non magn\u00e9tique avec une bonne conductivit\u00e9 \u00e9lectrique.<\/p>\n<p>&nbsp;<\/p>\n<p>Caract\u00e9ristiques de magn\u00e9tor\u00e9sistance : Il a une tr\u00e8s grande magn\u00e9tor\u00e9sistance et ses caract\u00e9ristiques de magn\u00e9tor\u00e9sistance sont tr\u00e8s uniques \u00e0 basse temp\u00e9rature et \u00e0 une intensit\u00e9 de champ magn\u00e9tique \u00e9lev\u00e9e.<\/p>\n<p>&nbsp;<\/p>\n<p>M\u00e9thodes de pr\u00e9paration : Les m\u00e9thodes de pr\u00e9paration courantes comprennent la m\u00e9tallurgie des poudres, la fusion sous vide, le d\u00e9p\u00f4t chimique en phase vapeur, etc.<\/p>\n<p>&nbsp;<\/p>\n<p>La m\u00e9thode de m\u00e9tallurgie des poudres consiste \u00e0 m\u00e9langer la poudre de tungst\u00e8ne et la poudre de tellure selon une certaine proportion, par pressage, frittage et autres processus de pr\u00e9paration ;<\/p>\n<p>&nbsp;<\/p>\n<p>La m\u00e9thode de fusion sous vide consiste \u00e0 chauffer le tungst\u00e8ne et le tellure \u00e0 haute temp\u00e9rature dans un environnement sous vide pour fondre, puis refroidir et solidifier ;<\/p>\n<p>&nbsp;<\/p>\n<p>La m\u00e9thode de d\u00e9p\u00f4t chimique en phase vapeur est l\u2019utilisation de r\u00e9actions chimiques pour d\u00e9poser de la poudre de tellurure de tungst\u00e8ne sur le substrat.<\/p>\n<p>&nbsp;<\/p>\n<p>Domaine d\u2019application :<\/p>\n<p>&nbsp;<\/p>\n<p>Champ des semi-conducteurs : Telluride de tungst\u00e8ne peut \u00eatre utilis\u00e9 pour pr\u00e9parer des dispositifs semi-conducteurs, tels que des transistors. Sa structure \u00e9lectronique sp\u00e9ciale et ses propri\u00e9t\u00e9s \u00e9lectriques lui conf\u00e8rent une valeur d\u2019application potentielle dans l\u2019\u00e9lectronique des semi-conducteurs.<\/p>\n<p>&nbsp;<\/p>\n<p>Le domaine de la technologie quantique : Telluride de tungst\u00e8ne est d\u2019une grande importance pour le d\u00e9veloppement de la technologie quantique, par exemple, il peut avoir des perspectives d\u2019application dans l\u2019informatique quantique, la communication quantique, etc.<\/p>\n<p>&nbsp;<\/p>\n<p>Champ de stockage d\u2019\u00e9nergie :Telluride de tungst\u00e8ne\u00a0 peut \u00eatre utilis\u00e9 comme mat\u00e9riau d\u2019\u00e9lectrode dans les dispositifs de stockage d\u2019\u00e9nergie tels que les supercondensateurs et les batteries, et sa bonne conductivit\u00e9 \u00e9lectrique et ses propri\u00e9t\u00e9s physiques uniques peuvent \u00eatre utilis\u00e9es pour am\u00e9liorer les performances des dispositifs de stockage d\u2019\u00e9nergie.<\/p>\n<p>&nbsp;<\/p>\n<p>Champ du capteur :Telluride de tungst\u00e8ne en raison de sa sensibilit\u00e9 aux champs magn\u00e9tiques, il peut \u00eatre utilis\u00e9 pour pr\u00e9parer des capteurs magn\u00e9tiques et d\u2019autres appareils.<\/p>\n","protected":false},"excerpt":{"rendered":"<p>La poudre de tellurure de tungst\u00e8ne est une poudre compos\u00e9e inorganique compos\u00e9e de deux \u00e9l\u00e9ments, le tungst\u00e8ne (W) et le tellure (Te).<\/p>\n<p>Champ des semi-conducteurs : Telluride de tungst\u00e8ne peut \u00eatre utilis\u00e9 pour pr\u00e9parer des dispositifs semi-conducteurs, tels que des transistors. Sa structure \u00e9lectronique sp\u00e9ciale et ses propri\u00e9t\u00e9s \u00e9lectriques lui conf\u00e8rent une valeur d\u2019application potentielle dans l\u2019\u00e9lectronique des semi-conducteurs.<\/p>\n<p>Le domaine de la technologie quantique : Telluride de tungst\u00e8ne est d\u2019une grande importance pour le d\u00e9veloppement de la technologie quantique, par exemple, il peut avoir des perspectives d\u2019application dans l\u2019informatique quantique, la communication quantique, etc.<\/p>\n","protected":false},"featured_media":1033319,"comment_status":"open","ping_status":"closed","template":"","meta":{"_acf_changed":false},"product_brand":[],"product_cat":[238],"product_tag":[],"class_list":{"0":"post-1024783","1":"product","2":"type-product","3":"status-publish","4":"has-post-thumbnail","6":"product_cat-materiaux-de-chalcogenure","8":"first","9":"instock","10":"shipping-taxable","11":"purchasable","12":"product-type-variable"},"acf":[],"_links":{"self":[{"href":"https:\/\/vimaterial.de\/fr\/wp-json\/wp\/v2\/product\/1024783","targetHints":{"allow":["GET"]}}],"collection":[{"href":"https:\/\/vimaterial.de\/fr\/wp-json\/wp\/v2\/product"}],"about":[{"href":"https:\/\/vimaterial.de\/fr\/wp-json\/wp\/v2\/types\/product"}],"replies":[{"embeddable":true,"href":"https:\/\/vimaterial.de\/fr\/wp-json\/wp\/v2\/comments?post=1024783"}],"wp:featuredmedia":[{"embeddable":true,"href":"https:\/\/vimaterial.de\/fr\/wp-json\/wp\/v2\/media\/1033319"}],"wp:attachment":[{"href":"https:\/\/vimaterial.de\/fr\/wp-json\/wp\/v2\/media?parent=1024783"}],"wp:term":[{"taxonomy":"product_brand","embeddable":true,"href":"https:\/\/vimaterial.de\/fr\/wp-json\/wp\/v2\/product_brand?post=1024783"},{"taxonomy":"product_cat","embeddable":true,"href":"https:\/\/vimaterial.de\/fr\/wp-json\/wp\/v2\/product_cat?post=1024783"},{"taxonomy":"product_tag","embeddable":true,"href":"https:\/\/vimaterial.de\/fr\/wp-json\/wp\/v2\/product_tag?post=1024783"}],"curies":[{"name":"wp","href":"https:\/\/api.w.org\/{rel}","templated":true}]}}