{"id":1024468,"date":"2024-06-17T15:53:32","date_gmt":"2024-06-17T07:53:32","guid":{"rendered":"https:\/\/vimaterial.de\/product\/osmium-metal\/"},"modified":"2024-10-28T11:18:34","modified_gmt":"2024-10-28T03:18:34","slug":"osmium-metal","status":"publish","type":"product","link":"https:\/\/vimaterial.de\/fr\/product\/osmium-metal\/","title":{"rendered":"Osmium m\u00e9tal"},"content":{"rendered":"<p>Les particules d\u2019osmium m\u00e9tal sont un mat\u00e9riau aux propri\u00e9t\u00e9s uniques et \u00e0 un large \u00e9ventail d\u2019applications.<\/p>\n<h3>Informations de base :<\/h3>\n<p>Num\u00e9ro atomique : 76.<\/p>\n<p>Symbole : Os.<\/p>\n<p>Couleur et lustre : Les particules d\u2019osmium apparaissent g\u00e9n\u00e9ralement gris bleu\u00e2tre ou gris argent\u00e9 avec un \u00e9clat m\u00e9tallique.<\/p>\n<p>Morphologie des particules : Les particules d\u2019osmium peuvent se pr\u00e9senter sous la forme d\u2019une poudre irr\u00e9guli\u00e8re, ou peuvent \u00eatre transform\u00e9es en formes sph\u00e9riques, feuillet\u00e9es ou autres formes r\u00e9guli\u00e8res par des techniques de traitement sp\u00e9cifiques.<\/p>\n<p>Densit\u00e9 : L\u2019osmium est le m\u00e9tal le plus dense connu sur terre, avec une densit\u00e9 d\u2019environ 22,59 g\/cm\u00b3.<\/p>\n<p>Duret\u00e9\u00a0: L\u2019osmium a une duret\u00e9 \u00e9lev\u00e9e, parmi les plus \u00e9lev\u00e9es du groupe du platine des m\u00e9taux.<\/p>\n<p>Point de fusion : 3033\u00b0C.<\/p>\n<p>Point d\u2019\u00e9bullition : 5012\u00b0C.<\/p>\n<p>Coefficient de dilatation thermique : Le coefficient de dilatation thermique de l\u2019osmium est relativement faible, environ 5,1\u00d710-\u2076\/K.<\/p>\n<h3>Domaines d\u2019application<\/h3>\n<p>Catalyse de synth\u00e8se organique : Les particules d\u2019osmium m\u00e9tal jouent un r\u00f4le important en tant que catalyseurs efficaces dans les r\u00e9actions de synth\u00e8se organique.<\/p>\n<p>Catalyse industrielle : Dans la production industrielle, les particules d\u2019osmium peuvent \u00eatre utilis\u00e9es pour catalyser un certain nombre de r\u00e9actions chimiques importantes, telles que les r\u00e9actions d\u2019hydrog\u00e9nation et de raffinage p\u00e9trochimiques et les r\u00e9actions de synth\u00e8se de l\u2019ammoniac.<\/p>\n<p>Fabrication de composants \u00e9lectroniques\u00a0: Les particules d\u2019osmium m\u00e9tal ont une bonne conductivit\u00e9 \u00e9lectrique et une bonne stabilit\u00e9 thermique, peuvent \u00eatre utilis\u00e9es dans la fabrication de composants \u00e9lectroniques, tels que des r\u00e9sistances, des condensateurs, etc.<\/p>\n<p>Mat\u00e9riaux \u00e9lectriques : Dans certains mat\u00e9riaux \u00e9lectriques sp\u00e9ciaux, tels que l\u2019\u00e9l\u00e9ment chauffant des fours \u00e0 haute temp\u00e9rature et le mat\u00e9riau d\u2019\u00e9lectrode des g\u00e9n\u00e9rateurs thermo\u00e9lectriques, le point de fusion \u00e9lev\u00e9 et les propri\u00e9t\u00e9s thermo\u00e9lectriques des particules d\u2019osmium en font un choix de mat\u00e9riau id\u00e9al.<\/p>\n<p>Mat\u00e9riaux r\u00e9sistants \u00e0 l\u2019usure : La duret\u00e9 \u00e9lev\u00e9e et la bonne r\u00e9sistance \u00e0 l\u2019usure des particules d\u2019osmium les rendent adapt\u00e9s \u00e0 la fabrication de mat\u00e9riaux r\u00e9sistants \u00e0 l\u2019usure. L\u2019ajout de particules d\u2019osmium \u00e0 une matrice m\u00e9tallique ou c\u00e9ramique peut am\u00e9liorer la r\u00e9sistance \u00e0 l\u2019usure du mat\u00e9riau de la matrice, qui est utilis\u00e9 pour fabriquer des outils de coupe, des roulements, des moules et d\u2019autres pi\u00e8ces m\u00e9caniques.<\/p>\n","protected":false},"excerpt":{"rendered":"<p>Les particules d\u2019osmium m\u00e9tal sont un mat\u00e9riau aux propri\u00e9t\u00e9s uniques et \u00e0 un large \u00e9ventail d\u2019applications.<\/p>\n<p>Catalyse de synth\u00e8se organique : Les particules d\u2019osmium m\u00e9tal jouent un r\u00f4le important en tant que catalyseurs efficaces dans les r\u00e9actions de synth\u00e8se organique.<\/p>\n<p>Catalyse industrielle : Dans la production industrielle, les particules d\u2019osmium peuvent \u00eatre utilis\u00e9es pour catalyser un certain nombre de r\u00e9actions chimiques importantes, telles que les r\u00e9actions d\u2019hydrog\u00e9nation et de raffinage p\u00e9trochimiques et les r\u00e9actions de synth\u00e8se de l\u2019ammoniac.<\/p>\n","protected":false},"featured_media":1033369,"comment_status":"open","ping_status":"closed","template":"","meta":{"_acf_changed":false},"product_brand":[],"product_cat":[236],"product_tag":[],"class_list":{"0":"post-1024468","1":"product","2":"type-product","3":"status-publish","4":"has-post-thumbnail","6":"product_cat-materiaux-devaporation","8":"first","9":"instock","10":"shipping-taxable","11":"product-type-variable"},"acf":[],"_links":{"self":[{"href":"https:\/\/vimaterial.de\/fr\/wp-json\/wp\/v2\/product\/1024468","targetHints":{"allow":["GET"]}}],"collection":[{"href":"https:\/\/vimaterial.de\/fr\/wp-json\/wp\/v2\/product"}],"about":[{"href":"https:\/\/vimaterial.de\/fr\/wp-json\/wp\/v2\/types\/product"}],"replies":[{"embeddable":true,"href":"https:\/\/vimaterial.de\/fr\/wp-json\/wp\/v2\/comments?post=1024468"}],"wp:featuredmedia":[{"embeddable":true,"href":"https:\/\/vimaterial.de\/fr\/wp-json\/wp\/v2\/media\/1033369"}],"wp:attachment":[{"href":"https:\/\/vimaterial.de\/fr\/wp-json\/wp\/v2\/media?parent=1024468"}],"wp:term":[{"taxonomy":"product_brand","embeddable":true,"href":"https:\/\/vimaterial.de\/fr\/wp-json\/wp\/v2\/product_brand?post=1024468"},{"taxonomy":"product_cat","embeddable":true,"href":"https:\/\/vimaterial.de\/fr\/wp-json\/wp\/v2\/product_cat?post=1024468"},{"taxonomy":"product_tag","embeddable":true,"href":"https:\/\/vimaterial.de\/fr\/wp-json\/wp\/v2\/product_tag?post=1024468"}],"curies":[{"name":"wp","href":"https:\/\/api.w.org\/{rel}","templated":true}]}}