{"id":1024180,"date":"2024-06-17T15:44:08","date_gmt":"2024-06-17T07:44:08","guid":{"rendered":"https:\/\/vimaterial.de\/product\/fluorure-darium\/"},"modified":"2024-10-30T09:07:30","modified_gmt":"2024-10-30T01:07:30","slug":"fluorure-darium","status":"publish","type":"product","link":"https:\/\/vimaterial.de\/fr\/product\/fluorure-darium\/","title":{"rendered":"Fluorure de baryum"},"content":{"rendered":"<p>La cible BaF\u2082 est une cible de pulv\u00e9risation importante avec un large \u00e9ventail d\u2019applications dans plusieurs domaines.<\/p>\n<h3>Informations de base :<\/h3>\n<p>Formule chimique : BaF\u2082, compos\u00e9 d\u2019\u00e9l\u00e9ment baryum (Ba) et d\u2019\u00e9l\u00e9ment fluor (F).<\/p>\n<p>Poids mol\u00e9culaire : 175,34.<\/p>\n<p>Aspect : g\u00e9n\u00e9ralement blanc, solide cristallin.<\/p>\n<p>Densit\u00e9 : environ 4,893 g\/cm\u00b32.<\/p>\n<p>Point de fusion : 1368\u00b0C2.<\/p>\n<p>Point d\u2019\u00e9bullition : 2260\u00b0C2.<\/p>\n<p>Indice de r\u00e9fraction : 1,4712.<\/p>\n<h3>Domaines d\u2019application :<\/h3>\n<p>Champ optique : Le fluorure de baryum a une bonne transparence de l\u2019ultraviolet \u00e0 l\u2019infrarouge (150-200 nm \u00e0 11-11,5 \u03bcm), qui peut \u00eatre utilis\u00e9 pour fabriquer des composants optiques, tels que des lentilles, des feuilles de fen\u00eatre, etc., et a des applications importantes dans la technologie laser, les instruments optiques et l\u2019optique infrarouge.<\/p>\n<p>Domaine des semi-conducteurs\u00a0: Dans le processus de fabrication de semi-conducteurs, la cible BaF\u2082 peut \u00eatre utilis\u00e9e pour le d\u00e9p\u00f4t de couches minces, telles que la pulv\u00e9risation et d\u2019autres m\u00e9thodes pour d\u00e9poser un film de fluorure de baryum \u00e0 la surface des puces semi-conductrices, jouer un r\u00f4le dans l\u2019isolation, la protection, etc.<\/p>\n<p>Dans la recherche scientifique : Les cibles BaF\u2082 sont souvent utilis\u00e9es en physique nucl\u00e9aire et dans d\u2019autres exp\u00e9riences de recherche scientifique, par exemple, comme mat\u00e9riaux de cristaux de scintillation pour les d\u00e9tecteurs ou pour la recherche des propri\u00e9t\u00e9s physiques des mat\u00e9riaux, etc.4.<\/p>\n","protected":false},"excerpt":{"rendered":"<p>La cible BaF\u2082 est une cible de pulv\u00e9risation importante avec un large \u00e9ventail d\u2019applications dans plusieurs domaines.<\/p>\n<p>Champ optique : Le fluorure de baryum a une bonne transparence de l\u2019ultraviolet \u00e0 l\u2019infrarouge (150-200 nm \u00e0 11-11,5 \u03bcm), qui peut \u00eatre utilis\u00e9 pour fabriquer des composants optiques, tels que des lentilles, des feuilles de fen\u00eatre, etc., et a des applications importantes dans la technologie laser, les instruments optiques et l\u2019optique infrarouge.<\/p>\n<p>Domaine des semi-conducteurs\u00a0: Dans le processus de fabrication de semi-conducteurs, la cible BaF\u2082 peut \u00eatre utilis\u00e9e pour le d\u00e9p\u00f4t de couches minces, telles que la pulv\u00e9risation et d\u2019autres m\u00e9thodes pour d\u00e9poser un film de fluorure de baryum \u00e0 la surface des puces semi-conductrices, jouer un r\u00f4le dans l\u2019isolation, la protection, etc.<\/p>\n","protected":false},"featured_media":1032799,"comment_status":"open","ping_status":"closed","template":"","meta":{"_acf_changed":false},"product_brand":[],"product_cat":[235],"product_tag":[],"class_list":{"0":"post-1024180","1":"product","2":"type-product","3":"status-publish","4":"has-post-thumbnail","6":"product_cat-cibles-de-pulverisation-planaire","8":"first","9":"instock","10":"shipping-taxable","11":"product-type-variable"},"acf":[],"_links":{"self":[{"href":"https:\/\/vimaterial.de\/fr\/wp-json\/wp\/v2\/product\/1024180","targetHints":{"allow":["GET"]}}],"collection":[{"href":"https:\/\/vimaterial.de\/fr\/wp-json\/wp\/v2\/product"}],"about":[{"href":"https:\/\/vimaterial.de\/fr\/wp-json\/wp\/v2\/types\/product"}],"replies":[{"embeddable":true,"href":"https:\/\/vimaterial.de\/fr\/wp-json\/wp\/v2\/comments?post=1024180"}],"wp:featuredmedia":[{"embeddable":true,"href":"https:\/\/vimaterial.de\/fr\/wp-json\/wp\/v2\/media\/1032799"}],"wp:attachment":[{"href":"https:\/\/vimaterial.de\/fr\/wp-json\/wp\/v2\/media?parent=1024180"}],"wp:term":[{"taxonomy":"product_brand","embeddable":true,"href":"https:\/\/vimaterial.de\/fr\/wp-json\/wp\/v2\/product_brand?post=1024180"},{"taxonomy":"product_cat","embeddable":true,"href":"https:\/\/vimaterial.de\/fr\/wp-json\/wp\/v2\/product_cat?post=1024180"},{"taxonomy":"product_tag","embeddable":true,"href":"https:\/\/vimaterial.de\/fr\/wp-json\/wp\/v2\/product_tag?post=1024180"}],"curies":[{"name":"wp","href":"https:\/\/api.w.org\/{rel}","templated":true}]}}