{"id":1024138,"date":"2024-06-17T15:44:08","date_gmt":"2024-06-17T07:44:08","guid":{"rendered":"https:\/\/vimaterial.de\/product\/ferrite-de-baryum\/"},"modified":"2024-10-30T09:18:44","modified_gmt":"2024-10-30T01:18:44","slug":"ferrite-de-baryum","status":"publish","type":"product","link":"https:\/\/vimaterial.de\/fr\/product\/ferrite-de-baryum\/","title":{"rendered":"Ferrite de baryum"},"content":{"rendered":"<p>La poudre BaFe\u2081\u2082O\u2081\u2089 est un mat\u00e9riau magn\u00e9tique important.<\/p>\n<h3>Informations de base :<\/h3>\n<p>Formule chimique : BaFe\u2081\u2082O\u2081\u2089, compos\u00e9 de trois \u00e9l\u00e9ments : le baryum (Ba), le fer (Fe) et l\u2019oxyg\u00e8ne (O).<\/p>\n<p>Masse molaire : 1111.448 g\/mol.<\/p>\n<p>Apparence\u00a0: g\u00e9n\u00e9ralement poudre noire ou brun fonc\u00e9.<\/p>\n<p>Densit\u00e9 : environ 5,28 g\/cm\u00b3.<\/p>\n<p>Point de fusion : 1316 \u00b0C.<\/p>\n<p>Solubilit\u00e9 : insoluble dans l\u2019eau, soluble dans l\u2019acide chlorhydrique chaud.<\/p>\n<p>Structure cristalline : BaFe\u2081\u2082O\u2081\u2089 appartient \u00e0 la structure de magn\u00e9tite de type M \u00e0 sym\u00e9trie hexagonale et appartient au syst\u00e8me cristallin hexagonal.<\/p>\n<h3>Domaines d\u2019application :<\/h3>\n<p>Support d\u2019enregistrement magn\u00e9tique : La ferrite de baryum peut \u00eatre utilis\u00e9e dans la fabrication de bandes magn\u00e9tiques ainsi que dans la fabrication de dispositifs d\u2019enregistrement magn\u00e9tiques tels que les disques durs, qui sont capables d\u2019enregistrer et de stocker des informations de mani\u00e8re stable en tirant parti de leur coercivit\u00e9 \u00e9lev\u00e9e et de leur anisotropie magn\u00e9tocristalline \u00e9lev\u00e9e.<\/p>\n<p>Mat\u00e9riaux magn\u00e9tiques permanents\u00a0: Ferrite de baryum Utilis\u00e9e dans la fabrication de films magn\u00e9tiques, d\u2019aimants isotropes, d\u2019aimants permanents g\u00e9n\u00e9rateurs, etc., qui sont largement utilis\u00e9s dans les moteurs \u00e0 aimants permanents.<\/p>\n<p>\u00c9quipement de communication : Il peut \u00eatre utilis\u00e9 comme mat\u00e9riau \u00e0 noyau magn\u00e9tique pour les \u00e9quipements de radiocommunication, tels que les antennes, les filtres, etc., afin d\u2019am\u00e9liorer les performances des \u00e9quipements de communication. Appareils \u00e0 micro-ondes\u00a0: en raison de ses propri\u00e9t\u00e9s magn\u00e9tiques et di\u00e9lectriques sp\u00e9ciales, il peut \u00eatre utilis\u00e9 pour fabriquer des appareils \u00e0 micro-ondes, tels que des filtres \u00e0 micro-ondes, des absorbeurs \u00e0 micro-ondes, etc.<\/p>\n","protected":false},"excerpt":{"rendered":"<p>La poudre BaFe\u2081\u2082O\u2081\u2089 est un mat\u00e9riau magn\u00e9tique important.<\/p>\n<p>Support d\u2019enregistrement magn\u00e9tique : La ferrite de baryum peut \u00eatre utilis\u00e9e dans la fabrication de bandes magn\u00e9tiques ainsi que dans la fabrication de dispositifs d\u2019enregistrement magn\u00e9tiques tels que les disques durs, qui sont capables d\u2019enregistrer et de stocker des informations de mani\u00e8re stable en tirant parti de leur coercivit\u00e9 \u00e9lev\u00e9e et de leur anisotropie magn\u00e9tocristalline \u00e9lev\u00e9e.<\/p>\n<p>Mat\u00e9riaux magn\u00e9tiques permanents\u00a0: Ferrite de baryum Utilis\u00e9e dans la fabrication de films magn\u00e9tiques, d\u2019aimants isotropes, d\u2019aimants permanents g\u00e9n\u00e9rateurs, etc., qui sont largement utilis\u00e9s dans les moteurs \u00e0 aimants permanents.<\/p>\n","protected":false},"featured_media":1032804,"comment_status":"open","ping_status":"closed","template":"","meta":{"_acf_changed":false},"product_brand":[],"product_cat":[244],"product_tag":[],"class_list":{"0":"post-1024138","1":"product","2":"type-product","3":"status-publish","4":"has-post-thumbnail","6":"product_cat-autres-materiaux","8":"first","9":"instock","10":"shipping-taxable","11":"product-type-variable"},"acf":[],"_links":{"self":[{"href":"https:\/\/vimaterial.de\/fr\/wp-json\/wp\/v2\/product\/1024138","targetHints":{"allow":["GET"]}}],"collection":[{"href":"https:\/\/vimaterial.de\/fr\/wp-json\/wp\/v2\/product"}],"about":[{"href":"https:\/\/vimaterial.de\/fr\/wp-json\/wp\/v2\/types\/product"}],"replies":[{"embeddable":true,"href":"https:\/\/vimaterial.de\/fr\/wp-json\/wp\/v2\/comments?post=1024138"}],"wp:featuredmedia":[{"embeddable":true,"href":"https:\/\/vimaterial.de\/fr\/wp-json\/wp\/v2\/media\/1032804"}],"wp:attachment":[{"href":"https:\/\/vimaterial.de\/fr\/wp-json\/wp\/v2\/media?parent=1024138"}],"wp:term":[{"taxonomy":"product_brand","embeddable":true,"href":"https:\/\/vimaterial.de\/fr\/wp-json\/wp\/v2\/product_brand?post=1024138"},{"taxonomy":"product_cat","embeddable":true,"href":"https:\/\/vimaterial.de\/fr\/wp-json\/wp\/v2\/product_cat?post=1024138"},{"taxonomy":"product_tag","embeddable":true,"href":"https:\/\/vimaterial.de\/fr\/wp-json\/wp\/v2\/product_tag?post=1024138"}],"curies":[{"name":"wp","href":"https:\/\/api.w.org\/{rel}","templated":true}]}}