{"id":1024119,"date":"2024-06-17T15:44:09","date_gmt":"2024-06-17T07:44:09","guid":{"rendered":"https:\/\/vimaterial.de\/product\/oxyde-de-baryum\/"},"modified":"2024-10-29T16:49:38","modified_gmt":"2024-10-29T08:49:38","slug":"oxyde-de-baryum","status":"publish","type":"product","link":"https:\/\/vimaterial.de\/fr\/product\/oxyde-de-baryum\/","title":{"rendered":"Oxyde de baryum"},"content":{"rendered":"<p>La cible d\u2019oxyde de baryum est une cible c\u00e9ramique importante.<\/p>\n<h3>Informations de base :<\/h3>\n<p>Formule chimique : BaO, compos\u00e9 de deux \u00e9l\u00e9ments : le baryum (Ba) et l\u2019oxyg\u00e8ne (O).<\/p>\n<p>N\u00b0 CAS : 1304-28-5.<\/p>\n<p>Num\u00e9ro atomique : Le num\u00e9ro atomique du baryum est 56, et il est situ\u00e9 dans le groupe II.A de la sixi\u00e8me p\u00e9riode du tableau p\u00e9riodique.<\/p>\n<p>Apparence\u00a0: g\u00e9n\u00e9ralement blanc cristallin solide, avec un certain \u00e9clat.<\/p>\n<p>Point de fusion : 1923\u00b0C, appartient aux substances \u00e0 point de fusion \u00e9lev\u00e9.<\/p>\n<p>Propri\u00e9t\u00e9s chimiques : L\u2019oxyde de baryum poss\u00e8de certaines propri\u00e9t\u00e9s oxydantes et peut r\u00e9agir avec certains agents r\u00e9ducteurs dans les r\u00e9actions chimiques.<\/p>\n<h3>Domaines d\u2019application<\/h3>\n<p>Champ \u00e9lectronique : Dans la fabrication de semi-conducteurs, les cibles BaO peuvent \u00eatre utilis\u00e9es pour pr\u00e9parer des films \u00e0 constante di\u00e9lectrique \u00e9lev\u00e9e, tels que ceux utilis\u00e9s dans les condensateurs, les transistors \u00e0 effet de champ et d\u2019autres composants \u00e9lectroniques afin d\u2019am\u00e9liorer leur valeur de capacit\u00e9 et leurs performances.<\/p>\n<p>Champ optique : Parce que l\u2019oxyde de baryum a un indice de r\u00e9fraction \u00e9lev\u00e9 et de bonnes propri\u00e9t\u00e9s optiques, les cibles BaO peuvent \u00eatre utilis\u00e9es pour la pr\u00e9paration de films optiques, tels que le film d\u2019am\u00e9lioration de la transmittance, le film r\u00e9fl\u00e9chissant, etc., utilis\u00e9s pour am\u00e9liorer les performances des dispositifs optiques.<\/p>\n<p>Domaine des mat\u00e9riaux supraconducteurs : dans la recherche et la pr\u00e9paration de certains mat\u00e9riaux supraconducteurs, les cibles BaO peuvent \u00eatre utilis\u00e9es comme l\u2019une des mati\u00e8res premi\u00e8res, par pulv\u00e9risation ou r\u00e9action avec des compos\u00e9s d\u2019autres \u00e9l\u00e9ments ensemble, pour pr\u00e9parer des films ou des mat\u00e9riaux ayant des propri\u00e9t\u00e9s supraconductrices.<\/p>\n","protected":false},"excerpt":{"rendered":"<p>La cible d\u2019oxyde de baryum est une cible c\u00e9ramique importante.<\/p>\n<p>Champ \u00e9lectronique : Dans la fabrication de semi-conducteurs, les cibles d\u2019oxyde de baryum peuvent \u00eatre utilis\u00e9es pour pr\u00e9parer des films \u00e0 constante di\u00e9lectrique \u00e9lev\u00e9e, tels que ceux utilis\u00e9s dans les condensateurs, les transistors \u00e0 effet de champ et d\u2019autres composants \u00e9lectroniques pour am\u00e9liorer leur valeur de capacit\u00e9 et leurs performances.<\/p>\n","protected":false},"featured_media":1032819,"comment_status":"open","ping_status":"closed","template":"","meta":{"_acf_changed":false},"product_brand":[],"product_cat":[235],"product_tag":[],"class_list":{"0":"post-1024119","1":"product","2":"type-product","3":"status-publish","4":"has-post-thumbnail","6":"product_cat-cibles-de-pulverisation-planaire","8":"first","9":"instock","10":"shipping-taxable","11":"product-type-variable"},"acf":[],"_links":{"self":[{"href":"https:\/\/vimaterial.de\/fr\/wp-json\/wp\/v2\/product\/1024119","targetHints":{"allow":["GET"]}}],"collection":[{"href":"https:\/\/vimaterial.de\/fr\/wp-json\/wp\/v2\/product"}],"about":[{"href":"https:\/\/vimaterial.de\/fr\/wp-json\/wp\/v2\/types\/product"}],"replies":[{"embeddable":true,"href":"https:\/\/vimaterial.de\/fr\/wp-json\/wp\/v2\/comments?post=1024119"}],"wp:featuredmedia":[{"embeddable":true,"href":"https:\/\/vimaterial.de\/fr\/wp-json\/wp\/v2\/media\/1032819"}],"wp:attachment":[{"href":"https:\/\/vimaterial.de\/fr\/wp-json\/wp\/v2\/media?parent=1024119"}],"wp:term":[{"taxonomy":"product_brand","embeddable":true,"href":"https:\/\/vimaterial.de\/fr\/wp-json\/wp\/v2\/product_brand?post=1024119"},{"taxonomy":"product_cat","embeddable":true,"href":"https:\/\/vimaterial.de\/fr\/wp-json\/wp\/v2\/product_cat?post=1024119"},{"taxonomy":"product_tag","embeddable":true,"href":"https:\/\/vimaterial.de\/fr\/wp-json\/wp\/v2\/product_tag?post=1024119"}],"curies":[{"name":"wp","href":"https:\/\/api.w.org\/{rel}","templated":true}]}}