{"id":1024102,"date":"2024-06-17T15:44:09","date_gmt":"2024-06-17T07:44:09","guid":{"rendered":"https:\/\/vimaterial.de\/product\/sulfure-de-baryum\/"},"modified":"2024-10-29T17:02:27","modified_gmt":"2024-10-29T09:02:27","slug":"sulfure-de-baryum","status":"publish","type":"product","link":"https:\/\/vimaterial.de\/fr\/product\/sulfure-de-baryum\/","title":{"rendered":"Sulfure de baryum"},"content":{"rendered":"<p>La poudre de sulfure de baryum est un compos\u00e9 inorganique important.<\/p>\n<h3>Informations de base :<\/h3>\n<p>Apparence\u00a0: g\u00e9n\u00e9ralement de la poudre cristalline blanche, mais les produits industriels sont g\u00e9n\u00e9ralement de la poudre brun clair ou noir, \u00e9galement en morceaux. Il peut \u00eatre phosphorescent lorsqu\u2019il contient des traces d\u2019impuret\u00e9s.<br \/>\nDensit\u00e9 : La densit\u00e9 relative est de 4,25 g\/cm\u00b3.<br \/>\nPoint de fusion : 1200\u00b0C.<br \/>\nSolubilit\u00e9 : soluble dans l\u2019eau, dissous et hydrolys\u00e9 en Ba (HS)\u2082 et Ba (OH)\u2082.<br \/>\nHydrolyse : Hydrolys\u00e9e progressivement en hydroxyde de baryum et en sulfure d\u2019hydrog\u00e8ne au contact de l\u2019eau, la solution aqueuse est fortement alcaline et corrosive, capable de br\u00fbler la peau et de faire tomber les cheveux.<br \/>\nR\u00e9action avec l\u2019acide : le sulfure d\u2019hydrog\u00e8ne gazeux sera lib\u00e9r\u00e9 lorsqu\u2019il rencontre l\u2019acide (y compris le dioxyde de carbone dans l\u2019air humide).<br \/>\nR\u00e9action d\u2019oxydation : facilement oxyd\u00e9e \u00e0 l\u2019air humide.<\/p>\n<h3>Domaines d\u2019application :<\/h3>\n<p>Industrie chimique\u00a0: Le sulfure de baryum est une mati\u00e8re premi\u00e8re importante pour la production de divers compos\u00e9s de baryum, tels que pour la pr\u00e9paration de sulfure de calcium, de sulfure de strontium, etc.<\/p>\n<p>Industrie \u00e9lectronique : en tant que mat\u00e9riau \u00e9lectronique, il peut \u00eatre utilis\u00e9 dans la fabrication de composants \u00e9lectroniques, et c\u2019est \u00e9galement le substrat de la poudre luminescente, qui est utilis\u00e9 dans l\u2019affichage \u00e9lectronique et d\u2019autres domaines. Industrie p\u00e9trochimique : Utilis\u00e9 dans le processus de d\u00e9sulfuration pour \u00e9liminer les compos\u00e9s soufr\u00e9s dans le gaz.<\/p>\n","protected":false},"excerpt":{"rendered":"<p>La poudre de sulfure de baryum est un compos\u00e9 inorganique important.<\/p>\n<p>Industrie chimique\u00a0: Le sulfure de baryum est une mati\u00e8re premi\u00e8re importante pour la production de divers compos\u00e9s de baryum, tels que pour la pr\u00e9paration de sulfure de calcium, de sulfure de strontium, etc.<\/p>\n<p>Industrie \u00e9lectronique : en tant que mat\u00e9riau \u00e9lectronique, il peut \u00eatre utilis\u00e9 dans la fabrication de composants \u00e9lectroniques, et c\u2019est \u00e9galement le substrat de la poudre luminescente, qui est utilis\u00e9 dans l\u2019affichage \u00e9lectronique et d\u2019autres domaines.<\/p>\n<p>&nbsp;<\/p>\n","protected":false},"featured_media":1032824,"comment_status":"open","ping_status":"closed","template":"","meta":{"_acf_changed":false},"product_brand":[],"product_cat":[238],"product_tag":[],"class_list":{"0":"post-1024102","1":"product","2":"type-product","3":"status-publish","4":"has-post-thumbnail","6":"product_cat-materiaux-de-chalcogenure","8":"first","9":"instock","10":"shipping-taxable","11":"product-type-variable"},"acf":[],"_links":{"self":[{"href":"https:\/\/vimaterial.de\/fr\/wp-json\/wp\/v2\/product\/1024102","targetHints":{"allow":["GET"]}}],"collection":[{"href":"https:\/\/vimaterial.de\/fr\/wp-json\/wp\/v2\/product"}],"about":[{"href":"https:\/\/vimaterial.de\/fr\/wp-json\/wp\/v2\/types\/product"}],"replies":[{"embeddable":true,"href":"https:\/\/vimaterial.de\/fr\/wp-json\/wp\/v2\/comments?post=1024102"}],"wp:featuredmedia":[{"embeddable":true,"href":"https:\/\/vimaterial.de\/fr\/wp-json\/wp\/v2\/media\/1032824"}],"wp:attachment":[{"href":"https:\/\/vimaterial.de\/fr\/wp-json\/wp\/v2\/media?parent=1024102"}],"wp:term":[{"taxonomy":"product_brand","embeddable":true,"href":"https:\/\/vimaterial.de\/fr\/wp-json\/wp\/v2\/product_brand?post=1024102"},{"taxonomy":"product_cat","embeddable":true,"href":"https:\/\/vimaterial.de\/fr\/wp-json\/wp\/v2\/product_cat?post=1024102"},{"taxonomy":"product_tag","embeddable":true,"href":"https:\/\/vimaterial.de\/fr\/wp-json\/wp\/v2\/product_tag?post=1024102"}],"curies":[{"name":"wp","href":"https:\/\/api.w.org\/{rel}","templated":true}]}}