{"id":1024070,"date":"2024-06-17T15:44:09","date_gmt":"2024-06-17T07:44:09","guid":{"rendered":"https:\/\/vimaterial.de\/product\/oxyde-de-baryum-et-detain\/"},"modified":"2024-10-30T09:31:58","modified_gmt":"2024-10-30T01:31:58","slug":"oxyde-de-baryum-et-detain","status":"publish","type":"product","link":"https:\/\/vimaterial.de\/fr\/product\/oxyde-de-baryum-et-detain\/","title":{"rendered":"Oxyde d\u2019\u00e9tain et de baryum"},"content":{"rendered":"<p>La cible BaSnO\u2083 est une cible importante de mat\u00e9riau inorganique.<\/p>\n<h3>Informations de base :<\/h3>\n<p>Formule chimique : BaSnO\u2083, compos\u00e9 de trois \u00e9l\u00e9ments : le baryum (Ba), l\u2019\u00e9tain (Sn) et l\u2019oxyg\u00e8ne (O).<\/p>\n<p>Poids mol\u00e9culaire : 304,03.<\/p>\n<p>Apparence\u00a0: cible solide g\u00e9n\u00e9ralement blanche.<\/p>\n<p>Densit\u00e9 : environ 7,6 g\/cm\u00b3.<\/p>\n<p>Structure cristalline : Il a une structure cristalline de type chalcog\u00e9nure. Cette structure cristalline est caract\u00e9ris\u00e9e par des unit\u00e9s structurales octa\u00e9driques reli\u00e9es par des sommets co-angles, ce qui apporte des propri\u00e9t\u00e9s physiques et chimiques uniques au BaSnO\u2083.<\/p>\n<p>Haute conductivit\u00e9 : Il s\u2019agit d\u2019un mat\u00e9riau semi-conducteur \u00e0 large bande interdite avec une conductivit\u00e9 \u00e9lev\u00e9e \u00e0 temp\u00e9rature ambiante, ce qui le rend pr\u00e9cieux pour les applications dans la technologie des semi-conducteurs et la fabrication de dispositifs \u00e9lectroniques.<\/p>\n<h3>Domaines d\u2019application :<\/h3>\n<p>Champ des semi-conducteurs : Oxyde d\u2019\u00e9tain et de baryum peut \u00eatre utilis\u00e9 pour pr\u00e9parer des dispositifs \u00e0 semi-conducteurs tels que des transistors \u00e0 couche mince et des transistors \u00e0 effet de champ. Gr\u00e2ce \u00e0 sa conductivit\u00e9 \u00e9lev\u00e9e et \u00e0 ses bonnes propri\u00e9t\u00e9s de semi-conducteur, les performances et la stabilit\u00e9 du dispositif peuvent \u00eatre am\u00e9lior\u00e9es.<\/p>\n<p>Champ optique : En raison de ses bonnes propri\u00e9t\u00e9s optiques, Oxyde d\u2019\u00e9tain et de baryum peut \u00eatre utilis\u00e9 pour pr\u00e9parer des dispositifs optiques, tels que des films conducteurs transparents, des lasers et des photod\u00e9tecteurs.<\/p>\n<p>Champ de condensateur : En raison de sa constante di\u00e9lectrique \u00e9lev\u00e9e, il peut \u00eatre utilis\u00e9 pour pr\u00e9parer des mat\u00e9riaux d\u2019\u00e9lectrode ou des mat\u00e9riaux di\u00e9lectriques pour les condensateurs. Dans les condensateurs, le BaSnO\u2083 peut am\u00e9liorer la densit\u00e9 de stockage d\u2019\u00e9nergie du condensateur et la vitesse de charge\/d\u00e9charge, afin de r\u00e9pondre \u00e0 la demande de condensateurs haute performance dans les appareils \u00e9lectroniques.<\/p>\n","protected":false},"excerpt":{"rendered":"<p>La cible BaSnO\u2083 est une cible importante de mat\u00e9riau inorganique.<\/p>\n<p>Champ des semi-conducteurs : Oxyde d\u2019\u00e9tain et de baryum peut \u00eatre utilis\u00e9 pour pr\u00e9parer des dispositifs \u00e0 semi-conducteurs tels que des transistors \u00e0 couche mince et des transistors \u00e0 effet de champ. Gr\u00e2ce \u00e0 sa conductivit\u00e9 \u00e9lev\u00e9e et \u00e0 ses bonnes propri\u00e9t\u00e9s de semi-conducteur, les performances et la stabilit\u00e9 du dispositif peuvent \u00eatre am\u00e9lior\u00e9es.<\/p>\n<p>Champ optique : En raison de ses bonnes propri\u00e9t\u00e9s optiques, Oxyde d\u2019\u00e9tain et de baryum peut \u00eatre utilis\u00e9 pour pr\u00e9parer des dispositifs optiques, tels que des films conducteurs transparents, des lasers et des photod\u00e9tecteurs.<\/p>\n<p>&nbsp;<\/p>\n","protected":false},"featured_media":1032829,"comment_status":"open","ping_status":"closed","template":"","meta":{"_acf_changed":false},"product_brand":[],"product_cat":[235],"product_tag":[],"class_list":{"0":"post-1024070","1":"product","2":"type-product","3":"status-publish","4":"has-post-thumbnail","6":"product_cat-cibles-de-pulverisation-planaire","8":"first","9":"instock","10":"shipping-taxable","11":"product-type-variable"},"acf":[],"_links":{"self":[{"href":"https:\/\/vimaterial.de\/fr\/wp-json\/wp\/v2\/product\/1024070","targetHints":{"allow":["GET"]}}],"collection":[{"href":"https:\/\/vimaterial.de\/fr\/wp-json\/wp\/v2\/product"}],"about":[{"href":"https:\/\/vimaterial.de\/fr\/wp-json\/wp\/v2\/types\/product"}],"replies":[{"embeddable":true,"href":"https:\/\/vimaterial.de\/fr\/wp-json\/wp\/v2\/comments?post=1024070"}],"wp:featuredmedia":[{"embeddable":true,"href":"https:\/\/vimaterial.de\/fr\/wp-json\/wp\/v2\/media\/1032829"}],"wp:attachment":[{"href":"https:\/\/vimaterial.de\/fr\/wp-json\/wp\/v2\/media?parent=1024070"}],"wp:term":[{"taxonomy":"product_brand","embeddable":true,"href":"https:\/\/vimaterial.de\/fr\/wp-json\/wp\/v2\/product_brand?post=1024070"},{"taxonomy":"product_cat","embeddable":true,"href":"https:\/\/vimaterial.de\/fr\/wp-json\/wp\/v2\/product_cat?post=1024070"},{"taxonomy":"product_tag","embeddable":true,"href":"https:\/\/vimaterial.de\/fr\/wp-json\/wp\/v2\/product_tag?post=1024070"}],"curies":[{"name":"wp","href":"https:\/\/api.w.org\/{rel}","templated":true}]}}