{"id":1024056,"date":"2024-06-17T15:44:10","date_gmt":"2024-06-17T07:44:10","guid":{"rendered":"https:\/\/vimaterial.de\/product\/titanate-de-baryum-et-de-strontium-2\/"},"modified":"2024-10-29T16:33:52","modified_gmt":"2024-10-29T08:33:52","slug":"titanate-de-baryum-et-de-strontium-2","status":"publish","type":"product","link":"https:\/\/vimaterial.de\/fr\/product\/titanate-de-baryum-et-de-strontium-2\/","title":{"rendered":"Titanate de baryum et de strontium"},"content":{"rendered":"<p>La cible de titanate de baryum et de strontium est une cible c\u00e9ramique importante.<\/p>\n<h3>Informations de base :<\/h3>\n<p>Formule chimique : BaSrTiO3, compos\u00e9 de quatre \u00e9l\u00e9ments : le baryum (Ba), le strontium (Sr), le titane (Ti) et l\u2019oxyg\u00e8ne (O).<\/p>\n<p>Aspect : G\u00e9n\u00e9ralement gris ou masse solide noire.<\/p>\n<p>Densit\u00e9 : environ 4,91 g\/cm\u00b3.<\/p>\n<p>Structure cristalline : avec structure cristalline de type minerai de calcite-titane.<\/p>\n<p>Densit\u00e9 : environ 4,91 g\/cm\u00b3.<\/p>\n<h3>Domaine d\u2019application :<\/h3>\n<p>Le titanate de baryum et de strontium peut \u00eatre utilis\u00e9 pour pr\u00e9parer des couches minces dans divers appareils \u00e9lectroniques, comme utilis\u00e9 comme mat\u00e9riau di\u00e9lectrique pour les condensateurs de la m\u00e9moire vive dynamique (DRAM) afin d\u2019am\u00e9liorer la capacit\u00e9 de stockage et les performances.<\/p>\n<p>Champ optique\u00a0: il existe des applications dans le rev\u00eatement optique, peut \u00eatre d\u00e9pos\u00e9 sur le substrat par pulv\u00e9risation BaSrTiO3 film cible pour la pr\u00e9paration de film antireflet pour lentilles optiques, film d\u2019am\u00e9lioration de la transmittance, etc., pour am\u00e9liorer les performances des dispositifs optiques.<\/p>\n<p>Champ du capteur : En raison de ses propri\u00e9t\u00e9s ferro\u00e9lectriques et de sa r\u00e9ponse sensible aux changements environnementaux, il peut \u00eatre utilis\u00e9 pour fabriquer des capteurs sensibles \u00e0 la pression, des capteurs sensibles \u00e0 l\u2019humidit\u00e9, etc.<\/p>\n","protected":false},"excerpt":{"rendered":"<p>La cible de titanate de baryum et de strontium est une cible c\u00e9ramique importante.<\/p>\n<p>Le titanate de baryum et de strontium peut \u00eatre utilis\u00e9 pour pr\u00e9parer des couches minces dans divers appareils \u00e9lectroniques, comme utilis\u00e9 comme mat\u00e9riau di\u00e9lectrique pour les condensateurs de la m\u00e9moire vive dynamique (DRAM) afin d\u2019am\u00e9liorer la capacit\u00e9 de stockage et les performances.<\/p>\n<p>Champ optique\u00a0: il existe des applications dans le rev\u00eatement optique, peut \u00eatre d\u00e9pos\u00e9 sur le substrat par pulv\u00e9risation BaSrTiO3 film cible pour la pr\u00e9paration de film antireflet pour lentilles optiques, film d\u2019am\u00e9lioration de la transmittance, etc., pour am\u00e9liorer les performances des dispositifs optiques.<\/p>\n","protected":false},"featured_media":1032844,"comment_status":"open","ping_status":"closed","template":"","meta":{"_acf_changed":false},"product_brand":[],"product_cat":[235],"product_tag":[],"class_list":{"0":"post-1024056","1":"product","2":"type-product","3":"status-publish","4":"has-post-thumbnail","6":"product_cat-cibles-de-pulverisation-planaire","8":"first","9":"instock","10":"shipping-taxable","11":"product-type-variable"},"acf":[],"_links":{"self":[{"href":"https:\/\/vimaterial.de\/fr\/wp-json\/wp\/v2\/product\/1024056","targetHints":{"allow":["GET"]}}],"collection":[{"href":"https:\/\/vimaterial.de\/fr\/wp-json\/wp\/v2\/product"}],"about":[{"href":"https:\/\/vimaterial.de\/fr\/wp-json\/wp\/v2\/types\/product"}],"replies":[{"embeddable":true,"href":"https:\/\/vimaterial.de\/fr\/wp-json\/wp\/v2\/comments?post=1024056"}],"wp:featuredmedia":[{"embeddable":true,"href":"https:\/\/vimaterial.de\/fr\/wp-json\/wp\/v2\/media\/1032844"}],"wp:attachment":[{"href":"https:\/\/vimaterial.de\/fr\/wp-json\/wp\/v2\/media?parent=1024056"}],"wp:term":[{"taxonomy":"product_brand","embeddable":true,"href":"https:\/\/vimaterial.de\/fr\/wp-json\/wp\/v2\/product_brand?post=1024056"},{"taxonomy":"product_cat","embeddable":true,"href":"https:\/\/vimaterial.de\/fr\/wp-json\/wp\/v2\/product_cat?post=1024056"},{"taxonomy":"product_tag","embeddable":true,"href":"https:\/\/vimaterial.de\/fr\/wp-json\/wp\/v2\/product_tag?post=1024056"}],"curies":[{"name":"wp","href":"https:\/\/api.w.org\/{rel}","templated":true}]}}