{"id":1024012,"date":"2024-06-17T15:44:10","date_gmt":"2024-06-17T07:44:10","guid":{"rendered":"https:\/\/vimaterial.de\/product\/titanate-de-baryum-oxyde-de-baryum-et-de-titane-3\/"},"modified":"2024-10-30T09:46:25","modified_gmt":"2024-10-30T01:46:25","slug":"titanate-de-baryum-oxyde-de-baryum-et-de-titane-3","status":"publish","type":"product","link":"https:\/\/vimaterial.de\/fr\/product\/titanate-de-baryum-oxyde-de-baryum-et-de-titane-3\/","title":{"rendered":"Titanate de baryum (oxyde de titane de baryum)"},"content":{"rendered":"<p>Les particules de BaTiO\u2083 sont un mat\u00e9riau inorganique fonctionnel important avec de nombreuses propri\u00e9t\u00e9s uniques et un large \u00e9ventail d\u2019applications.<\/p>\n<p>Informations de base\u00a0:<\/p>\n<p>Formule chimique\u00a0: BaTiO\u2083, compos\u00e9 de trois \u00e9l\u00e9ments\u00a0: baryum (Ba), titane (Ti) et oxyg\u00e8ne (O).<br \/>\nApparence\u00a0: g\u00e9n\u00e9ralement de la poudre blanche.<br \/>\nStructure cristalline : Le BaTiO\u2083 a une structure cristalline de type calcite.<br \/>\nDensit\u00e9\u00a0: La densit\u00e9 relative est grande, la valeur sp\u00e9cifique variera en fonction de la m\u00e9thode de pr\u00e9paration et de la structure de la phase cristalline.<br \/>\nStabilit\u00e9 thermique : bonne stabilit\u00e9 thermique dans une certaine plage de temp\u00e9rature, mais peut subir des modifications structurelles ou une d\u00e9composition \u00e0 des temp\u00e9ratures \u00e9lev\u00e9es.<\/p>\n<p>Domaine d\u2019application :<\/p>\n<p>C\u00e9ramiques \u00e9lectroniques : oxyde de titane de baryum est un mat\u00e9riau important dans le domaine des c\u00e9ramiques \u00e9lectroniques et peut \u00eatre utilis\u00e9 pour pr\u00e9parer des composants \u00e9lectroniques tels que des condensateurs c\u00e9ramiques multicouches (MLCC), des thermistances \u00e0 coefficient de temp\u00e9rature positif (PTC) et des varistances.<\/p>\n<p>Capteurs : En utilisant sa ferro\u00e9lectricit\u00e9 et sa pi\u00e9zo\u00e9lectricit\u00e9, oxyde de titane de baryum peut \u00eatre utilis\u00e9 pour fabriquer une vari\u00e9t\u00e9 de pi\u00e8ces de capteurs tels que des capteurs de pression, des capteurs de temp\u00e9rature et des capteurs d\u2019acc\u00e9l\u00e9ration.<\/p>\n<p>Dispositifs optiques : dans le domaine optique, il peut \u00eatre utilis\u00e9 pour pr\u00e9parer des dispositifs de modulation optique, des dispositifs de communication par fibre optique, des commutateurs optiques, etc.<\/p>\n<p>Biom\u00e9dical : Avec une bonne biocompatibilit\u00e9, il peut \u00eatre utilis\u00e9 dans des domaines biom\u00e9dicaux tels que la bio-imagerie, l\u2019administration de m\u00e9dicaments, l\u2019ing\u00e9nierie tissulaire, etc.<\/p>\n","protected":false},"excerpt":{"rendered":"<p>Les particules de BaTiO\u2083 sont un mat\u00e9riau inorganique fonctionnel important avec de nombreuses propri\u00e9t\u00e9s uniques et un large \u00e9ventail d\u2019applications.<\/p>\n<p>C\u00e9ramiques \u00e9lectroniques :oxyde de titane de baryum est un mat\u00e9riau important dans le domaine des c\u00e9ramiques \u00e9lectroniques et peut \u00eatre utilis\u00e9 pour pr\u00e9parer des composants \u00e9lectroniques tels que des condensateurs c\u00e9ramiques multicouches (MLCC), des thermistances \u00e0 coefficient de temp\u00e9rature positif (PTC) et des varistances.<\/p>\n<p>Capteurs : En utilisant sa ferro\u00e9lectricit\u00e9 et sa pi\u00e9zo\u00e9lectricit\u00e9, oxyde de titane de baryum peut \u00eatre utilis\u00e9 pour fabriquer une vari\u00e9t\u00e9 de pi\u00e8ces de capteurs tels que des capteurs de pression, des capteurs de temp\u00e9rature et des capteurs d\u2019acc\u00e9l\u00e9ration.<\/p>\n","protected":false},"featured_media":1032849,"comment_status":"open","ping_status":"closed","template":"","meta":{"_acf_changed":false},"product_brand":[],"product_cat":[236],"product_tag":[],"class_list":{"0":"post-1024012","1":"product","2":"type-product","3":"status-publish","4":"has-post-thumbnail","6":"product_cat-materiaux-devaporation","8":"first","9":"instock","10":"shipping-taxable","11":"purchasable","12":"product-type-variable"},"acf":[],"_links":{"self":[{"href":"https:\/\/vimaterial.de\/fr\/wp-json\/wp\/v2\/product\/1024012","targetHints":{"allow":["GET"]}}],"collection":[{"href":"https:\/\/vimaterial.de\/fr\/wp-json\/wp\/v2\/product"}],"about":[{"href":"https:\/\/vimaterial.de\/fr\/wp-json\/wp\/v2\/types\/product"}],"replies":[{"embeddable":true,"href":"https:\/\/vimaterial.de\/fr\/wp-json\/wp\/v2\/comments?post=1024012"}],"wp:featuredmedia":[{"embeddable":true,"href":"https:\/\/vimaterial.de\/fr\/wp-json\/wp\/v2\/media\/1032849"}],"wp:attachment":[{"href":"https:\/\/vimaterial.de\/fr\/wp-json\/wp\/v2\/media?parent=1024012"}],"wp:term":[{"taxonomy":"product_brand","embeddable":true,"href":"https:\/\/vimaterial.de\/fr\/wp-json\/wp\/v2\/product_brand?post=1024012"},{"taxonomy":"product_cat","embeddable":true,"href":"https:\/\/vimaterial.de\/fr\/wp-json\/wp\/v2\/product_cat?post=1024012"},{"taxonomy":"product_tag","embeddable":true,"href":"https:\/\/vimaterial.de\/fr\/wp-json\/wp\/v2\/product_tag?post=1024012"}],"curies":[{"name":"wp","href":"https:\/\/api.w.org\/{rel}","templated":true}]}}