{"id":1023986,"date":"2024-06-17T15:44:11","date_gmt":"2024-06-17T07:44:11","guid":{"rendered":"https:\/\/vimaterial.de\/product\/titanate-de-baryum-oxyde-de-baryum-et-de-titane-2\/"},"modified":"2024-10-29T15:52:20","modified_gmt":"2024-10-29T07:52:20","slug":"titanate-de-baryum-oxyde-de-baryum-et-de-titane-2","status":"publish","type":"product","link":"https:\/\/vimaterial.de\/fr\/product\/titanate-de-baryum-oxyde-de-baryum-et-de-titane-2\/","title":{"rendered":"Titanate de baryum (oxyde de titane de baryum)"},"content":{"rendered":"<p>La cible Oxyde de baryum et de titane est une cible importante en c\u00e9ramique d\u2019oxyde.<\/p>\n<h3>Informations de base :<\/h3>\n<p>Formule chimique : BaTiO3, compos\u00e9 de trois \u00e9l\u00e9ments : le baryum (Ba), le titane (Ti) et l\u2019oxyg\u00e8ne (O).<\/p>\n<p>N\u00b0 CAS : 12047-27-7.<\/p>\n<p>Poids mol\u00e9culaire : 233,1922.<\/p>\n<p>Aspect : G\u00e9n\u00e9ralement des masses solides grises ou noires.<\/p>\n<p>Densit\u00e9 : relativement \u00e9lev\u00e9e, ce qui permet \u00e0 la cible de maintenir une bonne stabilit\u00e9 dans le processus de pulv\u00e9risation.<\/p>\n<p>Point de fusion : environ 1625\u00b0C.<\/p>\n<p>Structure cristalline : A une structure cristalline de type chalcog\u00e9nure.<\/p>\n<h3>Domaines d\u2019application<\/h3>\n<p>\u00c9lectronique\u00a0: L\u2019oxyde de baryum et de titane peut \u00eatre utilis\u00e9 pour pr\u00e9parer des films minces pour divers appareils \u00e9lectroniques, tels que la m\u00e9moire ferro\u00e9lectrique (FeRAM), qui utilise ses propri\u00e9t\u00e9s ferro\u00e9lectriques pour stocker des informations.<\/p>\n<p>Champ optique\u00a0: Il a des applications dans le rev\u00eatement optique et peut \u00eatre utilis\u00e9 pour d\u00e9poser des films minces sur le substrat en pulv\u00e9risant des cibles BaTiO3, qui sont utilis\u00e9es pour pr\u00e9parer des films antireflets et des films d\u2019am\u00e9lioration de la transparence pour les lentilles optiques, etc., afin d\u2019am\u00e9liorer les performances des dispositifs optiques.<\/p>\n<p>Domaine des semi-conducteurs\u00a0: L\u2019oxyde de baryum et de titane peut \u00eatre utilis\u00e9 dans la fabrication de dispositifs \u00e0 semi-conducteurs, tels que dans la couche isolante des puces semi-conductrices, la couche de passivation, etc. Il y a des applications potentielles.<\/p>\n","protected":false},"excerpt":{"rendered":"<p>La cible Oxyde de baryum et de titane est une cible importante en c\u00e9ramique d\u2019oxyde.<\/p>\n<p>\u00c9lectronique : Peut \u00eatre utilis\u00e9 pour pr\u00e9parer des films minces pour divers appareils \u00e9lectroniques, tels que la m\u00e9moire ferro\u00e9lectrique (FeRAM), qui utilise ses propri\u00e9t\u00e9s ferro\u00e9lectriques pour stocker des informations.<\/p>\n<p>Champ optique\u00a0: Il a des applications dans le rev\u00eatement optique et peut \u00eatre utilis\u00e9 pour d\u00e9poser des films minces sur le substrat en pulv\u00e9risant des cibles BaTiO3, qui sont utilis\u00e9es pour pr\u00e9parer des films antireflets et des films d\u2019am\u00e9lioration de la transparence pour les lentilles optiques, etc., afin d\u2019am\u00e9liorer les performances des dispositifs optiques.<\/p>\n","protected":false},"featured_media":1042846,"comment_status":"open","ping_status":"closed","template":"","meta":{"_acf_changed":false},"product_brand":[],"product_cat":[235],"product_tag":[],"class_list":{"0":"post-1023986","1":"product","2":"type-product","3":"status-publish","4":"has-post-thumbnail","6":"product_cat-cibles-de-pulverisation-planaire","8":"first","9":"instock","10":"shipping-taxable","11":"product-type-variable"},"acf":[],"_links":{"self":[{"href":"https:\/\/vimaterial.de\/fr\/wp-json\/wp\/v2\/product\/1023986","targetHints":{"allow":["GET"]}}],"collection":[{"href":"https:\/\/vimaterial.de\/fr\/wp-json\/wp\/v2\/product"}],"about":[{"href":"https:\/\/vimaterial.de\/fr\/wp-json\/wp\/v2\/types\/product"}],"replies":[{"embeddable":true,"href":"https:\/\/vimaterial.de\/fr\/wp-json\/wp\/v2\/comments?post=1023986"}],"wp:featuredmedia":[{"embeddable":true,"href":"https:\/\/vimaterial.de\/fr\/wp-json\/wp\/v2\/media\/1042846"}],"wp:attachment":[{"href":"https:\/\/vimaterial.de\/fr\/wp-json\/wp\/v2\/media?parent=1023986"}],"wp:term":[{"taxonomy":"product_brand","embeddable":true,"href":"https:\/\/vimaterial.de\/fr\/wp-json\/wp\/v2\/product_brand?post=1023986"},{"taxonomy":"product_cat","embeddable":true,"href":"https:\/\/vimaterial.de\/fr\/wp-json\/wp\/v2\/product_cat?post=1023986"},{"taxonomy":"product_tag","embeddable":true,"href":"https:\/\/vimaterial.de\/fr\/wp-json\/wp\/v2\/product_tag?post=1023986"}],"curies":[{"name":"wp","href":"https:\/\/api.w.org\/{rel}","templated":true}]}}