{"id":1023968,"date":"2024-06-17T15:44:10","date_gmt":"2024-06-17T07:44:10","guid":{"rendered":"https:\/\/vimaterial.de\/product\/titanate-de-baryum-oxyde-de-baryum-et-de-titane\/"},"modified":"2024-10-30T10:01:57","modified_gmt":"2024-10-30T02:01:57","slug":"titanate-de-baryum-oxyde-de-baryum-et-de-titane","status":"publish","type":"product","link":"https:\/\/vimaterial.de\/fr\/product\/titanate-de-baryum-oxyde-de-baryum-et-de-titane\/","title":{"rendered":"Titanate de baryum (oxyde de titane de baryum)"},"content":{"rendered":"<p>La cible BaTiO3 est une cible c\u00e9ramique d\u2019oxyde importante avec un large \u00e9ventail d\u2019applications.<\/p>\n<h3>Informations de base :<\/h3>\n<p>Formule chimique : BaTiO3, compos\u00e9 de trois \u00e9l\u00e9ments : le baryum (Ba), le titane (Ti) et l\u2019oxyg\u00e8ne (O).<\/p>\n<p>Poids mol\u00e9culaire : 233,1922.<\/p>\n<p>Point de fusion : 1625\u00b0C.<\/p>\n<p>Densit\u00e9 relative : environ 6,017 g\/cm\u00b3.<\/p>\n<p>N\u00b0 CAS : 12047-27-7.<\/p>\n<p>Apparence\u00a0: g\u00e9n\u00e9ralement une cible ronde ou carr\u00e9e solide blanche, l\u2019apparence doit \u00eatre plate, lisse, sans fissures \u00e9videntes, rayures et autres d\u00e9fauts.<\/p>\n<p>Duret\u00e9\u00a0: il a une certaine duret\u00e9, dans le processus de traitement et d\u2019utilisation doivent faire attention \u00e0 \u00e9viter les collisions et les rayures, afin de ne pas affecter les performances et la dur\u00e9e de vie du mat\u00e9riau cible.<\/p>\n<p>Structure cristalline : Le BaTiO3 a une structure cristalline de chalcog\u00e9nure, ce qui conf\u00e8re au BaTiO3 des propri\u00e9t\u00e9s \u00e9lectriques et optiques uniques.<\/p>\n<h3>Domaine d\u2019application :<\/h3>\n<p>Champ \u00e9lectronique : oxyde de titane de baryum peut \u00eatre utilis\u00e9 pour pr\u00e9parer des appareils \u00e9lectroniques tels que des condensateurs, une m\u00e9moire ferro\u00e9lectrique, des transistors \u00e0 effet de champ, etc. Dans les condensateurs, le BaTiO3 peut \u00eatre utilis\u00e9 comme mat\u00e9riau di\u00e9lectrique pour augmenter la densit\u00e9 de stockage d\u2019\u00e9nergie des condensateurs.<\/p>\n<p>Champ optique : oxyde de titane de baryum peut \u00eatre utilis\u00e9 pour pr\u00e9parer des dispositifs de modulation optique, des commutateurs optiques, des guides d\u2019ondes optiques et d\u2019autres dispositifs optiques en raison de sa certaine transmittance dans la gamme de la lumi\u00e8re visible et de son bon effet optique non lin\u00e9aire.<\/p>\n<p>Champ du capteur : En utilisant sa pi\u00e9zo\u00e9lectricit\u00e9 et sa ferro\u00e9lectricit\u00e9, il peut \u00eatre utilis\u00e9 pour fabriquer des capteurs de pression, des capteurs de temp\u00e9rature, des capteurs d\u2019acc\u00e9l\u00e9ration et d\u2019autres types de capteurs, qui peuvent convertir des signaux physiques externes en signaux \u00e9lectriques pour la d\u00e9tection et la mesure.<\/p>\n","protected":false},"excerpt":{"rendered":"<p>La cible BaTiO3 est une cible c\u00e9ramique d\u2019oxyde importante avec un large \u00e9ventail d\u2019applications.<\/p>\n<p>Champ \u00e9lectronique : oxyde de titane de baryum peut \u00eatre utilis\u00e9 pour pr\u00e9parer des appareils \u00e9lectroniques tels que des condensateurs, une m\u00e9moire ferro\u00e9lectrique, des transistors \u00e0 effet de champ, etc. Dans les condensateurs, le BaTiO3 peut \u00eatre utilis\u00e9 comme mat\u00e9riau di\u00e9lectrique pour augmenter la densit\u00e9 de stockage d\u2019\u00e9nergie des condensateurs.<\/p>\n<p>Champ optique : oxyde de titane de baryum peut \u00eatre utilis\u00e9 pour pr\u00e9parer des dispositifs de modulation optique, des commutateurs optiques, des guides d\u2019ondes optiques et d\u2019autres dispositifs optiques en raison de sa certaine transmittance dans la gamme de la lumi\u00e8re visible et de son bon effet optique non lin\u00e9aire.<\/p>\n","protected":false},"featured_media":1032854,"comment_status":"open","ping_status":"closed","template":"","meta":{"_acf_changed":false},"product_brand":[],"product_cat":[244],"product_tag":[],"class_list":{"0":"post-1023968","1":"product","2":"type-product","3":"status-publish","4":"has-post-thumbnail","6":"product_cat-autres-materiaux","8":"first","9":"instock","10":"shipping-taxable","11":"purchasable","12":"product-type-variable"},"acf":[],"_links":{"self":[{"href":"https:\/\/vimaterial.de\/fr\/wp-json\/wp\/v2\/product\/1023968","targetHints":{"allow":["GET"]}}],"collection":[{"href":"https:\/\/vimaterial.de\/fr\/wp-json\/wp\/v2\/product"}],"about":[{"href":"https:\/\/vimaterial.de\/fr\/wp-json\/wp\/v2\/types\/product"}],"replies":[{"embeddable":true,"href":"https:\/\/vimaterial.de\/fr\/wp-json\/wp\/v2\/comments?post=1023968"}],"wp:featuredmedia":[{"embeddable":true,"href":"https:\/\/vimaterial.de\/fr\/wp-json\/wp\/v2\/media\/1032854"}],"wp:attachment":[{"href":"https:\/\/vimaterial.de\/fr\/wp-json\/wp\/v2\/media?parent=1023968"}],"wp:term":[{"taxonomy":"product_brand","embeddable":true,"href":"https:\/\/vimaterial.de\/fr\/wp-json\/wp\/v2\/product_brand?post=1023968"},{"taxonomy":"product_cat","embeddable":true,"href":"https:\/\/vimaterial.de\/fr\/wp-json\/wp\/v2\/product_cat?post=1023968"},{"taxonomy":"product_tag","embeddable":true,"href":"https:\/\/vimaterial.de\/fr\/wp-json\/wp\/v2\/product_tag?post=1023968"}],"curies":[{"name":"wp","href":"https:\/\/api.w.org\/{rel}","templated":true}]}}