{"id":1023944,"date":"2024-06-17T15:47:20","date_gmt":"2024-06-17T07:47:20","guid":{"rendered":"https:\/\/vimaterial.de\/product\/oxyde-de-baryum-et-de-vanadium-2\/"},"modified":"2024-10-29T15:00:34","modified_gmt":"2024-10-29T07:00:34","slug":"oxyde-de-baryum-et-de-vanadium-2","status":"publish","type":"product","link":"https:\/\/vimaterial.de\/fr\/product\/oxyde-de-baryum-et-de-vanadium-2\/","title":{"rendered":"Oxyde de baryum et de vanadium"},"content":{"rendered":"<p>La poudre d\u2019oxyde de baryum et de vanadium est une poudre de compos\u00e9 inorganique importante.<\/p>\n<h3>Informations de base :<\/h3>\n<p>Formule chimique : BaVO\u2083, compos\u00e9 de trois \u00e9l\u00e9ments : le baryum (Ba), le vanadium (V) et l\u2019oxyg\u00e8ne (O).<\/p>\n<p>N\u00b0 CAS : 39416-30-3.<\/p>\n<p>Aspect : g\u00e9n\u00e9ralement poudre blanche ou blanc cass\u00e9.<\/p>\n<p>Structure cristalline : Structure cristalline de calcite.<\/p>\n<p>Taille des particules : La taille des particules de la poudre peut \u00eatre r\u00e9gl\u00e9e en fonction de diff\u00e9rentes m\u00e9thodes de pr\u00e9paration et des exigences d\u2019application.<\/p>\n<p>Stabilit\u00e9 : Il est relativement stable \u00e0 temp\u00e9rature et \u00e0 pression ambiantes, mais peut r\u00e9agir chimiquement dans des conditions sp\u00e9ciales telles qu\u2019une temp\u00e9rature \u00e9lev\u00e9e, un acide fort et un alcali fort.<\/p>\n<h3>Applications<\/h3>\n<p>Mat\u00e9riaux des batteries : Dans les syst\u00e8mes de batteries tels que les batteries lithium-ion, l\u2019oxyde de baryum et de vanadium a un certain potentiel d\u2019application en tant que mat\u00e9riau d\u2019\u00e9lectrode. Sa structure unique et ses propri\u00e9t\u00e9s chimiques peuvent fournir une capacit\u00e9 plus \u00e9lev\u00e9e et de meilleures performances multiplicatrices.<\/p>\n<p>Catalyseur : En raison de la pr\u00e9sence d\u2019\u00e9l\u00e9ment vanadium, la poudre d\u2019oxyde de baryum et de vanadium peut \u00eatre utilis\u00e9e comme catalyseur ou support de catalyseur dans certaines r\u00e9actions catalytiques, telles que dans certaines r\u00e9actions de synth\u00e8se organique, r\u00e9actions d\u2019oxydation, etc.<\/p>\n<p>Mat\u00e9riaux optiques : Dans le domaine de l\u2019optique, la poudre BaVO\u2083 peut \u00eatre utilis\u00e9e pour pr\u00e9parer des films optiques, du verre optique, etc., en utilisant ses propri\u00e9t\u00e9s optiques sp\u00e9ciales pour am\u00e9liorer les propri\u00e9t\u00e9s optiques des mat\u00e9riaux.<\/p>\n<p>Mat\u00e9riaux c\u00e9ramiques : Il peut \u00eatre utilis\u00e9 comme additif pour les mat\u00e9riaux c\u00e9ramiques afin d\u2019am\u00e9liorer les propri\u00e9t\u00e9s des c\u00e9ramiques, telles que l\u2019am\u00e9lioration de la duret\u00e9, de la r\u00e9sistance \u00e0 l\u2019abrasion et de la r\u00e9sistance aux hautes temp\u00e9ratures des c\u00e9ramiques.<\/p>\n","protected":false},"excerpt":{"rendered":"<p>La poudre d\u2019oxyde de baryum et de vanadium est une poudre de compos\u00e9 inorganique importante.<\/p>\n<p>Mat\u00e9riaux des batteries : Dans les syst\u00e8mes de batteries tels que les batteries lithium-ion, l\u2019oxyde de baryum et de vanadium a un certain potentiel d\u2019application en tant que mat\u00e9riau d\u2019\u00e9lectrode. Sa structure unique et ses propri\u00e9t\u00e9s chimiques peuvent fournir une capacit\u00e9 plus \u00e9lev\u00e9e et de meilleures performances multiplicatrices.<\/p>\n<p>Catalyseur : En raison de la pr\u00e9sence d\u2019\u00e9l\u00e9ment vanadium, la poudre BaVO\u2083 peut \u00eatre utilis\u00e9e comme catalyseur ou support de catalyseur dans certaines r\u00e9actions catalytiques, telles que dans certaines r\u00e9actions de synth\u00e8se organique, r\u00e9actions d\u2019oxydation, etc.<\/p>\n<p>&nbsp;<\/p>\n","protected":false},"featured_media":1032869,"comment_status":"open","ping_status":"closed","template":"","meta":{"_acf_changed":false},"product_brand":[],"product_cat":[244],"product_tag":[],"class_list":{"0":"post-1023944","1":"product","2":"type-product","3":"status-publish","4":"has-post-thumbnail","6":"product_cat-autres-materiaux","8":"first","9":"instock","10":"shipping-taxable","11":"product-type-variable"},"acf":[],"_links":{"self":[{"href":"https:\/\/vimaterial.de\/fr\/wp-json\/wp\/v2\/product\/1023944","targetHints":{"allow":["GET"]}}],"collection":[{"href":"https:\/\/vimaterial.de\/fr\/wp-json\/wp\/v2\/product"}],"about":[{"href":"https:\/\/vimaterial.de\/fr\/wp-json\/wp\/v2\/types\/product"}],"replies":[{"embeddable":true,"href":"https:\/\/vimaterial.de\/fr\/wp-json\/wp\/v2\/comments?post=1023944"}],"wp:featuredmedia":[{"embeddable":true,"href":"https:\/\/vimaterial.de\/fr\/wp-json\/wp\/v2\/media\/1032869"}],"wp:attachment":[{"href":"https:\/\/vimaterial.de\/fr\/wp-json\/wp\/v2\/media?parent=1023944"}],"wp:term":[{"taxonomy":"product_brand","embeddable":true,"href":"https:\/\/vimaterial.de\/fr\/wp-json\/wp\/v2\/product_brand?post=1023944"},{"taxonomy":"product_cat","embeddable":true,"href":"https:\/\/vimaterial.de\/fr\/wp-json\/wp\/v2\/product_cat?post=1023944"},{"taxonomy":"product_tag","embeddable":true,"href":"https:\/\/vimaterial.de\/fr\/wp-json\/wp\/v2\/product_tag?post=1023944"}],"curies":[{"name":"wp","href":"https:\/\/api.w.org\/{rel}","templated":true}]}}