{"id":1023940,"date":"2024-06-17T15:47:20","date_gmt":"2024-06-17T07:47:20","guid":{"rendered":"https:\/\/vimaterial.de\/product\/oxyde-de-baryum-titane-etain\/"},"modified":"2024-10-29T14:47:49","modified_gmt":"2024-10-29T06:47:49","slug":"oxyde-de-baryum-titane-etain","status":"publish","type":"product","link":"https:\/\/vimaterial.de\/fr\/product\/oxyde-de-baryum-titane-etain\/","title":{"rendered":"Baryum Titane Oxyde d\u2019\u00e9tain"},"content":{"rendered":"<p>La cible d\u2019oxyde d\u2019\u00e9tain de baryum et de titane est une cible de pulv\u00e9risation avec une composition et des propri\u00e9t\u00e9s sp\u00e9cifiques.<\/p>\n<p>&nbsp;<\/p>\n<p>Composition chimique : Il se compose de quatre \u00e9l\u00e9ments : le baryum (Ba), le titane (Ti), l\u2019\u00e9tain (Sn) et l\u2019oxyg\u00e8ne (O).<\/p>\n<p>Structure cristalline : Il a une structure cristalline de type chalcog\u00e9nure.<\/p>\n<p>Apparence\u00a0: G\u00e9n\u00e9ralement un morceau solide gris ou noir, apr\u00e8s un traitement fin, peut \u00eatre transform\u00e9 en diff\u00e9rentes formes et tailles de cibles.<\/p>\n<p>Densit\u00e9\u00a0: haute densit\u00e9, ce qui permet au mat\u00e9riau cible de maintenir une meilleure stabilit\u00e9 dans le processus de pulv\u00e9risation, de r\u00e9duire les \u00e9claboussures de particules dans le processus de pulv\u00e9risation, afin d\u2019assurer la qualit\u00e9 du film pulv\u00e9ris\u00e9.<\/p>\n<p>Duret\u00e9\u00a0: duret\u00e9 \u00e9lev\u00e9e, peut r\u00e9sister au bombardement ionique dans le processus de pulv\u00e9risation, pas facile \u00e0 d\u00e9former ou \u00e0 endommager, avec une longue dur\u00e9e de vie.<\/p>\n<h3>Domaine d\u2019application :<\/h3>\n<p>Champ \u00e9lectronique : En raison de ses bonnes propri\u00e9t\u00e9s \u00e9lectriques, l\u2019oxyde d\u2019\u00e9tain et de baryum et de titane peut \u00eatre utilis\u00e9 pour pr\u00e9parer des films minces dans des appareils \u00e9lectroniques, tels que dans des dispositifs semi-conducteurs en tant que couche isolante et dans des condensateurs en tant que couche di\u00e9lectrique.<\/p>\n<p>Champ optique\u00a0: Il a certaines applications dans le rev\u00eatement optique et peut \u00eatre utilis\u00e9 pour d\u00e9poser des films minces sur le substrat par pulv\u00e9risation BaTiSnO\u2083 cible, qui peut \u00eatre utilis\u00e9 pour pr\u00e9parer un film antireflet et un film am\u00e9liorant la transmittance pour les lentilles optiques, et am\u00e9liorer les performances des dispositifs optiques.<\/p>\n<p>Champ d\u2019\u00e9nergie : il existe \u00e9galement des applications potentielles dans les cellules solaires, les piles \u00e0 combustible et d\u2019autres dispositifs \u00e9nerg\u00e9tiques.<\/p>\n","protected":false},"excerpt":{"rendered":"<p>La cible d\u2019oxyde d\u2019\u00e9tain de baryum et de titane est une cible de pulv\u00e9risation avec une composition et des propri\u00e9t\u00e9s sp\u00e9cifiques.<\/p>\n<p>Champ \u00e9lectronique : En raison de ses bonnes propri\u00e9t\u00e9s \u00e9lectriques, il peut \u00eatre utilis\u00e9 pour pr\u00e9parer des films minces dans des appareils \u00e9lectroniques, tels que dans les dispositifs semi-conducteurs en tant que couche isolante et dans les condensateurs en tant que couche di\u00e9lectrique.<\/p>\n<p>Champ optique\u00a0: L\u2019oxyde d\u2019\u00e9tain de baryum et de titane a certaines applications dans le rev\u00eatement optique et peut \u00eatre utilis\u00e9 pour d\u00e9poser des films minces sur le substrat en pulv\u00e9risant une cible BaTiSnO\u2083, qui peut \u00eatre utilis\u00e9e pour pr\u00e9parer un film antireflet et un film am\u00e9liorant la transmittance pour les lentilles optiques, et am\u00e9liorer les performances des dispositifs optiques.<\/p>\n","protected":false},"featured_media":1032864,"comment_status":"open","ping_status":"closed","template":"","meta":{"_acf_changed":false},"product_brand":[],"product_cat":[235],"product_tag":[],"class_list":{"0":"post-1023940","1":"product","2":"type-product","3":"status-publish","4":"has-post-thumbnail","6":"product_cat-cibles-de-pulverisation-planaire","8":"first","9":"instock","10":"shipping-taxable","11":"product-type-variable"},"acf":[],"_links":{"self":[{"href":"https:\/\/vimaterial.de\/fr\/wp-json\/wp\/v2\/product\/1023940","targetHints":{"allow":["GET"]}}],"collection":[{"href":"https:\/\/vimaterial.de\/fr\/wp-json\/wp\/v2\/product"}],"about":[{"href":"https:\/\/vimaterial.de\/fr\/wp-json\/wp\/v2\/types\/product"}],"replies":[{"embeddable":true,"href":"https:\/\/vimaterial.de\/fr\/wp-json\/wp\/v2\/comments?post=1023940"}],"wp:featuredmedia":[{"embeddable":true,"href":"https:\/\/vimaterial.de\/fr\/wp-json\/wp\/v2\/media\/1032864"}],"wp:attachment":[{"href":"https:\/\/vimaterial.de\/fr\/wp-json\/wp\/v2\/media?parent=1023940"}],"wp:term":[{"taxonomy":"product_brand","embeddable":true,"href":"https:\/\/vimaterial.de\/fr\/wp-json\/wp\/v2\/product_brand?post=1023940"},{"taxonomy":"product_cat","embeddable":true,"href":"https:\/\/vimaterial.de\/fr\/wp-json\/wp\/v2\/product_cat?post=1023940"},{"taxonomy":"product_tag","embeddable":true,"href":"https:\/\/vimaterial.de\/fr\/wp-json\/wp\/v2\/product_tag?post=1023940"}],"curies":[{"name":"wp","href":"https:\/\/api.w.org\/{rel}","templated":true}]}}