{"id":1023924,"date":"2024-06-17T15:47:20","date_gmt":"2024-06-17T07:47:20","guid":{"rendered":"https:\/\/vimaterial.de\/product\/oxyde-de-baryum-et-de-vanadium\/"},"modified":"2024-10-29T15:17:50","modified_gmt":"2024-10-29T07:17:50","slug":"oxyde-de-baryum-et-de-vanadium","status":"publish","type":"product","link":"https:\/\/vimaterial.de\/fr\/product\/oxyde-de-baryum-et-de-vanadium\/","title":{"rendered":"Oxyde de baryum et de vanadium"},"content":{"rendered":"<p>La cible d\u2019oxyde de baryum et de vanadium est un mat\u00e9riau fonctionnel important.<\/p>\n<h3>Informations de base :<\/h3>\n<p>Composition chimique : Il se compose de trois \u00e9l\u00e9ments : le baryum (Ba), le vanadium (V) et l\u2019oxyg\u00e8ne (O), de formule chimique BaVO\u2083.<\/p>\n<p>N\u00b0 CAS : 39416-30-3.<\/p>\n<p>Puret\u00e9\u00a0: Peut g\u00e9n\u00e9ralement atteindre %-99.99% de haute puret\u00e9, afin de r\u00e9pondre aux exigences de diff\u00e9rents sc\u00e9narios d\u2019application sur les performances du mat\u00e9riau.<\/p>\n<p>Aspect : G\u00e9n\u00e9ralement des masses solides grises ou noires.<\/p>\n<p>Densit\u00e9\u00a0: une densit\u00e9 \u00e9lev\u00e9e, qui permet \u00e0 la cible de maintenir une meilleure stabilit\u00e9 dans le processus de pulv\u00e9risation, de r\u00e9duire le processus de pulv\u00e9risation des \u00e9claboussures de particules, est propice \u00e0 l\u2019am\u00e9lioration de la qualit\u00e9 du film pulv\u00e9ris\u00e9.<\/p>\n<p>Structure cristalline : Il a une structure cristalline de type chalcog\u00e9nure.<\/p>\n<h3>Domaine d\u2019application :<\/h3>\n<p>Domaine \u00e9lectronique : L\u2019oxyde de baryum et de vanadium peut \u00eatre utilis\u00e9 pour pr\u00e9parer des films minces dans les appareils \u00e9lectroniques, tels que les r\u00e9sistances \u00e0 couche mince et les mat\u00e9riaux d\u2019\u00e9lectrode dans les dispositifs \u00e0 semi-conducteurs ; Utilis\u00e9 comme mat\u00e9riaux di\u00e9lectriques dans les condensateurs, ce qui contribue \u00e0 am\u00e9liorer les performances des condensateurs.<\/p>\n<p>Champ optique\u00a0: Il a certaines applications dans le rev\u00eatement optique et peut \u00eatre utilis\u00e9 pour d\u00e9poser un film mince sur le substrat en pulv\u00e9risant une cible BaVO\u2083, qui peut \u00eatre utilis\u00e9e pour pr\u00e9parer un film antireflet et un film am\u00e9liorant la transmittance pour les lentilles optiques, etc., et am\u00e9liorer les performances des dispositifs optiques.<\/p>\n<p>Champ du capteur : En raison de ses propri\u00e9t\u00e9s \u00e9lectriques et physiques particuli\u00e8res, il peut \u00eatre utilis\u00e9 pour pr\u00e9parer une vari\u00e9t\u00e9 de capteurs, tels que des capteurs de gaz, des capteurs d\u2019humidit\u00e9, etc.<\/p>\n","protected":false},"excerpt":{"rendered":"<p>La cible d\u2019oxyde de baryum et de vanadium est un mat\u00e9riau fonctionnel important.<\/p>\n<p>Domaine \u00e9lectronique : L\u2019oxyde de baryum et de vanadium peut \u00eatre utilis\u00e9 pour pr\u00e9parer des films minces dans les appareils \u00e9lectroniques, tels que les r\u00e9sistances \u00e0 couche mince et les mat\u00e9riaux d\u2019\u00e9lectrode dans les dispositifs \u00e0 semi-conducteurs ; Utilis\u00e9 comme mat\u00e9riaux di\u00e9lectriques dans les condensateurs, ce qui contribue \u00e0 am\u00e9liorer les performances des condensateurs.<\/p>\n<p>Champ optique\u00a0: Il a certaines applications dans le rev\u00eatement optique et peut \u00eatre utilis\u00e9 pour d\u00e9poser un film mince sur le substrat en pulv\u00e9risant une cible BaVO\u2083, qui peut \u00eatre utilis\u00e9e pour pr\u00e9parer un film antireflet et un film am\u00e9liorant la transmittance pour les lentilles optiques, etc., et am\u00e9liorer les performances des dispositifs optiques.<\/p>\n","protected":false},"featured_media":1032869,"comment_status":"open","ping_status":"closed","template":"","meta":{"_acf_changed":false},"product_brand":[],"product_cat":[235],"product_tag":[],"class_list":{"0":"post-1023924","1":"product","2":"type-product","3":"status-publish","4":"has-post-thumbnail","6":"product_cat-cibles-de-pulverisation-planaire","8":"first","9":"instock","10":"shipping-taxable","11":"product-type-variable"},"acf":[],"_links":{"self":[{"href":"https:\/\/vimaterial.de\/fr\/wp-json\/wp\/v2\/product\/1023924","targetHints":{"allow":["GET"]}}],"collection":[{"href":"https:\/\/vimaterial.de\/fr\/wp-json\/wp\/v2\/product"}],"about":[{"href":"https:\/\/vimaterial.de\/fr\/wp-json\/wp\/v2\/types\/product"}],"replies":[{"embeddable":true,"href":"https:\/\/vimaterial.de\/fr\/wp-json\/wp\/v2\/comments?post=1023924"}],"wp:featuredmedia":[{"embeddable":true,"href":"https:\/\/vimaterial.de\/fr\/wp-json\/wp\/v2\/media\/1032869"}],"wp:attachment":[{"href":"https:\/\/vimaterial.de\/fr\/wp-json\/wp\/v2\/media?parent=1023924"}],"wp:term":[{"taxonomy":"product_brand","embeddable":true,"href":"https:\/\/vimaterial.de\/fr\/wp-json\/wp\/v2\/product_brand?post=1023924"},{"taxonomy":"product_cat","embeddable":true,"href":"https:\/\/vimaterial.de\/fr\/wp-json\/wp\/v2\/product_cat?post=1023924"},{"taxonomy":"product_tag","embeddable":true,"href":"https:\/\/vimaterial.de\/fr\/wp-json\/wp\/v2\/product_tag?post=1023924"}],"curies":[{"name":"wp","href":"https:\/\/api.w.org\/{rel}","templated":true}]}}