{"id":1023892,"date":"2024-06-17T15:47:21","date_gmt":"2024-06-17T07:47:21","guid":{"rendered":"https:\/\/vimaterial.de\/product\/zirconate-de-baryum-oxyde-de-baryum-et-de-zirconium-2\/"},"modified":"2025-09-03T17:24:16","modified_gmt":"2025-09-03T09:24:16","slug":"zirconate-de-baryum-oxyde-de-baryum-et-de-zirconium-2","status":"publish","type":"product","link":"https:\/\/vimaterial.de\/fr\/product\/zirconate-de-baryum-oxyde-de-baryum-et-de-zirconium-2\/","title":{"rendered":"Zirconate de baryum (oxyde de baryum et de zirconium)"},"content":{"rendered":"<h2><span style=\"font-size: 14pt;\">1. cible de pulv\u00e9risation du zirconate de baryum (BaZrO\u2083) Meta Description<\/span><\/h2>\n<p><span style=\"color: #0000ff;\"><a style=\"color: #0000ff;\" href=\"https:\/\/vimaterial.de\/fr\/search\/?type=name&#038;keyword=Barium+Zirconate\">Cibles de pulv\u00e9risation \u00e0 haute puret\u00e9 en zirconate de baryum<\/a><\/span> (BaZrO\u2083) pour le d\u00e9p\u00f4t de couches minces. Convient pour les c\u00e9ramiques fonctionnelles, les appareils \u00e9lectroniques et les rev\u00eatements optiques. Disponibles en diff\u00e9rentes formes et tailles avec des sp\u00e9cifications personnalis\u00e9es.<\/p>\n<div class=\"n4sEPd\">\n<div class=\"UdTY9 BwTYAc leDWne\" aria-hidden=\"true\" data-location=\"1\"><\/div>\n<\/div>\n<h2><span style=\"font-size: 14pt;\"><strong>2. aper\u00e7u du produit <\/strong><\/span><span style=\"font-size: 14pt;\">cible de pulv\u00e9risation BaZrO\u2083 <\/span><span style=\"font-size: 14pt;\">Cible de pulv\u00e9risation <\/span><\/h2>\n<p>La cible de pulv\u00e9risation du zirconate de baryum (BaZrO\u2083) est un mat\u00e9riau c\u00e9ramique de haute performance principalement utilis\u00e9 pour la fabrication de films minces fonctionnels avanc\u00e9s. Elle pr\u00e9sente une excellente stabilit\u00e9 chimique et thermique, ainsi qu&#8217;une constante di\u00e9lectrique \u00e9lev\u00e9e, et est largement utilis\u00e9e dans les appareils \u00e9lectroniques, les rev\u00eatements optiques, les piles \u00e0 combustible et les capteurs.<\/p>\n<h2><span style=\"font-size: 14pt;\">3. caract\u00e9ristiques principales :<\/span><\/h2>\n<p>Haute puret\u00e9 99,9<\/p>\n<p>Structure uniforme et dense pour une croissance optimis\u00e9e du film<\/p>\n<p>Excellente stabilit\u00e9 thermique et chimique<\/p>\n<p>Convient \u00e0 la pulv\u00e9risation par courant continu (DC) et par radiofr\u00e9quence (RF)<\/p>\n<p>Disponible dans une vari\u00e9t\u00e9 de formes : rondes, carr\u00e9es, et formes personnalis\u00e9es.<\/p>\n<h2><span style=\"font-size: 14pt;\">4. sp\u00e9cifications techniques<\/span><\/h2>\n<table style=\"border-collapse: collapse; width: 68.5832%; height: 136px;\">\n<tbody>\n<tr style=\"height: 24px;\">\n<td style=\"width: 23.1212%; height: 24px; text-align: center;\">Objet<\/td>\n<td style=\"width: 66.5727%; height: 24px; text-align: center;\">Param\u00e8tres<\/td>\n<\/tr>\n<tr style=\"height: 14px;\">\n<td class=\"et1\" style=\"height: 14px; width: 23.1212%; text-align: center;\" width=\"846\" height=\"24\">Formule chimique<\/td>\n<td style=\"width: 66.5727%; height: 14px; text-align: center;\">BaZrO\u2083<\/td>\n<\/tr>\n<tr style=\"height: 14px;\">\n<td class=\"et1\" style=\"height: 14px; width: 23.1212%; text-align: center;\" height=\"24\">Aspect<\/td>\n<td style=\"width: 66.5727%; height: 14px; text-align: center;\">Cible c\u00e9ramique blanche et dense<\/td>\n<\/tr>\n<tr style=\"height: 14px;\">\n<td class=\"et1\" style=\"height: 14px; width: 23.1212%; text-align: center;\" height=\"24\">Puret\u00e9<\/td>\n<td style=\"width: 66.5727%; height: 14px; text-align: center;\">99.9%<\/td>\n<\/tr>\n<tr style=\"height: 14px;\">\n<td class=\"et1\" style=\"height: 14px; width: 23.1212%; text-align: center;\" height=\"24\">Densit\u00e9<\/td>\n<td style=\"width: 66.5727%; height: 14px; text-align: center;\">\u2265 6,0 g\/cm\u00b3<\/td>\n<\/tr>\n<tr style=\"height: 14px;\">\n<td class=\"et1\" style=\"height: 14px; width: 23.1212%; text-align: center;\" height=\"24\">Forme<\/td>\n<td style=\"width: 66.5727%; height: 14px; text-align: center;\">Cibles rondes\/carr\u00e9es\/en forme<\/td>\n<\/tr>\n<tr style=\"height: 14px;\">\n<td class=\"et1\" style=\"height: 14px; width: 23.1212%; text-align: center;\" height=\"24\">M\u00e9thode de pulv\u00e9risation<\/td>\n<td style=\"width: 66.5727%; height: 14px; text-align: center;\">DC &amp; RF<\/td>\n<\/tr>\n<tr style=\"height: 14px;\">\n<td class=\"et1\" style=\"height: 14px; width: 23.1212%; text-align: center;\" height=\"24\">Emballage<\/td>\n<td style=\"width: 66.5727%; height: 14px; text-align: center;\">Sac sous vide r\u00e9sistant \u00e0 l&#8217;humidit\u00e9 + bo\u00eete en bois<\/td>\n<\/tr>\n<tr style=\"height: 14px;\">\n<td class=\"et1\" style=\"height: 14px; width: 23.1212%; text-align: center;\" height=\"24\">Sc\u00e9narios d&#8217;utilisation<\/td>\n<td style=\"width: 66.5727%; height: 14px; text-align: center;\">Films c\u00e9ramiques fonctionnels<br \/>\nCondensateurs<br \/>\nMat\u00e9riaux pour batteries<br \/>\nRev\u00eatements optiques<\/td>\n<\/tr>\n<\/tbody>\n<\/table>\n<h2><span style=\"font-size: 14pt;\">5.Demandes<\/span><\/h2>\n<p>Films c\u00e9ramiques fonctionnels<\/p>\n<p>Condensateurs \u00e0 haute constante di\u00e9lectrique<\/p>\n<p>Mat\u00e9riaux supraconducteurs et mat\u00e9riaux pour piles \u00e0 combustible<\/p>\n<p>Rev\u00eatements et capteurs optiques<\/p>\n<p>Micro\u00e9lectronique et dispositifs MEMS<\/p>\n<h2><span style=\"font-size: 14pt;\">6. pourquoi choisir nos cibles de pulv\u00e9risation BaZrO\u2083 ?<\/span><\/h2>\n<p>Mat\u00e9riaux de haute puret\u00e9 : Utilisation de mati\u00e8res premi\u00e8res de haute puret\u00e9 pour r\u00e9duire les impuret\u00e9s et am\u00e9liorer la qualit\u00e9 du film.<\/p>\n<p>Traitement de pr\u00e9cision : Des proc\u00e9d\u00e9s avanc\u00e9s de pressage isostatique et de frittage \u00e0 haute temp\u00e9rature garantissent des cibles denses et uniformes.<\/p>\n<p>Plusieurs sp\u00e9cifications sont disponibles : Des tailles et des formes personnalis\u00e9es sont disponibles pour r\u00e9pondre aux besoins des laboratoires et de l&#8217;industrie.<\/p>\n<p>Assistance technique professionnelle : Fournit des conseils sur l&#8217;optimisation des param\u00e8tres du processus de pulv\u00e9risation afin d&#8217;am\u00e9liorer les performances du film.<\/p>\n<p>Exp\u00e9dition mondiale : Un emballage s\u00e9curis\u00e9 assure la protection du produit pendant le transport.<\/p>\n<h2><span style=\"font-size: 14pt;\">7. conseils pour la pulv\u00e9risation cathodique<\/span><\/h2>\n<p>Pr\u00e9traitement : Avant l&#8217;utilisation, il est recommand\u00e9 de nettoyer la surface cible afin d&#8217;\u00e9liminer la poussi\u00e8re et les contaminants.<\/p>\n<p>Stockage : Conserver dans un environnement sec, en \u00e9vitant l&#8217;humidit\u00e9 et les environnements acides.<\/p>\n<h2><span style=\"font-size: 14pt;\">8. Emballage et exp\u00e9dition<\/span><\/h2>\n<p>Les cibles sont emball\u00e9es dans un emballage r\u00e9sistant \u00e0 l&#8217;humidit\u00e9.<\/p>\n<p>Sacs individuels sous vide et bo\u00eetes en bois r\u00e9sistantes aux chocs.<\/p>\n<p>Des emballages d&#8217;exportation personnalis\u00e9s sont disponibles sur demande.<\/p>\n<h2><span style=\"font-size: 14pt;\">9. autres produits connexes<\/span><\/h2>\n<p><span style=\"color: #0000ff;\"><a style=\"color: #0000ff;\" href=\"https:\/\/vimaterial.de\/fr\/product\/zirconate-de-baryum-oxyde-de-baryum-et-de-zirconium\/\">Poudre de zirconate de baryum<\/a> <span style=\"color: #000000;\"><span style=\"color: #0000ff;\"><a style=\"color: #0000ff;\" href=\"https:\/\/vimaterial.de\/fr\/product\/oxyde-de-baryum\/\">Oxyde de baryum<\/a><\/span> <span style=\"color: #0000ff;\"><a style=\"color: #0000ff;\" href=\"https:\/\/vimaterial.de\/fr\/product\/fluorure-darium\/\">Fluorure de baryum<\/a> <a style=\"color: #0000ff;\" href=\"https:\/\/vimaterial.de\/fr\/product\/oxyde-de-baryum-et-de-vanadium\/\">Oxyde de baryum et de vanadium<\/a><\/span><\/span><\/span><\/p>\n","protected":false},"excerpt":{"rendered":"<p>Cibles de pulv\u00e9risation de zirconate de baryum (BaZrO\u2083) de haute puret\u00e9 pour le d\u00e9p\u00f4t de films minces avanc\u00e9s. Convient aux c\u00e9ramiques fonctionnelles, aux appareils \u00e9lectroniques et aux rev\u00eatements optiques. Les cibles de pulv\u00e9risation au zirconate de baryum (BaZrO\u2083) sont des mat\u00e9riaux c\u00e9ramiques de haute performance principalement utilis\u00e9s pour la fabrication de couches minces fonctionnelles avanc\u00e9es. Il pr\u00e9sente une excellente stabilit\u00e9 chimique et thermique, ainsi qu&#8217;une constante di\u00e9lectrique \u00e9lev\u00e9e, et est largement utilis\u00e9 dans les appareils \u00e9lectroniques, les rev\u00eatements optiques, les piles \u00e0 combustible et les capteurs.<\/p>\n","protected":false},"featured_media":1032879,"comment_status":"open","ping_status":"closed","template":"","meta":{"_acf_changed":false},"product_brand":[],"product_cat":[235],"product_tag":[],"class_list":{"0":"post-1023892","1":"product","2":"type-product","3":"status-publish","4":"has-post-thumbnail","6":"product_cat-cibles-de-pulverisation-planaire","8":"first","9":"instock","10":"shipping-taxable","11":"product-type-variable"},"acf":[],"_links":{"self":[{"href":"https:\/\/vimaterial.de\/fr\/wp-json\/wp\/v2\/product\/1023892","targetHints":{"allow":["GET"]}}],"collection":[{"href":"https:\/\/vimaterial.de\/fr\/wp-json\/wp\/v2\/product"}],"about":[{"href":"https:\/\/vimaterial.de\/fr\/wp-json\/wp\/v2\/types\/product"}],"replies":[{"embeddable":true,"href":"https:\/\/vimaterial.de\/fr\/wp-json\/wp\/v2\/comments?post=1023892"}],"wp:featuredmedia":[{"embeddable":true,"href":"https:\/\/vimaterial.de\/fr\/wp-json\/wp\/v2\/media\/1032879"}],"wp:attachment":[{"href":"https:\/\/vimaterial.de\/fr\/wp-json\/wp\/v2\/media?parent=1023892"}],"wp:term":[{"taxonomy":"product_brand","embeddable":true,"href":"https:\/\/vimaterial.de\/fr\/wp-json\/wp\/v2\/product_brand?post=1023892"},{"taxonomy":"product_cat","embeddable":true,"href":"https:\/\/vimaterial.de\/fr\/wp-json\/wp\/v2\/product_cat?post=1023892"},{"taxonomy":"product_tag","embeddable":true,"href":"https:\/\/vimaterial.de\/fr\/wp-json\/wp\/v2\/product_tag?post=1023892"}],"curies":[{"name":"wp","href":"https:\/\/api.w.org\/{rel}","templated":true}]}}