{"id":1023887,"date":"2024-06-17T15:47:20","date_gmt":"2024-06-17T07:47:20","guid":{"rendered":"https:\/\/vimaterial.de\/product\/zirconate-de-baryum-oxyde-de-baryum-et-de-zirconium\/"},"modified":"2024-10-29T15:30:29","modified_gmt":"2024-10-29T07:30:29","slug":"zirconate-de-baryum-oxyde-de-baryum-et-de-zirconium","status":"publish","type":"product","link":"https:\/\/vimaterial.de\/fr\/product\/zirconate-de-baryum-oxyde-de-baryum-et-de-zirconium\/","title":{"rendered":"Zirconate de baryum (oxyde de zirconium de baryum)"},"content":{"rendered":"<h3>Informations de base :<\/h3>\n<p>Formule chimique : BaZrO\u2083, compos\u00e9 de trois \u00e9l\u00e9ments : le baryum (Ba), le zirconium (Zr) et l\u2019oxyg\u00e8ne (O).<\/p>\n<p>Poids mol\u00e9culaire : 276,55.<\/p>\n<p>N\u00b0 CAS : 12009-21-1.<\/p>\n<p>Apparence\u00a0: G\u00e9n\u00e9ralement blanc cass\u00e9 ou poudre blanc cass\u00e9.<\/p>\n<p>Densit\u00e9 : environ 5,52 g\/cm\u00b3.<\/p>\n<p>Taille des particules : la taille des particules peut \u00eatre r\u00e9gl\u00e9e en fonction de diff\u00e9rentes m\u00e9thodes de pr\u00e9paration et des exigences d\u2019application, avec une vari\u00e9t\u00e9 de sp\u00e9cifications au choix.<\/p>\n<p>Stabilit\u00e9 : Il est relativement stable \u00e0 temp\u00e9rature et \u00e0 pression ambiantes, mais des r\u00e9actions chimiques peuvent se produire dans des conditions particuli\u00e8res telles qu\u2019une temp\u00e9rature \u00e9lev\u00e9e, un acide fort et un alcali fort.<\/p>\n<h3>Domaines d\u2019application :<\/h3>\n<p>Mat\u00e9riaux \u00e9lectroniques : En raison de ses bonnes propri\u00e9t\u00e9s di\u00e9lectriques, l\u2019oxyde de baryum et de zirconium peut \u00eatre utilis\u00e9 dans la fabrication de condensateurs c\u00e9ramiques, de thermistances PTC, de filtres, d\u2019appareils \u00e0 micro-ondes et d\u2019autres composants \u00e9lectroniques.<\/p>\n<p>Piles \u00e0 combustible : Dans les piles \u00e0 combustible \u00e0 membrane proton-c\u00e9ramique, les conducteurs de protons \u00e0 base d\u2019oxyde de baryum et de zirconium sont un mat\u00e9riau \u00e9lectrolytique important avec une stabilit\u00e9 chimique et une conductivit\u00e9 globale \u00e9lev\u00e9es.<\/p>\n<p>Mat\u00e9riau r\u00e9fractaire : L\u2019oxyde de baryum et de zirconium pr\u00e9sente une bonne stabilit\u00e9 m\u00e9canique et structurelle dans un environnement de chaleur extr\u00eame et peut \u00eatre utilis\u00e9 pour pr\u00e9parer des mat\u00e9riaux r\u00e9fractaires et des creusets pour les fours et les fours \u00e0 haute temp\u00e9rature.<\/p>\n<p>Mat\u00e9riaux optiques : dans le domaine de l\u2019optique, il peut \u00eatre utilis\u00e9 pour pr\u00e9parer des films optiques, du verre optique, etc., en utilisant ses propri\u00e9t\u00e9s optiques sp\u00e9ciales pour am\u00e9liorer les propri\u00e9t\u00e9s optiques du mat\u00e9riau.<\/p>\n<p>Additifs pour mat\u00e9riaux c\u00e9ramiques : en tant qu\u2019additifs pour les mat\u00e9riaux c\u00e9ramiques, ils peuvent am\u00e9liorer les propri\u00e9t\u00e9s des c\u00e9ramiques, telles que l\u2019am\u00e9lioration de la duret\u00e9, de la r\u00e9sistance \u00e0 l\u2019usure et de la r\u00e9sistance aux hautes temp\u00e9ratures des c\u00e9ramiques.<\/p>\n","protected":false},"excerpt":{"rendered":"<p>Mat\u00e9riaux \u00e9lectroniques : En raison de ses bonnes propri\u00e9t\u00e9s di\u00e9lectriques, l\u2019oxyde de baryum et de zirconium peut \u00eatre utilis\u00e9 dans la fabrication de condensateurs c\u00e9ramiques, de thermistances PTC, de filtres, d\u2019appareils \u00e0 micro-ondes et d\u2019autres composants \u00e9lectroniques.<\/p>\n<p>Piles \u00e0 combustible : Dans les piles \u00e0 combustible \u00e0 membrane c\u00e9ramique \u00e0 protons, les conducteurs de protons \u00e0 base de BaZrO\u2083 sont un mat\u00e9riau \u00e9lectrolytique important avec une stabilit\u00e9 chimique et une conductivit\u00e9 globale \u00e9lev\u00e9es.<\/p>\n","protected":false},"featured_media":1032874,"comment_status":"open","ping_status":"closed","template":"","meta":{"_acf_changed":false},"product_brand":[],"product_cat":[244],"product_tag":[],"class_list":{"0":"post-1023887","1":"product","2":"type-product","3":"status-publish","4":"has-post-thumbnail","6":"product_cat-autres-materiaux","8":"first","9":"instock","10":"shipping-taxable","11":"purchasable","12":"product-type-variable"},"acf":[],"_links":{"self":[{"href":"https:\/\/vimaterial.de\/fr\/wp-json\/wp\/v2\/product\/1023887","targetHints":{"allow":["GET"]}}],"collection":[{"href":"https:\/\/vimaterial.de\/fr\/wp-json\/wp\/v2\/product"}],"about":[{"href":"https:\/\/vimaterial.de\/fr\/wp-json\/wp\/v2\/types\/product"}],"replies":[{"embeddable":true,"href":"https:\/\/vimaterial.de\/fr\/wp-json\/wp\/v2\/comments?post=1023887"}],"wp:featuredmedia":[{"embeddable":true,"href":"https:\/\/vimaterial.de\/fr\/wp-json\/wp\/v2\/media\/1032874"}],"wp:attachment":[{"href":"https:\/\/vimaterial.de\/fr\/wp-json\/wp\/v2\/media?parent=1023887"}],"wp:term":[{"taxonomy":"product_brand","embeddable":true,"href":"https:\/\/vimaterial.de\/fr\/wp-json\/wp\/v2\/product_brand?post=1023887"},{"taxonomy":"product_cat","embeddable":true,"href":"https:\/\/vimaterial.de\/fr\/wp-json\/wp\/v2\/product_cat?post=1023887"},{"taxonomy":"product_tag","embeddable":true,"href":"https:\/\/vimaterial.de\/fr\/wp-json\/wp\/v2\/product_tag?post=1023887"}],"curies":[{"name":"wp","href":"https:\/\/api.w.org\/{rel}","templated":true}]}}